{"id":10507,"date":"2021-03-24T11:51:52","date_gmt":"2021-03-24T10:51:52","guid":{"rendered":"https:\/\/innovin.fr\/cluster-biocontrole-et-biosolutions\/"},"modified":"2021-08-20T11:53:48","modified_gmt":"2021-08-20T09:53:48","slug":"biocontrol-and-biosolutions-cluster","status":"publish","type":"page","link":"https:\/\/innovin.fr\/en\/biocontrol-and-biosolutions-cluster\/","title":{"rendered":"Biocontrol and biosolutions cluster"},"content":{"rendered":"<p><strong>Le cluster biocontr\u00f4le et biosolutions, cr\u00e9\u00e9 en\u00a0juin 2019 par la r\u00e9gion Nouvelle-Aquitaine, a pour but de f\u00e9d\u00e9rer les organismes priv\u00e9s et publics qui sont impliqu\u00e9s dans les productions, la recherche et l\u2019exp\u00e9rimentation de nouveaux produits de biocontr\u00f4le et de biosolutions, au service d\u2019une agriculture saine et durable.<\/strong><\/p>\n<p>Il s&#8217;inscrit dans une d\u00e9marche engag\u00e9e par la r\u00e9gion\u00a0de r\u00e9duction des pesticides en agriculture, tels que le lancement de diff\u00e9rents appels \u00e0 manifestations d\u2019int\u00e9r\u00eat pour financer des projets d\u2019innovation ou encore, le projet VITIREV qui vise \u00e0 r\u00e9duire l\u2019utilisation des pesticides en viticulture.<\/p>\n<p>Le cluster est anim\u00e9 et pilot\u00e9 par <strong>Inno&#8217;vin, Xylofutur et Agri Sud-Ouest Innovation<\/strong>.<\/p>\n<p>Il regroupe :<\/p>\n<ul>\n<li>des\u00a0<b>industriels du biocontr\u00f4le et des biosolutions<\/b>\u00a0qui souhaitent innover, tester leurs solutions et mieux identifier les processus de mise en march\u00e9<\/li>\n<li>des\u00a0<b>centres techniques agricoles<\/b> <b>animal et v\u00e9g\u00e9tal\u00a0<\/b>qui proposent des services d&#8217;exp\u00e9rimentation<\/li>\n<li>des\u00a0<b>laboratoires<\/b>\u00a0qui souhaitent promouvoir leurs comp\u00e9tences et expertise aupr\u00e8s de la profession<\/li>\n<li>des\u00a0<b>coop\u00e9ratives agricoles et chambres d\u2019agricultures<\/b>\u00a0qui voudraient tester les biosolutions<\/li>\n<\/ul>\n<h2><span style=\"color: #ce1247;\">VOUS SOUHAITEZ REJOINDRE LE CLUSTER ?<\/span><\/h2>\n<p><strong>Vous \u00eates une structure de Nouvelle-Aquitaine et vous \u00eates :<\/strong><\/p>\n<div class=\"card-body\">\n<ul>\n<li>soit\u00a0une\u00a0entreprise qui produit et\/commercialise des produits de biosolutions\u00a0(champignons, bact\u00e9ries, extraits de plantes, microorganismes, insectes, &#8230;) destin\u00e9es \u00e0 l&#8217;agriculture et l&#8217;\u00e9levage,<\/li>\n<li>soit un\u00a0laboratoire de recherche public ou priv\u00e9 sp\u00e9cialis\u00e9\u00a0dans l&#8217;\u00e9valuation des mol\u00e9cules d&#8217;int\u00e9r\u00eat, la formulation des produits, ou encore le proc\u00e9d\u00e9 d&#8217;extraction des mol\u00e9cules,<\/li>\n<li>soit un\u00a0centre technique,\u00a0un\u00a0r\u00e9seau d&#8217;exp\u00e9rimentation\u00a0ou une\u00a0coop\u00e9rative agricole, qui r\u00e9alise des exp\u00e9rimentations de biocontr\u00f4le et de biosolutions en agriculture ou en \u00e9levage ?<\/li>\n<\/ul>\n<h2><span style=\"color: #ce1247;\">RIEN DE PLUS SIMPLE ! <\/span><\/h2>\n<p><strong>Il vous suffit de signer la charte d&#8217;engagement et de la renvoyer au cluster biocontr\u00f4le et biosolutions ! <\/strong>(contacts :\u00a0agathe.olive[a]agrisudouest.com ou contact[a]innovin.fr)<\/p>\n<p>&gt; <a href=\"https:\/\/agrisudouestinnovation.odoo.com\/sign\/document\/820\/8f0463de-3f96-4aee-b33d-69faf4886b77\">T\u00e9l\u00e9charger la charte d&#8217;engagement<\/a><br \/>\n&gt; <a href=\"https:\/\/www.agrisudouest.com\/blog\/actualites-2\/post\/cluster-biocontrole-et-biosolutions-12\">En savoir plus sur le cluster biocontr\u00f4le et biosolutions<\/a><\/p>\n<\/div>\n","protected":false},"excerpt":{"rendered":"<p>Le cluster biocontr\u00f4le et biosolutions, cr\u00e9\u00e9 en\u00a0juin 2019 par la r\u00e9gion Nouvelle-Aquitaine, a pour but de f\u00e9d\u00e9rer les organismes priv\u00e9s et publics qui sont impliqu\u00e9s dans les productions, la recherche [&hellip;]<\/p>\n","protected":false},"author":3700,"featured_media":14305,"parent":0,"menu_order":0,"comment_status":"closed","ping_status":"closed","template":"","meta":{"_acf_changed":false,"footnotes":""},"class_list":["post-10507","page","type-page","status-publish","has-post-thumbnail","hentry"],"acf":[],"yoast_head":"<!-- This site is optimized with the Yoast SEO plugin v26.3 - https:\/\/yoast.com\/wordpress\/plugins\/seo\/ -->\n<title>Biocontrol and biosolutions cluster | INNO&#039;VIN<\/title>\n<meta name=\"robots\" content=\"index, follow, max-snippet:-1, max-image-preview:large, max-video-preview:-1\" \/>\n<link rel=\"canonical\" href=\"https:\/\/innovin.fr\/en\/biocontrol-and-biosolutions-cluster\/\" \/>\n<meta property=\"og:locale\" content=\"en_US\" \/>\n<meta property=\"og:type\" content=\"article\" \/>\n<meta property=\"og:title\" content=\"Biocontrol and biosolutions cluster | INNO&#039;VIN\" \/>\n<meta property=\"og:description\" content=\"Le cluster biocontr\u00f4le et biosolutions, cr\u00e9\u00e9 en\u00a0juin 2019 par la r\u00e9gion Nouvelle-Aquitaine, a pour but de f\u00e9d\u00e9rer les organismes priv\u00e9s et publics qui sont impliqu\u00e9s dans les productions, la recherche [&hellip;]\" \/>\n<meta property=\"og:url\" content=\"https:\/\/innovin.fr\/en\/biocontrol-and-biosolutions-cluster\/\" \/>\n<meta property=\"og:site_name\" content=\"INNO&#039;VIN\" \/>\n<meta property=\"article:modified_time\" content=\"2021-08-20T09:53:48+00:00\" \/>\n<meta property=\"og:image\" content=\"https:\/\/innovin.fr\/wp-content\/uploads\/2021\/08\/Banniere_cluster_biocontrole_EN.png\" \/>\n\t<meta property=\"og:image:width\" content=\"2000\" \/>\n\t<meta property=\"og:image:height\" content=\"350\" \/>\n\t<meta property=\"og:image:type\" content=\"image\/png\" \/>\n<meta name=\"twitter:card\" content=\"summary_large_image\" \/>\n<meta name=\"twitter:label1\" content=\"Est. reading time\" \/>\n\t<meta name=\"twitter:data1\" content=\"2 minutes\" \/>\n<script type=\"application\/ld+json\" class=\"yoast-schema-graph\">{\"@context\":\"https:\/\/schema.org\",\"@graph\":[{\"@type\":\"WebPage\",\"@id\":\"https:\/\/innovin.fr\/en\/biocontrol-and-biosolutions-cluster\/\",\"url\":\"https:\/\/innovin.fr\/en\/biocontrol-and-biosolutions-cluster\/\",\"name\":\"Biocontrol and biosolutions cluster | INNO'VIN\",\"isPartOf\":{\"@id\":\"https:\/\/innovin.fr\/#website\"},\"primaryImageOfPage\":{\"@id\":\"https:\/\/innovin.fr\/en\/biocontrol-and-biosolutions-cluster\/#primaryimage\"},\"image\":{\"@id\":\"https:\/\/innovin.fr\/en\/biocontrol-and-biosolutions-cluster\/#primaryimage\"},\"thumbnailUrl\":\"https:\/\/innovin.fr\/wp-content\/uploads\/2021\/08\/Banniere_cluster_biocontrole_EN.png\",\"datePublished\":\"2021-03-24T10:51:52+00:00\",\"dateModified\":\"2021-08-20T09:53:48+00:00\",\"breadcrumb\":{\"@id\":\"https:\/\/innovin.fr\/en\/biocontrol-and-biosolutions-cluster\/#breadcrumb\"},\"inLanguage\":\"en-US\",\"potentialAction\":[{\"@type\":\"ReadAction\",\"target\":[\"https:\/\/innovin.fr\/en\/biocontrol-and-biosolutions-cluster\/\"]}]},{\"@type\":\"ImageObject\",\"inLanguage\":\"en-US\",\"@id\":\"https:\/\/innovin.fr\/en\/biocontrol-and-biosolutions-cluster\/#primaryimage\",\"url\":\"https:\/\/innovin.fr\/wp-content\/uploads\/2021\/08\/Banniere_cluster_biocontrole_EN.png\",\"contentUrl\":\"https:\/\/innovin.fr\/wp-content\/uploads\/2021\/08\/Banniere_cluster_biocontrole_EN.png\",\"width\":2000,\"height\":350},{\"@type\":\"BreadcrumbList\",\"@id\":\"https:\/\/innovin.fr\/en\/biocontrol-and-biosolutions-cluster\/#breadcrumb\",\"itemListElement\":[{\"@type\":\"ListItem\",\"position\":1,\"name\":\"Accueil\",\"item\":\"https:\/\/innovin.fr\/\"},{\"@type\":\"ListItem\",\"position\":2,\"name\":\"Biocontrol and biosolutions cluster\"}]},{\"@type\":\"WebSite\",\"@id\":\"https:\/\/innovin.fr\/#website\",\"url\":\"https:\/\/innovin.fr\/\",\"name\":\"INNO'VIN\",\"description\":\"Innovation at the service of the wine industry\",\"potentialAction\":[{\"@type\":\"SearchAction\",\"target\":{\"@type\":\"EntryPoint\",\"urlTemplate\":\"https:\/\/innovin.fr\/?s={search_term_string}\"},\"query-input\":{\"@type\":\"PropertyValueSpecification\",\"valueRequired\":true,\"valueName\":\"search_term_string\"}}],\"inLanguage\":\"en-US\"}]}<\/script>\n<!-- \/ Yoast SEO plugin. -->","yoast_head_json":{"title":"Biocontrol and biosolutions cluster | INNO'VIN","robots":{"index":"index","follow":"follow","max-snippet":"max-snippet:-1","max-image-preview":"max-image-preview:large","max-video-preview":"max-video-preview:-1"},"canonical":"https:\/\/innovin.fr\/en\/biocontrol-and-biosolutions-cluster\/","og_locale":"en_US","og_type":"article","og_title":"Biocontrol and biosolutions cluster | INNO'VIN","og_description":"Le cluster biocontr\u00f4le et biosolutions, cr\u00e9\u00e9 en\u00a0juin 2019 par la r\u00e9gion Nouvelle-Aquitaine, a pour but de f\u00e9d\u00e9rer les organismes priv\u00e9s et publics qui sont impliqu\u00e9s dans les productions, la recherche [&hellip;]","og_url":"https:\/\/innovin.fr\/en\/biocontrol-and-biosolutions-cluster\/","og_site_name":"INNO'VIN","article_modified_time":"2021-08-20T09:53:48+00:00","og_image":[{"width":2000,"height":350,"url":"https:\/\/innovin.fr\/wp-content\/uploads\/2021\/08\/Banniere_cluster_biocontrole_EN.png","type":"image\/png"}],"twitter_card":"summary_large_image","twitter_misc":{"Est. reading time":"2 minutes"},"schema":{"@context":"https:\/\/schema.org","@graph":[{"@type":"WebPage","@id":"https:\/\/innovin.fr\/en\/biocontrol-and-biosolutions-cluster\/","url":"https:\/\/innovin.fr\/en\/biocontrol-and-biosolutions-cluster\/","name":"Biocontrol and biosolutions cluster | INNO'VIN","isPartOf":{"@id":"https:\/\/innovin.fr\/#website"},"primaryImageOfPage":{"@id":"https:\/\/innovin.fr\/en\/biocontrol-and-biosolutions-cluster\/#primaryimage"},"image":{"@id":"https:\/\/innovin.fr\/en\/biocontrol-and-biosolutions-cluster\/#primaryimage"},"thumbnailUrl":"https:\/\/innovin.fr\/wp-content\/uploads\/2021\/08\/Banniere_cluster_biocontrole_EN.png","datePublished":"2021-03-24T10:51:52+00:00","dateModified":"2021-08-20T09:53:48+00:00","breadcrumb":{"@id":"https:\/\/innovin.fr\/en\/biocontrol-and-biosolutions-cluster\/#breadcrumb"},"inLanguage":"en-US","potentialAction":[{"@type":"ReadAction","target":["https:\/\/innovin.fr\/en\/biocontrol-and-biosolutions-cluster\/"]}]},{"@type":"ImageObject","inLanguage":"en-US","@id":"https:\/\/innovin.fr\/en\/biocontrol-and-biosolutions-cluster\/#primaryimage","url":"https:\/\/innovin.fr\/wp-content\/uploads\/2021\/08\/Banniere_cluster_biocontrole_EN.png","contentUrl":"https:\/\/innovin.fr\/wp-content\/uploads\/2021\/08\/Banniere_cluster_biocontrole_EN.png","width":2000,"height":350},{"@type":"BreadcrumbList","@id":"https:\/\/innovin.fr\/en\/biocontrol-and-biosolutions-cluster\/#breadcrumb","itemListElement":[{"@type":"ListItem","position":1,"name":"Accueil","item":"https:\/\/innovin.fr\/"},{"@type":"ListItem","position":2,"name":"Biocontrol and biosolutions cluster"}]},{"@type":"WebSite","@id":"https:\/\/innovin.fr\/#website","url":"https:\/\/innovin.fr\/","name":"INNO'VIN","description":"Innovation at the service of the wine industry","potentialAction":[{"@type":"SearchAction","target":{"@type":"EntryPoint","urlTemplate":"https:\/\/innovin.fr\/?s={search_term_string}"},"query-input":{"@type":"PropertyValueSpecification","valueRequired":true,"valueName":"search_term_string"}}],"inLanguage":"en-US"}]}},"_links":{"self":[{"href":"https:\/\/innovin.fr\/en\/wp-json\/wp\/v2\/pages\/10507","targetHints":{"allow":["GET"]}}],"collection":[{"href":"https:\/\/innovin.fr\/en\/wp-json\/wp\/v2\/pages"}],"about":[{"href":"https:\/\/innovin.fr\/en\/wp-json\/wp\/v2\/types\/page"}],"author":[{"embeddable":true,"href":"https:\/\/innovin.fr\/en\/wp-json\/wp\/v2\/users\/3700"}],"replies":[{"embeddable":true,"href":"https:\/\/innovin.fr\/en\/wp-json\/wp\/v2\/comments?post=10507"}],"version-history":[{"count":3,"href":"https:\/\/innovin.fr\/en\/wp-json\/wp\/v2\/pages\/10507\/revisions"}],"predecessor-version":[{"id":14307,"href":"https:\/\/innovin.fr\/en\/wp-json\/wp\/v2\/pages\/10507\/revisions\/14307"}],"wp:featuredmedia":[{"embeddable":true,"href":"https:\/\/innovin.fr\/en\/wp-json\/wp\/v2\/media\/14305"}],"wp:attachment":[{"href":"https:\/\/innovin.fr\/en\/wp-json\/wp\/v2\/media?parent=10507"}],"curies":[{"name":"wp","href":"https:\/\/api.w.org\/{rel}","templated":true}]}}