{"id":10546,"date":"2020-12-31T16:16:27","date_gmt":"2020-12-31T15:16:27","guid":{"rendered":"https:\/\/innovin.fr\/lequipe-en\/claire-moras\/"},"modified":"2021-06-18T15:05:53","modified_gmt":"2021-06-18T13:05:53","slug":"claire-moras","status":"publish","type":"page","link":"https:\/\/innovin.fr\/en\/lequipe-en\/claire-moras\/","title":{"rendered":"Claire Moras"},"content":{"rendered":"<section class=\"kc-elm kc-css-604379 kc_row\"><div class=\"kc-row-container  kc-container\"><div class=\"kc-wrap-columns\"><div class=\"kc-elm kc-css-534819 kc_col-sm-12 kc_column kc_col-sm-12\"><div class=\"kc-col-container\"><div class=\"kc-elm kc_text_block\"><\/p>\n<style type=\"text\/css\">@media only screen and (min-width: 1000px) and (max-width: 5000px){body.kc-css-system .kc-css-2315595{width: 60.17%;}body.kc-css-system .kc-css-3733069{width: 39.82%;}}body.kc-css-system .kc-css-2388434.kc_title,body.kc-css-system .kc-css-2388434 .kc_title,body.kc-css-system .kc-css-2388434 .kc_title a.kc_title_link{color: #ce1247;font-family: Raleway;font-weight: 500;line-height: 0undefined;margin-bottom: -4px;}body.kc-css-system .kc-css-4231317 p{margin-top: 0px;}body.kc-css-system .kc-css-3733069{color: #ffffff;}body.kc-css-system .kc-css-196733{text-align: center;display: block;}body.kc-css-system .kc-css-196733 img{background-color: #ededed;}<\/style>\n<section class=\"kc-elm kc-css-1993658 kc_row\">\n<div class=\"kc-row-container kc-container\">\n<div class=\"kc-wrap-columns\">\n<div class=\"kc-elm kc-css-2315595 kc_col-sm-7 kc_column kc_col-sm-7\">\n<div class=\"kc-col-container\">\n<div class=\"kc-elm kc-css-359794\" style=\"height: 30px; clear: both; width: 100%;\"><\/div>\n<div class=\"kc-elm kc-css-1252053 kc-raw-code\"><a class=\"uk-button\" href=\"https:\/\/innovin.fr\/en\/lequipe-en\/\">Retour \u00e0 l&#8217;\u00e9quipe<\/a><\/div>\n<div class=\"kc-elm kc-css-2963804\" style=\"height: 15px; clear: both; width: 100%;\"><\/div>\n<div class=\"kc-elm kc-css-2388434 kc-title-wrap \">\n<h1 class=\"kc_title\">Claire Moras<\/h1>\n<\/div>\n<div class=\"kc-elm kc-css-4231317 kc_text_block\">\n<h4><i>Charg\u00e9e d&#8217;animation et de communication<\/i><\/h4>\n<p>Dipl\u00f4m\u00e9e d\u2019un Master de Communication scientifique apr\u00e8s des \u00e9tudes en G\u00e9osciences, Claire a travaill\u00e9 dans des centres de culture scientifique \u00e0 l\u2019instar de Cap Sciences et diverses associations de vulgarisation en tant que m\u00e9diatrice, avant de s\u2019orienter vers le journalisme scientifique. Passionn\u00e9e par l\u2019environnement, elle fonde une association d\u2019\u00e9ducation \u00e0 l\u2019environnement sur la r\u00e9gion bordelaise, tout en exer\u00e7ant en parall\u00e8le des missions de communication pour des structures agissant dans le domaine de la valorisation de la recherche, du transfert de technologies et de l\u2019accompagnement de start-up en Nouvelle-Aquitaine. B\u00e9n\u00e9ficiant de 12 ann\u00e9es d\u2019exp\u00e9rience en tant que charg\u00e9e de communication dans le monde de l\u2019innovation, Claire rejoint l\u2019\u00e9quipe d\u2019INNO\u2019VIN en 2020 \u00e0 mi-temps pour assurer la communication du cluster et animer le r\u00e9seau des adh\u00e9rents.<\/p>\n<\/div>\n<\/div>\n<\/div>\n<div class=\"kc-elm kc-css-3733069 kc_col-sm-5 kc_column kc_col-sm-5\">\n<div class=\"kc-col-container\">\n<div class=\"kc-elm kc-css-2661772\" style=\"height: 88px; clear: both; width: 100%;\"><\/div>\n<div class=\"kc-elm kc-css-196733 kc_shortcode kc_single_image\">\n<p><img decoding=\"async\" class=\"\" src=\"https:\/\/innovin.fr\/wp-content\/uploads\/2020\/12\/2020_10_Innovin_Portrait_035.jpeg\" alt=\"\" \/><\/p>\n<\/div>\n<\/div>\n<\/div>\n<\/div>\n<\/div>\n<\/section>\n<p>\n<\/div><\/div><\/div><\/div><\/div><\/section>\n","protected":false},"excerpt":{"rendered":"","protected":false},"author":3700,"featured_media":9931,"parent":9915,"menu_order":0,"comment_status":"closed","ping_status":"closed","template":"layouts\/page-notittle.php","meta":{"_acf_changed":false,"footnotes":""},"class_list":["post-10546","page","type-page","status-publish","has-post-thumbnail","hentry"],"acf":[],"yoast_head":"<!-- This site is optimized with the Yoast SEO plugin v26.3 - https:\/\/yoast.com\/wordpress\/plugins\/seo\/ -->\n<title>Claire Moras | INNO&#039;VIN<\/title>\n<meta name=\"robots\" content=\"index, follow, max-snippet:-1, max-image-preview:large, max-video-preview:-1\" \/>\n<link rel=\"canonical\" href=\"https:\/\/innovin.fr\/en\/lequipe-en\/claire-moras\/\" \/>\n<meta property=\"og:locale\" content=\"en_US\" \/>\n<meta property=\"og:type\" content=\"article\" \/>\n<meta property=\"og:title\" content=\"Claire Moras | INNO&#039;VIN\" \/>\n<meta property=\"og:description\" content=\"Retour \u00e0 l&#8217;\u00e9quipe Claire Moras Charg\u00e9e d&#8217;animation et de communication Dipl\u00f4m\u00e9e d\u2019un Master de Communication scientifique apr\u00e8s des \u00e9tudes en G\u00e9osciences, Claire a travaill\u00e9 dans des centres de culture scientifique [&hellip;]\" \/>\n<meta property=\"og:url\" content=\"https:\/\/innovin.fr\/en\/lequipe-en\/claire-moras\/\" \/>\n<meta property=\"og:site_name\" content=\"INNO&#039;VIN\" \/>\n<meta property=\"article:modified_time\" content=\"2021-06-18T13:05:53+00:00\" \/>\n<meta property=\"og:image\" content=\"https:\/\/innovin.fr\/wp-content\/uploads\/2020\/03\/equipe-cluster.png\" \/>\n\t<meta property=\"og:image:width\" content=\"1000\" \/>\n\t<meta property=\"og:image:height\" content=\"175\" \/>\n\t<meta property=\"og:image:type\" content=\"image\/png\" \/>\n<meta name=\"twitter:card\" content=\"summary_large_image\" \/>\n<meta name=\"twitter:label1\" content=\"Est. reading time\" \/>\n\t<meta name=\"twitter:data1\" content=\"1 minute\" \/>\n<script type=\"application\/ld+json\" class=\"yoast-schema-graph\">{\"@context\":\"https:\/\/schema.org\",\"@graph\":[{\"@type\":\"WebPage\",\"@id\":\"https:\/\/innovin.fr\/en\/lequipe-en\/claire-moras\/\",\"url\":\"https:\/\/innovin.fr\/en\/lequipe-en\/claire-moras\/\",\"name\":\"Claire Moras | INNO'VIN\",\"isPartOf\":{\"@id\":\"https:\/\/innovin.fr\/#website\"},\"primaryImageOfPage\":{\"@id\":\"https:\/\/innovin.fr\/en\/lequipe-en\/claire-moras\/#primaryimage\"},\"image\":{\"@id\":\"https:\/\/innovin.fr\/en\/lequipe-en\/claire-moras\/#primaryimage\"},\"thumbnailUrl\":\"https:\/\/innovin.fr\/wp-content\/uploads\/2020\/03\/equipe-cluster.png\",\"datePublished\":\"2020-12-31T15:16:27+00:00\",\"dateModified\":\"2021-06-18T13:05:53+00:00\",\"breadcrumb\":{\"@id\":\"https:\/\/innovin.fr\/en\/lequipe-en\/claire-moras\/#breadcrumb\"},\"inLanguage\":\"en-US\",\"potentialAction\":[{\"@type\":\"ReadAction\",\"target\":[\"https:\/\/innovin.fr\/en\/lequipe-en\/claire-moras\/\"]}]},{\"@type\":\"ImageObject\",\"inLanguage\":\"en-US\",\"@id\":\"https:\/\/innovin.fr\/en\/lequipe-en\/claire-moras\/#primaryimage\",\"url\":\"https:\/\/innovin.fr\/wp-content\/uploads\/2020\/03\/equipe-cluster.png\",\"contentUrl\":\"https:\/\/innovin.fr\/wp-content\/uploads\/2020\/03\/equipe-cluster.png\",\"width\":1000,\"height\":175},{\"@type\":\"BreadcrumbList\",\"@id\":\"https:\/\/innovin.fr\/en\/lequipe-en\/claire-moras\/#breadcrumb\",\"itemListElement\":[{\"@type\":\"ListItem\",\"position\":1,\"name\":\"Accueil\",\"item\":\"https:\/\/innovin.fr\/\"},{\"@type\":\"ListItem\",\"position\":2,\"name\":\"Team\",\"item\":\"https:\/\/innovin.fr\/en\/lequipe-en\/\"},{\"@type\":\"ListItem\",\"position\":3,\"name\":\"Claire Moras\"}]},{\"@type\":\"WebSite\",\"@id\":\"https:\/\/innovin.fr\/#website\",\"url\":\"https:\/\/innovin.fr\/\",\"name\":\"INNO'VIN\",\"description\":\"Innovation at the service of the wine industry\",\"potentialAction\":[{\"@type\":\"SearchAction\",\"target\":{\"@type\":\"EntryPoint\",\"urlTemplate\":\"https:\/\/innovin.fr\/?s={search_term_string}\"},\"query-input\":{\"@type\":\"PropertyValueSpecification\",\"valueRequired\":true,\"valueName\":\"search_term_string\"}}],\"inLanguage\":\"en-US\"}]}<\/script>\n<!-- \/ Yoast SEO plugin. -->","yoast_head_json":{"title":"Claire Moras | INNO'VIN","robots":{"index":"index","follow":"follow","max-snippet":"max-snippet:-1","max-image-preview":"max-image-preview:large","max-video-preview":"max-video-preview:-1"},"canonical":"https:\/\/innovin.fr\/en\/lequipe-en\/claire-moras\/","og_locale":"en_US","og_type":"article","og_title":"Claire Moras | INNO'VIN","og_description":"Retour \u00e0 l&#8217;\u00e9quipe Claire Moras Charg\u00e9e d&#8217;animation et de communication Dipl\u00f4m\u00e9e d\u2019un Master de Communication scientifique apr\u00e8s des \u00e9tudes en G\u00e9osciences, Claire a travaill\u00e9 dans des centres de culture scientifique [&hellip;]","og_url":"https:\/\/innovin.fr\/en\/lequipe-en\/claire-moras\/","og_site_name":"INNO'VIN","article_modified_time":"2021-06-18T13:05:53+00:00","og_image":[{"width":1000,"height":175,"url":"https:\/\/innovin.fr\/wp-content\/uploads\/2020\/03\/equipe-cluster.png","type":"image\/png"}],"twitter_card":"summary_large_image","twitter_misc":{"Est. reading time":"1 minute"},"schema":{"@context":"https:\/\/schema.org","@graph":[{"@type":"WebPage","@id":"https:\/\/innovin.fr\/en\/lequipe-en\/claire-moras\/","url":"https:\/\/innovin.fr\/en\/lequipe-en\/claire-moras\/","name":"Claire Moras | INNO'VIN","isPartOf":{"@id":"https:\/\/innovin.fr\/#website"},"primaryImageOfPage":{"@id":"https:\/\/innovin.fr\/en\/lequipe-en\/claire-moras\/#primaryimage"},"image":{"@id":"https:\/\/innovin.fr\/en\/lequipe-en\/claire-moras\/#primaryimage"},"thumbnailUrl":"https:\/\/innovin.fr\/wp-content\/uploads\/2020\/03\/equipe-cluster.png","datePublished":"2020-12-31T15:16:27+00:00","dateModified":"2021-06-18T13:05:53+00:00","breadcrumb":{"@id":"https:\/\/innovin.fr\/en\/lequipe-en\/claire-moras\/#breadcrumb"},"inLanguage":"en-US","potentialAction":[{"@type":"ReadAction","target":["https:\/\/innovin.fr\/en\/lequipe-en\/claire-moras\/"]}]},{"@type":"ImageObject","inLanguage":"en-US","@id":"https:\/\/innovin.fr\/en\/lequipe-en\/claire-moras\/#primaryimage","url":"https:\/\/innovin.fr\/wp-content\/uploads\/2020\/03\/equipe-cluster.png","contentUrl":"https:\/\/innovin.fr\/wp-content\/uploads\/2020\/03\/equipe-cluster.png","width":1000,"height":175},{"@type":"BreadcrumbList","@id":"https:\/\/innovin.fr\/en\/lequipe-en\/claire-moras\/#breadcrumb","itemListElement":[{"@type":"ListItem","position":1,"name":"Accueil","item":"https:\/\/innovin.fr\/"},{"@type":"ListItem","position":2,"name":"Team","item":"https:\/\/innovin.fr\/en\/lequipe-en\/"},{"@type":"ListItem","position":3,"name":"Claire Moras"}]},{"@type":"WebSite","@id":"https:\/\/innovin.fr\/#website","url":"https:\/\/innovin.fr\/","name":"INNO'VIN","description":"Innovation at the service of the wine industry","potentialAction":[{"@type":"SearchAction","target":{"@type":"EntryPoint","urlTemplate":"https:\/\/innovin.fr\/?s={search_term_string}"},"query-input":{"@type":"PropertyValueSpecification","valueRequired":true,"valueName":"search_term_string"}}],"inLanguage":"en-US"}]}},"_links":{"self":[{"href":"https:\/\/innovin.fr\/en\/wp-json\/wp\/v2\/pages\/10546","targetHints":{"allow":["GET"]}}],"collection":[{"href":"https:\/\/innovin.fr\/en\/wp-json\/wp\/v2\/pages"}],"about":[{"href":"https:\/\/innovin.fr\/en\/wp-json\/wp\/v2\/types\/page"}],"author":[{"embeddable":true,"href":"https:\/\/innovin.fr\/en\/wp-json\/wp\/v2\/users\/3700"}],"replies":[{"embeddable":true,"href":"https:\/\/innovin.fr\/en\/wp-json\/wp\/v2\/comments?post=10546"}],"version-history":[{"count":1,"href":"https:\/\/innovin.fr\/en\/wp-json\/wp\/v2\/pages\/10546\/revisions"}],"predecessor-version":[{"id":10548,"href":"https:\/\/innovin.fr\/en\/wp-json\/wp\/v2\/pages\/10546\/revisions\/10548"}],"up":[{"embeddable":true,"href":"https:\/\/innovin.fr\/en\/wp-json\/wp\/v2\/pages\/9915"}],"wp:featuredmedia":[{"embeddable":true,"href":"https:\/\/innovin.fr\/en\/wp-json\/wp\/v2\/media\/9931"}],"wp:attachment":[{"href":"https:\/\/innovin.fr\/en\/wp-json\/wp\/v2\/media?parent=10546"}],"curies":[{"name":"wp","href":"https:\/\/api.w.org\/{rel}","templated":true}]}}