{"id":10549,"date":"2020-12-31T16:03:10","date_gmt":"2020-12-31T15:03:10","guid":{"rendered":"https:\/\/innovin.fr\/lequipe-en\/dominique-trione\/"},"modified":"2021-06-18T15:06:02","modified_gmt":"2021-06-18T13:06:02","slug":"dominique-trione","status":"publish","type":"page","link":"https:\/\/innovin.fr\/en\/lequipe-en\/dominique-trione\/","title":{"rendered":"Dominique Trion\u00e9"},"content":{"rendered":"<section class=\"kc-elm kc-css-778068 kc_row\"><div class=\"kc-row-container  kc-container\"><div class=\"kc-wrap-columns\"><div class=\"kc-elm kc-css-286343 kc_col-sm-12 kc_column kc_col-sm-12\"><div class=\"kc-col-container\"><div class=\"kc-elm kc_text_block\"><\/p>\n<style type=\"text\/css\">@media only screen and (min-width: 1000px) and (max-width: 5000px){body.kc-css-system .kc-css-1370267{width: 60.17%;}body.kc-css-system .kc-css-1169421{width: 39.82%;}}body.kc-css-system .kc-css-2462461.kc_title,body.kc-css-system .kc-css-2462461 .kc_title,body.kc-css-system .kc-css-2462461 .kc_title a.kc_title_link{color: #ce1247;font-family: Raleway;font-weight: 500;line-height: 0undefined;margin-bottom: -4px;}body.kc-css-system .kc-css-4259380 p{margin-top: 0px;}body.kc-css-system .kc-css-1169421{color: #ffffff;}body.kc-css-system .kc-css-2791917{text-align: center;display: block;}body.kc-css-system .kc-css-2791917 img{background-color: #ededed;}<\/style>\n<section class=\"kc-elm kc-css-2161103 kc_row\">\n<div class=\"kc-row-container kc-container\">\n<div class=\"kc-wrap-columns\">\n<div class=\"kc-elm kc-css-1370267 kc_col-sm-7 kc_column kc_col-sm-7\">\n<div class=\"kc-col-container\">\n<div class=\"kc-elm kc-css-655747\" style=\"height: 30px; clear: both; width: 100%;\"><\/div>\n<div class=\"kc-elm kc-css-3246992 kc-raw-code\"><a class=\"uk-button\" href=\"https:\/\/innovin.fr\/en\/lequipe-en\/\">Retour \u00e0 l&#8217;\u00e9quipe<\/a><\/div>\n<div class=\"kc-elm kc-css-2837409\" style=\"height: 15px; clear: both; width: 100%;\"><\/div>\n<div class=\"kc-elm kc-css-2462461 kc-title-wrap \">\n<h1 class=\"kc_title\">Dominique Trion\u00e9<\/h1>\n<\/div>\n<div class=\"kc-elm kc-css-4259380 kc_text_block\">\n<h4><i>Pr\u00e9sident du Conseil d&#8217;Administration<\/i><\/h4>\n<p>\u0152nologue et biochimiste, Dominique Trion\u00e9 vit le vin depuis 40 ans dans un contexte international. Tout d\u2019abord dans les ann\u00e9es 70 au sein de la St\u00e9 P\u00e9pin-Gasquet (mat\u00e9riel vinicole et engineering) o\u00f9 il exerce une activit\u00e9 commerciale puis de responsable marketing.<\/p>\n<p>En 1980, il entre dans le Groupe R\u00e9my-Martin comme Directeur Production Vin et assure la responsabilit\u00e9 technique des entreprises vin du groupe notamment en France, en Australie, au Br\u00e9sil et en Chine o\u00f9 il est d\u00e8s 1980 l\u2019un des artisans de la cr\u00e9ation de Dynasty, l\u2019une des 4 principales entreprises vinicoles de Chine aujourd\u2019hui. En 1987 il prendra les fonctions de Responsable marketing\/ventes pour le vin au sein de la Division Internationale.<\/p>\n<p>Fin 1989, il rejoint la soci\u00e9t\u00e9 Laffort, o\u00f9 en tant que Directeur G\u00e9n\u00e9ral aux c\u00f4t\u00e9s de Jean- Fran\u00e7ois Laffort, il participe au d\u00e9veloppement et \u00e0 l\u2019organisation du r\u00e9seau international qui assure aujourd\u2019hui une pr\u00e9sence dans plus de 60 pays.<\/p>\n<p>Consultant depuis 2010, il est conseiller de la direction de Laffort et repr\u00e9sente la soci\u00e9t\u00e9 dans diff\u00e9rentes instances.<\/p>\n<\/div>\n<\/div>\n<\/div>\n<div class=\"kc-elm kc-css-1169421 kc_col-sm-5 kc_column kc_col-sm-5\">\n<div class=\"kc-col-container\">\n<div class=\"kc-elm kc-css-99904\" style=\"height: 88px; clear: both; width: 100%;\"><\/div>\n<div class=\"kc-elm kc-css-2791917 kc_shortcode kc_single_image\">\n<p><img decoding=\"async\" class=\"\" src=\"https:\/\/innovin.fr\/wp-content\/uploads\/2020\/12\/2020_10_Innovin_Portrait_372.jpeg\" alt=\"\" \/><\/p>\n<\/div>\n<\/div>\n<\/div>\n<\/div>\n<\/div>\n<\/section>\n<p>\n<\/div><\/div><\/div><\/div><\/div><\/section>\n","protected":false},"excerpt":{"rendered":"","protected":false},"author":3700,"featured_media":9931,"parent":9915,"menu_order":0,"comment_status":"closed","ping_status":"closed","template":"layouts\/page-notittle.php","meta":{"_acf_changed":false,"footnotes":""},"class_list":["post-10549","page","type-page","status-publish","has-post-thumbnail","hentry"],"acf":[],"yoast_head":"<!-- This site is optimized with the Yoast SEO plugin v26.3 - https:\/\/yoast.com\/wordpress\/plugins\/seo\/ -->\n<title>Dominique Trion\u00e9 | INNO&#039;VIN<\/title>\n<meta name=\"robots\" content=\"index, follow, max-snippet:-1, max-image-preview:large, max-video-preview:-1\" \/>\n<link rel=\"canonical\" href=\"https:\/\/innovin.fr\/en\/lequipe-en\/dominique-trione\/\" \/>\n<meta property=\"og:locale\" content=\"en_US\" \/>\n<meta property=\"og:type\" content=\"article\" \/>\n<meta property=\"og:title\" content=\"Dominique Trion\u00e9 | INNO&#039;VIN\" \/>\n<meta property=\"og:description\" content=\"Retour \u00e0 l&#8217;\u00e9quipe Dominique Trion\u00e9 Pr\u00e9sident du Conseil d&#8217;Administration \u0152nologue et biochimiste, Dominique Trion\u00e9 vit le vin depuis 40 ans dans un contexte international. Tout d\u2019abord dans les ann\u00e9es 70 [&hellip;]\" \/>\n<meta property=\"og:url\" content=\"https:\/\/innovin.fr\/en\/lequipe-en\/dominique-trione\/\" \/>\n<meta property=\"og:site_name\" content=\"INNO&#039;VIN\" \/>\n<meta property=\"article:modified_time\" content=\"2021-06-18T13:06:02+00:00\" \/>\n<meta property=\"og:image\" content=\"https:\/\/innovin.fr\/wp-content\/uploads\/2020\/03\/equipe-cluster.png\" \/>\n\t<meta property=\"og:image:width\" content=\"1000\" \/>\n\t<meta property=\"og:image:height\" content=\"175\" \/>\n\t<meta property=\"og:image:type\" content=\"image\/png\" \/>\n<meta name=\"twitter:card\" content=\"summary_large_image\" \/>\n<meta name=\"twitter:label1\" content=\"Est. reading time\" \/>\n\t<meta name=\"twitter:data1\" content=\"1 minute\" \/>\n<script type=\"application\/ld+json\" class=\"yoast-schema-graph\">{\"@context\":\"https:\/\/schema.org\",\"@graph\":[{\"@type\":\"WebPage\",\"@id\":\"https:\/\/innovin.fr\/en\/lequipe-en\/dominique-trione\/\",\"url\":\"https:\/\/innovin.fr\/en\/lequipe-en\/dominique-trione\/\",\"name\":\"Dominique Trion\u00e9 | INNO'VIN\",\"isPartOf\":{\"@id\":\"https:\/\/innovin.fr\/#website\"},\"primaryImageOfPage\":{\"@id\":\"https:\/\/innovin.fr\/en\/lequipe-en\/dominique-trione\/#primaryimage\"},\"image\":{\"@id\":\"https:\/\/innovin.fr\/en\/lequipe-en\/dominique-trione\/#primaryimage\"},\"thumbnailUrl\":\"https:\/\/innovin.fr\/wp-content\/uploads\/2020\/03\/equipe-cluster.png\",\"datePublished\":\"2020-12-31T15:03:10+00:00\",\"dateModified\":\"2021-06-18T13:06:02+00:00\",\"breadcrumb\":{\"@id\":\"https:\/\/innovin.fr\/en\/lequipe-en\/dominique-trione\/#breadcrumb\"},\"inLanguage\":\"en-US\",\"potentialAction\":[{\"@type\":\"ReadAction\",\"target\":[\"https:\/\/innovin.fr\/en\/lequipe-en\/dominique-trione\/\"]}]},{\"@type\":\"ImageObject\",\"inLanguage\":\"en-US\",\"@id\":\"https:\/\/innovin.fr\/en\/lequipe-en\/dominique-trione\/#primaryimage\",\"url\":\"https:\/\/innovin.fr\/wp-content\/uploads\/2020\/03\/equipe-cluster.png\",\"contentUrl\":\"https:\/\/innovin.fr\/wp-content\/uploads\/2020\/03\/equipe-cluster.png\",\"width\":1000,\"height\":175},{\"@type\":\"BreadcrumbList\",\"@id\":\"https:\/\/innovin.fr\/en\/lequipe-en\/dominique-trione\/#breadcrumb\",\"itemListElement\":[{\"@type\":\"ListItem\",\"position\":1,\"name\":\"Accueil\",\"item\":\"https:\/\/innovin.fr\/\"},{\"@type\":\"ListItem\",\"position\":2,\"name\":\"Team\",\"item\":\"https:\/\/innovin.fr\/en\/lequipe-en\/\"},{\"@type\":\"ListItem\",\"position\":3,\"name\":\"Dominique Trion\u00e9\"}]},{\"@type\":\"WebSite\",\"@id\":\"https:\/\/innovin.fr\/#website\",\"url\":\"https:\/\/innovin.fr\/\",\"name\":\"INNO'VIN\",\"description\":\"Innovation at the service of the wine industry\",\"potentialAction\":[{\"@type\":\"SearchAction\",\"target\":{\"@type\":\"EntryPoint\",\"urlTemplate\":\"https:\/\/innovin.fr\/?s={search_term_string}\"},\"query-input\":{\"@type\":\"PropertyValueSpecification\",\"valueRequired\":true,\"valueName\":\"search_term_string\"}}],\"inLanguage\":\"en-US\"}]}<\/script>\n<!-- \/ Yoast SEO plugin. -->","yoast_head_json":{"title":"Dominique Trion\u00e9 | INNO'VIN","robots":{"index":"index","follow":"follow","max-snippet":"max-snippet:-1","max-image-preview":"max-image-preview:large","max-video-preview":"max-video-preview:-1"},"canonical":"https:\/\/innovin.fr\/en\/lequipe-en\/dominique-trione\/","og_locale":"en_US","og_type":"article","og_title":"Dominique Trion\u00e9 | INNO'VIN","og_description":"Retour \u00e0 l&#8217;\u00e9quipe Dominique Trion\u00e9 Pr\u00e9sident du Conseil d&#8217;Administration \u0152nologue et biochimiste, Dominique Trion\u00e9 vit le vin depuis 40 ans dans un contexte international. Tout d\u2019abord dans les ann\u00e9es 70 [&hellip;]","og_url":"https:\/\/innovin.fr\/en\/lequipe-en\/dominique-trione\/","og_site_name":"INNO'VIN","article_modified_time":"2021-06-18T13:06:02+00:00","og_image":[{"width":1000,"height":175,"url":"https:\/\/innovin.fr\/wp-content\/uploads\/2020\/03\/equipe-cluster.png","type":"image\/png"}],"twitter_card":"summary_large_image","twitter_misc":{"Est. reading time":"1 minute"},"schema":{"@context":"https:\/\/schema.org","@graph":[{"@type":"WebPage","@id":"https:\/\/innovin.fr\/en\/lequipe-en\/dominique-trione\/","url":"https:\/\/innovin.fr\/en\/lequipe-en\/dominique-trione\/","name":"Dominique Trion\u00e9 | INNO'VIN","isPartOf":{"@id":"https:\/\/innovin.fr\/#website"},"primaryImageOfPage":{"@id":"https:\/\/innovin.fr\/en\/lequipe-en\/dominique-trione\/#primaryimage"},"image":{"@id":"https:\/\/innovin.fr\/en\/lequipe-en\/dominique-trione\/#primaryimage"},"thumbnailUrl":"https:\/\/innovin.fr\/wp-content\/uploads\/2020\/03\/equipe-cluster.png","datePublished":"2020-12-31T15:03:10+00:00","dateModified":"2021-06-18T13:06:02+00:00","breadcrumb":{"@id":"https:\/\/innovin.fr\/en\/lequipe-en\/dominique-trione\/#breadcrumb"},"inLanguage":"en-US","potentialAction":[{"@type":"ReadAction","target":["https:\/\/innovin.fr\/en\/lequipe-en\/dominique-trione\/"]}]},{"@type":"ImageObject","inLanguage":"en-US","@id":"https:\/\/innovin.fr\/en\/lequipe-en\/dominique-trione\/#primaryimage","url":"https:\/\/innovin.fr\/wp-content\/uploads\/2020\/03\/equipe-cluster.png","contentUrl":"https:\/\/innovin.fr\/wp-content\/uploads\/2020\/03\/equipe-cluster.png","width":1000,"height":175},{"@type":"BreadcrumbList","@id":"https:\/\/innovin.fr\/en\/lequipe-en\/dominique-trione\/#breadcrumb","itemListElement":[{"@type":"ListItem","position":1,"name":"Accueil","item":"https:\/\/innovin.fr\/"},{"@type":"ListItem","position":2,"name":"Team","item":"https:\/\/innovin.fr\/en\/lequipe-en\/"},{"@type":"ListItem","position":3,"name":"Dominique Trion\u00e9"}]},{"@type":"WebSite","@id":"https:\/\/innovin.fr\/#website","url":"https:\/\/innovin.fr\/","name":"INNO'VIN","description":"Innovation at the service of the wine industry","potentialAction":[{"@type":"SearchAction","target":{"@type":"EntryPoint","urlTemplate":"https:\/\/innovin.fr\/?s={search_term_string}"},"query-input":{"@type":"PropertyValueSpecification","valueRequired":true,"valueName":"search_term_string"}}],"inLanguage":"en-US"}]}},"_links":{"self":[{"href":"https:\/\/innovin.fr\/en\/wp-json\/wp\/v2\/pages\/10549","targetHints":{"allow":["GET"]}}],"collection":[{"href":"https:\/\/innovin.fr\/en\/wp-json\/wp\/v2\/pages"}],"about":[{"href":"https:\/\/innovin.fr\/en\/wp-json\/wp\/v2\/types\/page"}],"author":[{"embeddable":true,"href":"https:\/\/innovin.fr\/en\/wp-json\/wp\/v2\/users\/3700"}],"replies":[{"embeddable":true,"href":"https:\/\/innovin.fr\/en\/wp-json\/wp\/v2\/comments?post=10549"}],"version-history":[{"count":1,"href":"https:\/\/innovin.fr\/en\/wp-json\/wp\/v2\/pages\/10549\/revisions"}],"predecessor-version":[{"id":10550,"href":"https:\/\/innovin.fr\/en\/wp-json\/wp\/v2\/pages\/10549\/revisions\/10550"}],"up":[{"embeddable":true,"href":"https:\/\/innovin.fr\/en\/wp-json\/wp\/v2\/pages\/9915"}],"wp:featuredmedia":[{"embeddable":true,"href":"https:\/\/innovin.fr\/en\/wp-json\/wp\/v2\/media\/9931"}],"wp:attachment":[{"href":"https:\/\/innovin.fr\/en\/wp-json\/wp\/v2\/media?parent=10549"}],"curies":[{"name":"wp","href":"https:\/\/api.w.org\/{rel}","templated":true}]}}