{"id":10551,"date":"2020-12-31T16:08:03","date_gmt":"2020-12-31T15:08:03","guid":{"rendered":"https:\/\/innovin.fr\/lequipe-en\/gilles-brianceau\/"},"modified":"2021-06-18T15:06:15","modified_gmt":"2021-06-18T13:06:15","slug":"gilles-brianceau","status":"publish","type":"page","link":"https:\/\/innovin.fr\/en\/lequipe-en\/gilles-brianceau\/","title":{"rendered":"Gilles Brianceau"},"content":{"rendered":"<section class=\"kc-elm kc-css-804691 kc_row\"><div class=\"kc-row-container  kc-container\"><div class=\"kc-wrap-columns\"><div class=\"kc-elm kc-css-203330 kc_col-sm-12 kc_column kc_col-sm-12\"><div class=\"kc-col-container\"><div class=\"kc-elm kc_text_block\"><\/p>\n<style type=\"text\/css\">@media only screen and (min-width: 1000px) and (max-width: 5000px){body.kc-css-system .kc-css-4287241{width: 60.17%;}body.kc-css-system .kc-css-1135626{width: 39.82%;}}body.kc-css-system .kc-css-1508126.kc_title,body.kc-css-system .kc-css-1508126 .kc_title,body.kc-css-system .kc-css-1508126 .kc_title a.kc_title_link{color: #ce1247;font-family: Raleway;font-weight: 500;line-height: 0undefined;margin-bottom: -4px;}body.kc-css-system .kc-css-2573858 p{margin-top: 0px;}body.kc-css-system .kc-css-1135626{color: #ffffff;}body.kc-css-system .kc-css-1455754{text-align: center;display: block;}body.kc-css-system .kc-css-1455754 img{background-color: #ededed;}<\/style>\n<section class=\"kc-elm kc-css-3835955 kc_row\">\n<div class=\"kc-row-container kc-container\">\n<div class=\"kc-wrap-columns\">\n<div class=\"kc-elm kc-css-4287241 kc_col-sm-7 kc_column kc_col-sm-7\">\n<div class=\"kc-col-container\">\n<div class=\"kc-elm kc-css-4089420\" style=\"height: 30px; clear: both; width: 100%;\"><\/div>\n<div class=\"kc-elm kc-css-4167129 kc-raw-code\"><a class=\"uk-button\" href=\"https:\/\/innovin.fr\/en\/lequipe-en\/\">Retour \u00e0 l&#8217;\u00e9quipe<\/a><\/div>\n<div class=\"kc-elm kc-css-1228230\" style=\"height: 15px; clear: both; width: 100%;\"><\/div>\n<div class=\"kc-elm kc-css-1508126 kc-title-wrap \">\n<h1 class=\"kc_title\">Gilles Brianceau<\/h1>\n<\/div>\n<div class=\"kc-elm kc-css-2573858 kc_text_block\">\n<h4><i>Directeur<\/i><\/h4>\n<p>Gilles est dipl\u00f4m\u00e9 de l\u2019Institut d\u2019Etudes Politiques de Bordeaux et d\u2019un 3\u00e8me cycle en Audit Interne \u00e0 l\u2019IAE de Bordeaux. Apr\u00e8s quelques ann\u00e9es \u00e0 Paris au sein de l\u2019UAP puis AXA en tant que charg\u00e9 de projets, il revient en 1999 sur Bordeaux pour s\u2019occuper de la propri\u00e9t\u00e9 viticole familiale. C\u2019est \u00e0 cette \u00e9poque qu\u2019il obtient le DUAD (Dipl\u00f4me Universitaire d\u2019Aptitude \u00e0 la D\u00e9gustation des Vins) \u00e0 la Facult\u00e9 d\u2019\u0153nologie. Parall\u00e8lement, il s\u2019implique dans la fili\u00e8re au sein de son syndicat viticole.<\/p>\n<p>En 2010, \u00e0 la recherche de nouveaux challenges, il est engag\u00e9 pour relancer le cluster INNO\u2019VIN Bordeaux Aquitaine.<\/p>\n<\/div>\n<\/div>\n<\/div>\n<div class=\"kc-elm kc-css-1135626 kc_col-sm-5 kc_column kc_col-sm-5\">\n<div class=\"kc-col-container\">\n<div class=\"kc-elm kc-css-1944280\" style=\"height: 88px; clear: both; width: 100%;\"><\/div>\n<div class=\"kc-elm kc-css-1455754 kc_shortcode kc_single_image\">\n<p><img decoding=\"async\" class=\"\" src=\"https:\/\/innovin.fr\/wp-content\/uploads\/2020\/12\/2020_10_Innovin_Portrait_246.jpeg\" alt=\"\" \/><\/p>\n<\/div>\n<\/div>\n<\/div>\n<\/div>\n<\/div>\n<\/section>\n<p>\n<\/div><\/div><\/div><\/div><\/div><\/section>\n","protected":false},"excerpt":{"rendered":"","protected":false},"author":3700,"featured_media":9931,"parent":9915,"menu_order":0,"comment_status":"closed","ping_status":"closed","template":"layouts\/page-notittle.php","meta":{"_acf_changed":false,"footnotes":""},"class_list":["post-10551","page","type-page","status-publish","has-post-thumbnail","hentry"],"acf":[],"yoast_head":"<!-- This site is optimized with the Yoast SEO plugin v26.3 - https:\/\/yoast.com\/wordpress\/plugins\/seo\/ -->\n<title>Gilles Brianceau | INNO&#039;VIN<\/title>\n<meta name=\"robots\" content=\"index, follow, max-snippet:-1, max-image-preview:large, max-video-preview:-1\" \/>\n<link rel=\"canonical\" href=\"https:\/\/innovin.fr\/en\/lequipe-en\/gilles-brianceau\/\" \/>\n<meta property=\"og:locale\" content=\"en_US\" \/>\n<meta property=\"og:type\" content=\"article\" \/>\n<meta property=\"og:title\" content=\"Gilles Brianceau | INNO&#039;VIN\" \/>\n<meta property=\"og:description\" content=\"Retour \u00e0 l&#8217;\u00e9quipe Gilles Brianceau Directeur Gilles est dipl\u00f4m\u00e9 de l\u2019Institut d\u2019Etudes Politiques de Bordeaux et d\u2019un 3\u00e8me cycle en Audit Interne \u00e0 l\u2019IAE de Bordeaux. Apr\u00e8s quelques ann\u00e9es \u00e0 [&hellip;]\" \/>\n<meta property=\"og:url\" content=\"https:\/\/innovin.fr\/en\/lequipe-en\/gilles-brianceau\/\" \/>\n<meta property=\"og:site_name\" content=\"INNO&#039;VIN\" \/>\n<meta property=\"article:modified_time\" content=\"2021-06-18T13:06:15+00:00\" \/>\n<meta property=\"og:image\" content=\"https:\/\/innovin.fr\/wp-content\/uploads\/2020\/03\/equipe-cluster.png\" \/>\n\t<meta property=\"og:image:width\" content=\"1000\" \/>\n\t<meta property=\"og:image:height\" content=\"175\" \/>\n\t<meta property=\"og:image:type\" content=\"image\/png\" \/>\n<meta name=\"twitter:card\" content=\"summary_large_image\" \/>\n<meta name=\"twitter:label1\" content=\"Est. reading time\" \/>\n\t<meta name=\"twitter:data1\" content=\"1 minute\" \/>\n<script type=\"application\/ld+json\" class=\"yoast-schema-graph\">{\"@context\":\"https:\/\/schema.org\",\"@graph\":[{\"@type\":\"WebPage\",\"@id\":\"https:\/\/innovin.fr\/en\/lequipe-en\/gilles-brianceau\/\",\"url\":\"https:\/\/innovin.fr\/en\/lequipe-en\/gilles-brianceau\/\",\"name\":\"Gilles Brianceau | INNO'VIN\",\"isPartOf\":{\"@id\":\"https:\/\/innovin.fr\/#website\"},\"primaryImageOfPage\":{\"@id\":\"https:\/\/innovin.fr\/en\/lequipe-en\/gilles-brianceau\/#primaryimage\"},\"image\":{\"@id\":\"https:\/\/innovin.fr\/en\/lequipe-en\/gilles-brianceau\/#primaryimage\"},\"thumbnailUrl\":\"https:\/\/innovin.fr\/wp-content\/uploads\/2020\/03\/equipe-cluster.png\",\"datePublished\":\"2020-12-31T15:08:03+00:00\",\"dateModified\":\"2021-06-18T13:06:15+00:00\",\"breadcrumb\":{\"@id\":\"https:\/\/innovin.fr\/en\/lequipe-en\/gilles-brianceau\/#breadcrumb\"},\"inLanguage\":\"en-US\",\"potentialAction\":[{\"@type\":\"ReadAction\",\"target\":[\"https:\/\/innovin.fr\/en\/lequipe-en\/gilles-brianceau\/\"]}]},{\"@type\":\"ImageObject\",\"inLanguage\":\"en-US\",\"@id\":\"https:\/\/innovin.fr\/en\/lequipe-en\/gilles-brianceau\/#primaryimage\",\"url\":\"https:\/\/innovin.fr\/wp-content\/uploads\/2020\/03\/equipe-cluster.png\",\"contentUrl\":\"https:\/\/innovin.fr\/wp-content\/uploads\/2020\/03\/equipe-cluster.png\",\"width\":1000,\"height\":175},{\"@type\":\"BreadcrumbList\",\"@id\":\"https:\/\/innovin.fr\/en\/lequipe-en\/gilles-brianceau\/#breadcrumb\",\"itemListElement\":[{\"@type\":\"ListItem\",\"position\":1,\"name\":\"Accueil\",\"item\":\"https:\/\/innovin.fr\/\"},{\"@type\":\"ListItem\",\"position\":2,\"name\":\"Team\",\"item\":\"https:\/\/innovin.fr\/en\/lequipe-en\/\"},{\"@type\":\"ListItem\",\"position\":3,\"name\":\"Gilles Brianceau\"}]},{\"@type\":\"WebSite\",\"@id\":\"https:\/\/innovin.fr\/#website\",\"url\":\"https:\/\/innovin.fr\/\",\"name\":\"INNO'VIN\",\"description\":\"Innovation at the service of the wine industry\",\"potentialAction\":[{\"@type\":\"SearchAction\",\"target\":{\"@type\":\"EntryPoint\",\"urlTemplate\":\"https:\/\/innovin.fr\/?s={search_term_string}\"},\"query-input\":{\"@type\":\"PropertyValueSpecification\",\"valueRequired\":true,\"valueName\":\"search_term_string\"}}],\"inLanguage\":\"en-US\"}]}<\/script>\n<!-- \/ Yoast SEO plugin. -->","yoast_head_json":{"title":"Gilles Brianceau | INNO'VIN","robots":{"index":"index","follow":"follow","max-snippet":"max-snippet:-1","max-image-preview":"max-image-preview:large","max-video-preview":"max-video-preview:-1"},"canonical":"https:\/\/innovin.fr\/en\/lequipe-en\/gilles-brianceau\/","og_locale":"en_US","og_type":"article","og_title":"Gilles Brianceau | INNO'VIN","og_description":"Retour \u00e0 l&#8217;\u00e9quipe Gilles Brianceau Directeur Gilles est dipl\u00f4m\u00e9 de l\u2019Institut d\u2019Etudes Politiques de Bordeaux et d\u2019un 3\u00e8me cycle en Audit Interne \u00e0 l\u2019IAE de Bordeaux. Apr\u00e8s quelques ann\u00e9es \u00e0 [&hellip;]","og_url":"https:\/\/innovin.fr\/en\/lequipe-en\/gilles-brianceau\/","og_site_name":"INNO'VIN","article_modified_time":"2021-06-18T13:06:15+00:00","og_image":[{"width":1000,"height":175,"url":"https:\/\/innovin.fr\/wp-content\/uploads\/2020\/03\/equipe-cluster.png","type":"image\/png"}],"twitter_card":"summary_large_image","twitter_misc":{"Est. reading time":"1 minute"},"schema":{"@context":"https:\/\/schema.org","@graph":[{"@type":"WebPage","@id":"https:\/\/innovin.fr\/en\/lequipe-en\/gilles-brianceau\/","url":"https:\/\/innovin.fr\/en\/lequipe-en\/gilles-brianceau\/","name":"Gilles Brianceau | INNO'VIN","isPartOf":{"@id":"https:\/\/innovin.fr\/#website"},"primaryImageOfPage":{"@id":"https:\/\/innovin.fr\/en\/lequipe-en\/gilles-brianceau\/#primaryimage"},"image":{"@id":"https:\/\/innovin.fr\/en\/lequipe-en\/gilles-brianceau\/#primaryimage"},"thumbnailUrl":"https:\/\/innovin.fr\/wp-content\/uploads\/2020\/03\/equipe-cluster.png","datePublished":"2020-12-31T15:08:03+00:00","dateModified":"2021-06-18T13:06:15+00:00","breadcrumb":{"@id":"https:\/\/innovin.fr\/en\/lequipe-en\/gilles-brianceau\/#breadcrumb"},"inLanguage":"en-US","potentialAction":[{"@type":"ReadAction","target":["https:\/\/innovin.fr\/en\/lequipe-en\/gilles-brianceau\/"]}]},{"@type":"ImageObject","inLanguage":"en-US","@id":"https:\/\/innovin.fr\/en\/lequipe-en\/gilles-brianceau\/#primaryimage","url":"https:\/\/innovin.fr\/wp-content\/uploads\/2020\/03\/equipe-cluster.png","contentUrl":"https:\/\/innovin.fr\/wp-content\/uploads\/2020\/03\/equipe-cluster.png","width":1000,"height":175},{"@type":"BreadcrumbList","@id":"https:\/\/innovin.fr\/en\/lequipe-en\/gilles-brianceau\/#breadcrumb","itemListElement":[{"@type":"ListItem","position":1,"name":"Accueil","item":"https:\/\/innovin.fr\/"},{"@type":"ListItem","position":2,"name":"Team","item":"https:\/\/innovin.fr\/en\/lequipe-en\/"},{"@type":"ListItem","position":3,"name":"Gilles Brianceau"}]},{"@type":"WebSite","@id":"https:\/\/innovin.fr\/#website","url":"https:\/\/innovin.fr\/","name":"INNO'VIN","description":"Innovation at the service of the wine industry","potentialAction":[{"@type":"SearchAction","target":{"@type":"EntryPoint","urlTemplate":"https:\/\/innovin.fr\/?s={search_term_string}"},"query-input":{"@type":"PropertyValueSpecification","valueRequired":true,"valueName":"search_term_string"}}],"inLanguage":"en-US"}]}},"_links":{"self":[{"href":"https:\/\/innovin.fr\/en\/wp-json\/wp\/v2\/pages\/10551","targetHints":{"allow":["GET"]}}],"collection":[{"href":"https:\/\/innovin.fr\/en\/wp-json\/wp\/v2\/pages"}],"about":[{"href":"https:\/\/innovin.fr\/en\/wp-json\/wp\/v2\/types\/page"}],"author":[{"embeddable":true,"href":"https:\/\/innovin.fr\/en\/wp-json\/wp\/v2\/users\/3700"}],"replies":[{"embeddable":true,"href":"https:\/\/innovin.fr\/en\/wp-json\/wp\/v2\/comments?post=10551"}],"version-history":[{"count":1,"href":"https:\/\/innovin.fr\/en\/wp-json\/wp\/v2\/pages\/10551\/revisions"}],"predecessor-version":[{"id":10553,"href":"https:\/\/innovin.fr\/en\/wp-json\/wp\/v2\/pages\/10551\/revisions\/10553"}],"up":[{"embeddable":true,"href":"https:\/\/innovin.fr\/en\/wp-json\/wp\/v2\/pages\/9915"}],"wp:featuredmedia":[{"embeddable":true,"href":"https:\/\/innovin.fr\/en\/wp-json\/wp\/v2\/media\/9931"}],"wp:attachment":[{"href":"https:\/\/innovin.fr\/en\/wp-json\/wp\/v2\/media?parent=10551"}],"curies":[{"name":"wp","href":"https:\/\/api.w.org\/{rel}","templated":true}]}}