{"id":10554,"date":"2020-12-31T16:21:57","date_gmt":"2020-12-31T15:21:57","guid":{"rendered":"https:\/\/innovin.fr\/lequipe-en\/ines-rabault\/"},"modified":"2020-12-31T16:21:57","modified_gmt":"2020-12-31T15:21:57","slug":"ines-rabault","status":"publish","type":"page","link":"https:\/\/innovin.fr\/en\/lequipe-en\/ines-rabault\/","title":{"rendered":"In\u00e8s Rabault"},"content":{"rendered":"<style type=\"text\/css\">@media only screen and (min-width: 1000px) and (max-width: 5000px){body.kc-css-system .kc-css-2796328{width: 60.17%;}body.kc-css-system .kc-css-4021051{width: 39.82%;}}body.kc-css-system .kc-css-1733626.kc_title,body.kc-css-system .kc-css-1733626 .kc_title,body.kc-css-system .kc-css-1733626 .kc_title a.kc_title_link{color: #ce1247;font-family: Raleway;font-weight: 500;line-height: 0undefined;margin-bottom: -4px;}body.kc-css-system .kc-css-3747254 p{margin-top: 0px;}body.kc-css-system .kc-css-4021051{color: #ffffff;}body.kc-css-system .kc-css-3409104{text-align: center;display: block;}body.kc-css-system .kc-css-3409104 img{background-color: #ededed;}<\/style>\n<section class=\"kc-elm kc-css-3142256 kc_row\">\n<div class=\"kc-row-container  kc-container\">\n<div class=\"kc-wrap-columns\">\n<div class=\"kc-elm kc-css-2796328 kc_col-sm-7 kc_column kc_col-sm-7\">\n<div class=\"kc-col-container\">\n<div class=\"kc-elm kc-css-1574210\" style=\"height: 30px; clear: both; width:100%;\"><\/div>\n<div class=\"kc-elm kc-css-1102980 kc-raw-code\"><a class=\"uk-button\" href=\"https:\/\/innovin.fr\/en\/lequipe-en\/\">Retour \u00e0 l&#8217;\u00e9quipe<\/a>\n<\/div>\n<div class=\"kc-elm kc-css-471682\" style=\"height: 15px; clear: both; width:100%;\"><\/div>\n<div class=\"kc-elm kc-css-1733626 kc-title-wrap \">\n<h1 class=\"kc_title\">In\u00e8s Rabault<\/h1>\n<\/div>\n<div class=\"kc-elm kc-css-3747254 kc_text_block\">\n<h4><em>Charg\u00e9e d&#8217;animation et de communication<\/em><\/h4>\n<p style=\"text-align: left;\">In\u00e8s est dipl\u00f4m\u00e9e de l\u2019Universit\u00e9 Catholique de Lille (Master de Culture, Tourisme et Valorisation du Patrimoine) depuis juillet 2013. Elle a travaill\u00e9 un an \u00e0 Paris en agence de repr\u00e9sentation\u00a0touristique puis a pos\u00e9 ses valises \u00e0 Bordeaux en 2015. Elle s\u2019est constitu\u00e9 un r\u00e9seau en tant que charg\u00e9e de communication ind\u00e9pendante et a travaill\u00e9 pour de nombreux clients \u00e0 Bordeaux avant de rejoindre l\u2019aventure INNO\u2019VIN.<\/p>\n<\/div>\n<\/div>\n<\/div>\n<div class=\"kc-elm kc-css-4021051 kc_col-sm-5 kc_column kc_col-sm-5\">\n<div class=\"kc-col-container\">\n<div class=\"kc-elm kc-css-2677135\" style=\"height: 88px; clear: both; width:100%;\"><\/div>\n<div class=\"kc-elm kc-css-3409104 kc_shortcode kc_single_image\">\n<p>        <img decoding=\"async\" src=\"https:\/\/innovin.fr\/wp-content\/uploads\/2020\/12\/2020_10_Innovin_Portrait_439.jpeg\" class=\"\" alt=\"\" \/>    <\/div>\n<\/div>\n<\/div>\n<\/div>\n<\/div>\n<\/section>\n","protected":false},"excerpt":{"rendered":"<p>Retour \u00e0 l&#8217;\u00e9quipe In\u00e8s Rabault Charg\u00e9e d&#8217;animation et de communication In\u00e8s est dipl\u00f4m\u00e9e de l\u2019Universit\u00e9 Catholique de Lille (Master de Culture, Tourisme et Valorisation du Patrimoine) depuis juillet 2013. Elle [&hellip;]<\/p>\n","protected":false},"author":3700,"featured_media":9931,"parent":9915,"menu_order":0,"comment_status":"closed","ping_status":"closed","template":"layouts\/page-notittle.php","meta":{"_acf_changed":false,"footnotes":""},"class_list":["post-10554","page","type-page","status-publish","has-post-thumbnail","hentry"],"acf":[],"yoast_head":"<!-- This site is optimized with the Yoast SEO plugin v26.3 - https:\/\/yoast.com\/wordpress\/plugins\/seo\/ -->\n<title>In\u00e8s Rabault | INNO&#039;VIN<\/title>\n<meta name=\"robots\" content=\"index, follow, max-snippet:-1, max-image-preview:large, max-video-preview:-1\" \/>\n<link rel=\"canonical\" href=\"https:\/\/innovin.fr\/en\/lequipe-en\/ines-rabault\/\" \/>\n<meta property=\"og:locale\" content=\"en_US\" \/>\n<meta property=\"og:type\" content=\"article\" \/>\n<meta property=\"og:title\" content=\"In\u00e8s Rabault | INNO&#039;VIN\" \/>\n<meta property=\"og:description\" content=\"Retour \u00e0 l&#8217;\u00e9quipe In\u00e8s Rabault Charg\u00e9e d&#8217;animation et de communication In\u00e8s est dipl\u00f4m\u00e9e de l\u2019Universit\u00e9 Catholique de Lille (Master de Culture, Tourisme et Valorisation du Patrimoine) depuis juillet 2013. Elle [&hellip;]\" \/>\n<meta property=\"og:url\" content=\"https:\/\/innovin.fr\/en\/lequipe-en\/ines-rabault\/\" \/>\n<meta property=\"og:site_name\" content=\"INNO&#039;VIN\" \/>\n<meta property=\"og:image\" content=\"https:\/\/innovin.fr\/wp-content\/uploads\/2020\/03\/equipe-cluster.png\" \/>\n\t<meta property=\"og:image:width\" content=\"1000\" \/>\n\t<meta property=\"og:image:height\" content=\"175\" \/>\n\t<meta property=\"og:image:type\" content=\"image\/png\" \/>\n<meta name=\"twitter:card\" content=\"summary_large_image\" \/>\n<script type=\"application\/ld+json\" class=\"yoast-schema-graph\">{\"@context\":\"https:\/\/schema.org\",\"@graph\":[{\"@type\":\"WebPage\",\"@id\":\"https:\/\/innovin.fr\/en\/lequipe-en\/ines-rabault\/\",\"url\":\"https:\/\/innovin.fr\/en\/lequipe-en\/ines-rabault\/\",\"name\":\"In\u00e8s Rabault | INNO'VIN\",\"isPartOf\":{\"@id\":\"https:\/\/innovin.fr\/#website\"},\"primaryImageOfPage\":{\"@id\":\"https:\/\/innovin.fr\/en\/lequipe-en\/ines-rabault\/#primaryimage\"},\"image\":{\"@id\":\"https:\/\/innovin.fr\/en\/lequipe-en\/ines-rabault\/#primaryimage\"},\"thumbnailUrl\":\"https:\/\/innovin.fr\/wp-content\/uploads\/2020\/03\/equipe-cluster.png\",\"datePublished\":\"2020-12-31T15:21:57+00:00\",\"breadcrumb\":{\"@id\":\"https:\/\/innovin.fr\/en\/lequipe-en\/ines-rabault\/#breadcrumb\"},\"inLanguage\":\"en-US\",\"potentialAction\":[{\"@type\":\"ReadAction\",\"target\":[\"https:\/\/innovin.fr\/en\/lequipe-en\/ines-rabault\/\"]}]},{\"@type\":\"ImageObject\",\"inLanguage\":\"en-US\",\"@id\":\"https:\/\/innovin.fr\/en\/lequipe-en\/ines-rabault\/#primaryimage\",\"url\":\"https:\/\/innovin.fr\/wp-content\/uploads\/2020\/03\/equipe-cluster.png\",\"contentUrl\":\"https:\/\/innovin.fr\/wp-content\/uploads\/2020\/03\/equipe-cluster.png\",\"width\":1000,\"height\":175},{\"@type\":\"BreadcrumbList\",\"@id\":\"https:\/\/innovin.fr\/en\/lequipe-en\/ines-rabault\/#breadcrumb\",\"itemListElement\":[{\"@type\":\"ListItem\",\"position\":1,\"name\":\"Accueil\",\"item\":\"https:\/\/innovin.fr\/\"},{\"@type\":\"ListItem\",\"position\":2,\"name\":\"Team\",\"item\":\"https:\/\/innovin.fr\/en\/lequipe-en\/\"},{\"@type\":\"ListItem\",\"position\":3,\"name\":\"In\u00e8s Rabault\"}]},{\"@type\":\"WebSite\",\"@id\":\"https:\/\/innovin.fr\/#website\",\"url\":\"https:\/\/innovin.fr\/\",\"name\":\"INNO'VIN\",\"description\":\"Innovation at the service of the wine industry\",\"potentialAction\":[{\"@type\":\"SearchAction\",\"target\":{\"@type\":\"EntryPoint\",\"urlTemplate\":\"https:\/\/innovin.fr\/?s={search_term_string}\"},\"query-input\":{\"@type\":\"PropertyValueSpecification\",\"valueRequired\":true,\"valueName\":\"search_term_string\"}}],\"inLanguage\":\"en-US\"}]}<\/script>\n<!-- \/ Yoast SEO plugin. -->","yoast_head_json":{"title":"In\u00e8s Rabault | INNO'VIN","robots":{"index":"index","follow":"follow","max-snippet":"max-snippet:-1","max-image-preview":"max-image-preview:large","max-video-preview":"max-video-preview:-1"},"canonical":"https:\/\/innovin.fr\/en\/lequipe-en\/ines-rabault\/","og_locale":"en_US","og_type":"article","og_title":"In\u00e8s Rabault | INNO'VIN","og_description":"Retour \u00e0 l&#8217;\u00e9quipe In\u00e8s Rabault Charg\u00e9e d&#8217;animation et de communication In\u00e8s est dipl\u00f4m\u00e9e de l\u2019Universit\u00e9 Catholique de Lille (Master de Culture, Tourisme et Valorisation du Patrimoine) depuis juillet 2013. Elle [&hellip;]","og_url":"https:\/\/innovin.fr\/en\/lequipe-en\/ines-rabault\/","og_site_name":"INNO'VIN","og_image":[{"width":1000,"height":175,"url":"https:\/\/innovin.fr\/wp-content\/uploads\/2020\/03\/equipe-cluster.png","type":"image\/png"}],"twitter_card":"summary_large_image","schema":{"@context":"https:\/\/schema.org","@graph":[{"@type":"WebPage","@id":"https:\/\/innovin.fr\/en\/lequipe-en\/ines-rabault\/","url":"https:\/\/innovin.fr\/en\/lequipe-en\/ines-rabault\/","name":"In\u00e8s Rabault | INNO'VIN","isPartOf":{"@id":"https:\/\/innovin.fr\/#website"},"primaryImageOfPage":{"@id":"https:\/\/innovin.fr\/en\/lequipe-en\/ines-rabault\/#primaryimage"},"image":{"@id":"https:\/\/innovin.fr\/en\/lequipe-en\/ines-rabault\/#primaryimage"},"thumbnailUrl":"https:\/\/innovin.fr\/wp-content\/uploads\/2020\/03\/equipe-cluster.png","datePublished":"2020-12-31T15:21:57+00:00","breadcrumb":{"@id":"https:\/\/innovin.fr\/en\/lequipe-en\/ines-rabault\/#breadcrumb"},"inLanguage":"en-US","potentialAction":[{"@type":"ReadAction","target":["https:\/\/innovin.fr\/en\/lequipe-en\/ines-rabault\/"]}]},{"@type":"ImageObject","inLanguage":"en-US","@id":"https:\/\/innovin.fr\/en\/lequipe-en\/ines-rabault\/#primaryimage","url":"https:\/\/innovin.fr\/wp-content\/uploads\/2020\/03\/equipe-cluster.png","contentUrl":"https:\/\/innovin.fr\/wp-content\/uploads\/2020\/03\/equipe-cluster.png","width":1000,"height":175},{"@type":"BreadcrumbList","@id":"https:\/\/innovin.fr\/en\/lequipe-en\/ines-rabault\/#breadcrumb","itemListElement":[{"@type":"ListItem","position":1,"name":"Accueil","item":"https:\/\/innovin.fr\/"},{"@type":"ListItem","position":2,"name":"Team","item":"https:\/\/innovin.fr\/en\/lequipe-en\/"},{"@type":"ListItem","position":3,"name":"In\u00e8s Rabault"}]},{"@type":"WebSite","@id":"https:\/\/innovin.fr\/#website","url":"https:\/\/innovin.fr\/","name":"INNO'VIN","description":"Innovation at the service of the wine industry","potentialAction":[{"@type":"SearchAction","target":{"@type":"EntryPoint","urlTemplate":"https:\/\/innovin.fr\/?s={search_term_string}"},"query-input":{"@type":"PropertyValueSpecification","valueRequired":true,"valueName":"search_term_string"}}],"inLanguage":"en-US"}]}},"_links":{"self":[{"href":"https:\/\/innovin.fr\/en\/wp-json\/wp\/v2\/pages\/10554","targetHints":{"allow":["GET"]}}],"collection":[{"href":"https:\/\/innovin.fr\/en\/wp-json\/wp\/v2\/pages"}],"about":[{"href":"https:\/\/innovin.fr\/en\/wp-json\/wp\/v2\/types\/page"}],"author":[{"embeddable":true,"href":"https:\/\/innovin.fr\/en\/wp-json\/wp\/v2\/users\/3700"}],"replies":[{"embeddable":true,"href":"https:\/\/innovin.fr\/en\/wp-json\/wp\/v2\/comments?post=10554"}],"version-history":[{"count":0,"href":"https:\/\/innovin.fr\/en\/wp-json\/wp\/v2\/pages\/10554\/revisions"}],"up":[{"embeddable":true,"href":"https:\/\/innovin.fr\/en\/wp-json\/wp\/v2\/pages\/9915"}],"wp:featuredmedia":[{"embeddable":true,"href":"https:\/\/innovin.fr\/en\/wp-json\/wp\/v2\/media\/9931"}],"wp:attachment":[{"href":"https:\/\/innovin.fr\/en\/wp-json\/wp\/v2\/media?parent=10554"}],"curies":[{"name":"wp","href":"https:\/\/api.w.org\/{rel}","templated":true}]}}