{"id":10556,"date":"2020-09-24T15:48:13","date_gmt":"2020-09-24T13:48:13","guid":{"rendered":"https:\/\/innovin.fr\/lequipe-en\/maeva-breuil\/"},"modified":"2021-06-18T15:06:38","modified_gmt":"2021-06-18T13:06:38","slug":"maeva-breuil","status":"publish","type":"page","link":"https:\/\/innovin.fr\/en\/lequipe-en\/maeva-breuil\/","title":{"rendered":"Ma\u00ebva Breuil"},"content":{"rendered":"<section class=\"kc-elm kc-css-740563 kc_row\"><div class=\"kc-row-container  kc-container\"><div class=\"kc-wrap-columns\"><div class=\"kc-elm kc-css-151994 kc_col-sm-12 kc_column kc_col-sm-12\"><div class=\"kc-col-container\"><div class=\"kc-elm kc_text_block\"><\/p>\n<style type=\"text\/css\">@media only screen and (min-width: 1000px) and (max-width: 5000px){body.kc-css-system .kc-css-4338306{width: 60.17%;}body.kc-css-system .kc-css-261823{width: 39.82%;}}body.kc-css-system .kc-css-4270518.kc_title,body.kc-css-system .kc-css-4270518 .kc_title,body.kc-css-system .kc-css-4270518 .kc_title a.kc_title_link{color: #ce1247;font-family: Raleway;font-weight: 500;line-height: 0undefined;margin-bottom: -4px;}body.kc-css-system .kc-css-2585683 p{margin-top: 0px;}body.kc-css-system .kc-css-261823{color: #ffffff;}body.kc-css-system .kc-css-2228819{text-align: center;display: block;}body.kc-css-system .kc-css-2228819 img{background-color: #ededed;}<\/style>\n<section class=\"kc-elm kc-css-510429 kc_row\">\n<div class=\"kc-row-container kc-container\">\n<div class=\"kc-wrap-columns\">\n<div class=\"kc-elm kc-css-4338306 kc_col-sm-7 kc_column kc_col-sm-7\">\n<div class=\"kc-col-container\">\n<div class=\"kc-elm kc-css-3462642\" style=\"height: 30px; clear: both; width: 100%;\"><\/div>\n<div class=\"kc-elm kc-css-1515823 kc-raw-code\"><a class=\"uk-button\" href=\"https:\/\/innovin.fr\/en\/lequipe-en\/\">Retour \u00e0 l&#8217;\u00e9quipe<\/a><\/div>\n<div class=\"kc-elm kc-css-3491949\" style=\"height: 15px; clear: both; width: 100%;\"><\/div>\n<div class=\"kc-elm kc-css-4270518 kc-title-wrap \">\n<h1 class=\"kc_title\">Ma\u00ebva Breuil<\/h1>\n<\/div>\n<div class=\"kc-elm kc-css-2585683 kc_text_block\">\n<h4><em>Charg\u00e9e de projets et d&#8217;animation<\/em><\/h4>\n<p style=\"text-align: left;\"><span style=\"line-height: 1.3em;\">Dipl\u00f4m\u00e9e de l\u2019\u00e9cole nationale sup\u00e9rieure d\u2019agronomie de Rennes, Ma\u00ebva est sp\u00e9cialis\u00e9e en sciences de l\u2019alimentation et management des entreprises. C\u2019est au cours de son cursus d\u2019ing\u00e9nieur qu\u2019elle d\u00e9couvre et se passionne pour le secteur du vin. A l\u2019issue de sa formation elle d\u00e9cide de se sp\u00e9cialiser en \u0153nologie afin de travailler dans la fili\u00e8re viti-vinicole et int\u00e8gre la Dipl\u00f4me Nationale d\u2019\u0152nologue dispens\u00e9 par l\u2019universit\u00e9 de Reims Champagne Ardennes. Ses diverses exp\u00e9riences en Recherche et D\u00e9veloppement en industrie agroalimentaire et son stage de fin d\u2019\u00e9tude au sein du Bureau Interprofessionnel des Vins de Bourgogne sur le vieillissement pr\u00e9matur\u00e9 des vins blancs issus de Chardonnay ne font que confirmer son envie de travailler pour l\u2019innovation au service de la fili\u00e8re. Ma\u00ebva rejoint l\u2019\u00e9quipe d\u2019INNO&#8217;VIN afin de travailler au c\u00f4t\u00e9 de Thomas Rospars pour la d\u00e9tection et l\u2019accompagnement de projet ainsi que sur l\u2019animation technique du r\u00e9seau d\u2019adh\u00e9rents.<\/span><\/p>\n<\/div>\n<\/div>\n<\/div>\n<div class=\"kc-elm kc-css-261823 kc_col-sm-5 kc_column kc_col-sm-5\">\n<div class=\"kc-col-container\">\n<div class=\"kc-elm kc-css-3133556\" style=\"height: 88px; clear: both; width: 100%;\"><\/div>\n<div class=\"kc-elm kc-css-2228819 kc_shortcode kc_single_image\">\n<p><img decoding=\"async\" class=\"\" src=\"https:\/\/innovin.fr\/wp-content\/uploads\/2020\/12\/2020_10_Innovin_Portrait_112.jpeg\" alt=\"\" \/><\/p>\n<\/div>\n<\/div>\n<\/div>\n<\/div>\n<\/div>\n<\/section>\n<p>\n<\/div><\/div><\/div><\/div><\/div><\/section>\n","protected":false},"excerpt":{"rendered":"","protected":false},"author":3701,"featured_media":9931,"parent":9915,"menu_order":0,"comment_status":"closed","ping_status":"closed","template":"layouts\/page-notittle.php","meta":{"_acf_changed":false,"footnotes":""},"class_list":["post-10556","page","type-page","status-publish","has-post-thumbnail","hentry"],"acf":[],"yoast_head":"<!-- This site is optimized with the Yoast SEO plugin v26.3 - https:\/\/yoast.com\/wordpress\/plugins\/seo\/ -->\n<title>Ma\u00ebva Breuil | INNO&#039;VIN<\/title>\n<meta name=\"robots\" content=\"index, follow, max-snippet:-1, max-image-preview:large, max-video-preview:-1\" \/>\n<link rel=\"canonical\" href=\"https:\/\/innovin.fr\/en\/lequipe-en\/maeva-breuil\/\" \/>\n<meta property=\"og:locale\" content=\"en_US\" \/>\n<meta property=\"og:type\" content=\"article\" \/>\n<meta property=\"og:title\" content=\"Ma\u00ebva Breuil | INNO&#039;VIN\" \/>\n<meta property=\"og:description\" content=\"Retour \u00e0 l&#8217;\u00e9quipe Ma\u00ebva Breuil Charg\u00e9e de projets et d&#8217;animation Dipl\u00f4m\u00e9e de l\u2019\u00e9cole nationale sup\u00e9rieure d\u2019agronomie de Rennes, Ma\u00ebva est sp\u00e9cialis\u00e9e en sciences de l\u2019alimentation et management des entreprises. C\u2019est [&hellip;]\" \/>\n<meta property=\"og:url\" content=\"https:\/\/innovin.fr\/en\/lequipe-en\/maeva-breuil\/\" \/>\n<meta property=\"og:site_name\" content=\"INNO&#039;VIN\" \/>\n<meta property=\"article:modified_time\" content=\"2021-06-18T13:06:38+00:00\" \/>\n<meta property=\"og:image\" content=\"https:\/\/innovin.fr\/wp-content\/uploads\/2020\/03\/equipe-cluster.png\" \/>\n\t<meta property=\"og:image:width\" content=\"1000\" \/>\n\t<meta property=\"og:image:height\" content=\"175\" \/>\n\t<meta property=\"og:image:type\" content=\"image\/png\" \/>\n<meta name=\"twitter:card\" content=\"summary_large_image\" \/>\n<meta name=\"twitter:label1\" content=\"Est. reading time\" \/>\n\t<meta name=\"twitter:data1\" content=\"1 minute\" \/>\n<script type=\"application\/ld+json\" class=\"yoast-schema-graph\">{\"@context\":\"https:\/\/schema.org\",\"@graph\":[{\"@type\":\"WebPage\",\"@id\":\"https:\/\/innovin.fr\/en\/lequipe-en\/maeva-breuil\/\",\"url\":\"https:\/\/innovin.fr\/en\/lequipe-en\/maeva-breuil\/\",\"name\":\"Ma\u00ebva Breuil | INNO'VIN\",\"isPartOf\":{\"@id\":\"https:\/\/innovin.fr\/#website\"},\"primaryImageOfPage\":{\"@id\":\"https:\/\/innovin.fr\/en\/lequipe-en\/maeva-breuil\/#primaryimage\"},\"image\":{\"@id\":\"https:\/\/innovin.fr\/en\/lequipe-en\/maeva-breuil\/#primaryimage\"},\"thumbnailUrl\":\"https:\/\/innovin.fr\/wp-content\/uploads\/2020\/03\/equipe-cluster.png\",\"datePublished\":\"2020-09-24T13:48:13+00:00\",\"dateModified\":\"2021-06-18T13:06:38+00:00\",\"breadcrumb\":{\"@id\":\"https:\/\/innovin.fr\/en\/lequipe-en\/maeva-breuil\/#breadcrumb\"},\"inLanguage\":\"en-US\",\"potentialAction\":[{\"@type\":\"ReadAction\",\"target\":[\"https:\/\/innovin.fr\/en\/lequipe-en\/maeva-breuil\/\"]}]},{\"@type\":\"ImageObject\",\"inLanguage\":\"en-US\",\"@id\":\"https:\/\/innovin.fr\/en\/lequipe-en\/maeva-breuil\/#primaryimage\",\"url\":\"https:\/\/innovin.fr\/wp-content\/uploads\/2020\/03\/equipe-cluster.png\",\"contentUrl\":\"https:\/\/innovin.fr\/wp-content\/uploads\/2020\/03\/equipe-cluster.png\",\"width\":1000,\"height\":175},{\"@type\":\"BreadcrumbList\",\"@id\":\"https:\/\/innovin.fr\/en\/lequipe-en\/maeva-breuil\/#breadcrumb\",\"itemListElement\":[{\"@type\":\"ListItem\",\"position\":1,\"name\":\"Accueil\",\"item\":\"https:\/\/innovin.fr\/\"},{\"@type\":\"ListItem\",\"position\":2,\"name\":\"Team\",\"item\":\"https:\/\/innovin.fr\/en\/lequipe-en\/\"},{\"@type\":\"ListItem\",\"position\":3,\"name\":\"Ma\u00ebva Breuil\"}]},{\"@type\":\"WebSite\",\"@id\":\"https:\/\/innovin.fr\/#website\",\"url\":\"https:\/\/innovin.fr\/\",\"name\":\"INNO'VIN\",\"description\":\"Innovation at the service of the wine industry\",\"potentialAction\":[{\"@type\":\"SearchAction\",\"target\":{\"@type\":\"EntryPoint\",\"urlTemplate\":\"https:\/\/innovin.fr\/?s={search_term_string}\"},\"query-input\":{\"@type\":\"PropertyValueSpecification\",\"valueRequired\":true,\"valueName\":\"search_term_string\"}}],\"inLanguage\":\"en-US\"}]}<\/script>\n<!-- \/ Yoast SEO plugin. -->","yoast_head_json":{"title":"Ma\u00ebva Breuil | INNO'VIN","robots":{"index":"index","follow":"follow","max-snippet":"max-snippet:-1","max-image-preview":"max-image-preview:large","max-video-preview":"max-video-preview:-1"},"canonical":"https:\/\/innovin.fr\/en\/lequipe-en\/maeva-breuil\/","og_locale":"en_US","og_type":"article","og_title":"Ma\u00ebva Breuil | INNO'VIN","og_description":"Retour \u00e0 l&#8217;\u00e9quipe Ma\u00ebva Breuil Charg\u00e9e de projets et d&#8217;animation Dipl\u00f4m\u00e9e de l\u2019\u00e9cole nationale sup\u00e9rieure d\u2019agronomie de Rennes, Ma\u00ebva est sp\u00e9cialis\u00e9e en sciences de l\u2019alimentation et management des entreprises. C\u2019est [&hellip;]","og_url":"https:\/\/innovin.fr\/en\/lequipe-en\/maeva-breuil\/","og_site_name":"INNO'VIN","article_modified_time":"2021-06-18T13:06:38+00:00","og_image":[{"width":1000,"height":175,"url":"https:\/\/innovin.fr\/wp-content\/uploads\/2020\/03\/equipe-cluster.png","type":"image\/png"}],"twitter_card":"summary_large_image","twitter_misc":{"Est. reading time":"1 minute"},"schema":{"@context":"https:\/\/schema.org","@graph":[{"@type":"WebPage","@id":"https:\/\/innovin.fr\/en\/lequipe-en\/maeva-breuil\/","url":"https:\/\/innovin.fr\/en\/lequipe-en\/maeva-breuil\/","name":"Ma\u00ebva Breuil | INNO'VIN","isPartOf":{"@id":"https:\/\/innovin.fr\/#website"},"primaryImageOfPage":{"@id":"https:\/\/innovin.fr\/en\/lequipe-en\/maeva-breuil\/#primaryimage"},"image":{"@id":"https:\/\/innovin.fr\/en\/lequipe-en\/maeva-breuil\/#primaryimage"},"thumbnailUrl":"https:\/\/innovin.fr\/wp-content\/uploads\/2020\/03\/equipe-cluster.png","datePublished":"2020-09-24T13:48:13+00:00","dateModified":"2021-06-18T13:06:38+00:00","breadcrumb":{"@id":"https:\/\/innovin.fr\/en\/lequipe-en\/maeva-breuil\/#breadcrumb"},"inLanguage":"en-US","potentialAction":[{"@type":"ReadAction","target":["https:\/\/innovin.fr\/en\/lequipe-en\/maeva-breuil\/"]}]},{"@type":"ImageObject","inLanguage":"en-US","@id":"https:\/\/innovin.fr\/en\/lequipe-en\/maeva-breuil\/#primaryimage","url":"https:\/\/innovin.fr\/wp-content\/uploads\/2020\/03\/equipe-cluster.png","contentUrl":"https:\/\/innovin.fr\/wp-content\/uploads\/2020\/03\/equipe-cluster.png","width":1000,"height":175},{"@type":"BreadcrumbList","@id":"https:\/\/innovin.fr\/en\/lequipe-en\/maeva-breuil\/#breadcrumb","itemListElement":[{"@type":"ListItem","position":1,"name":"Accueil","item":"https:\/\/innovin.fr\/"},{"@type":"ListItem","position":2,"name":"Team","item":"https:\/\/innovin.fr\/en\/lequipe-en\/"},{"@type":"ListItem","position":3,"name":"Ma\u00ebva Breuil"}]},{"@type":"WebSite","@id":"https:\/\/innovin.fr\/#website","url":"https:\/\/innovin.fr\/","name":"INNO'VIN","description":"Innovation at the service of the wine industry","potentialAction":[{"@type":"SearchAction","target":{"@type":"EntryPoint","urlTemplate":"https:\/\/innovin.fr\/?s={search_term_string}"},"query-input":{"@type":"PropertyValueSpecification","valueRequired":true,"valueName":"search_term_string"}}],"inLanguage":"en-US"}]}},"_links":{"self":[{"href":"https:\/\/innovin.fr\/en\/wp-json\/wp\/v2\/pages\/10556","targetHints":{"allow":["GET"]}}],"collection":[{"href":"https:\/\/innovin.fr\/en\/wp-json\/wp\/v2\/pages"}],"about":[{"href":"https:\/\/innovin.fr\/en\/wp-json\/wp\/v2\/types\/page"}],"author":[{"embeddable":true,"href":"https:\/\/innovin.fr\/en\/wp-json\/wp\/v2\/users\/3701"}],"replies":[{"embeddable":true,"href":"https:\/\/innovin.fr\/en\/wp-json\/wp\/v2\/comments?post=10556"}],"version-history":[{"count":1,"href":"https:\/\/innovin.fr\/en\/wp-json\/wp\/v2\/pages\/10556\/revisions"}],"predecessor-version":[{"id":10558,"href":"https:\/\/innovin.fr\/en\/wp-json\/wp\/v2\/pages\/10556\/revisions\/10558"}],"up":[{"embeddable":true,"href":"https:\/\/innovin.fr\/en\/wp-json\/wp\/v2\/pages\/9915"}],"wp:featuredmedia":[{"embeddable":true,"href":"https:\/\/innovin.fr\/en\/wp-json\/wp\/v2\/media\/9931"}],"wp:attachment":[{"href":"https:\/\/innovin.fr\/en\/wp-json\/wp\/v2\/media?parent=10556"}],"curies":[{"name":"wp","href":"https:\/\/api.w.org\/{rel}","templated":true}]}}