{"id":10562,"date":"2020-12-31T16:11:43","date_gmt":"2020-12-31T15:11:43","guid":{"rendered":"https:\/\/innovin.fr\/lequipe-en\/thomas-rospars\/"},"modified":"2021-06-18T15:06:53","modified_gmt":"2021-06-18T13:06:53","slug":"thomas-rospars","status":"publish","type":"page","link":"https:\/\/innovin.fr\/en\/lequipe-en\/thomas-rospars\/","title":{"rendered":"Thomas Rospars"},"content":{"rendered":"<section class=\"kc-elm kc-css-230986 kc_row\"><div class=\"kc-row-container  kc-container\"><div class=\"kc-wrap-columns\"><div class=\"kc-elm kc-css-531757 kc_col-sm-12 kc_column kc_col-sm-12\"><div class=\"kc-col-container\"><div class=\"kc-elm kc_text_block\"><\/p>\n<style type=\"text\/css\">@media only screen and (min-width: 1000px) and (max-width: 5000px){body.kc-css-system .kc-css-2819988{width: 60.17%;}body.kc-css-system .kc-css-3391795{width: 39.82%;}}body.kc-css-system .kc-css-1913001.kc_title,body.kc-css-system .kc-css-1913001 .kc_title,body.kc-css-system .kc-css-1913001 .kc_title a.kc_title_link{color: #ce1247;font-family: Raleway;font-weight: 500;line-height: 0undefined;margin-bottom: -4px;}body.kc-css-system .kc-css-1523936 p{margin-top: 0px;}body.kc-css-system .kc-css-3391795{color: #ffffff;}body.kc-css-system .kc-css-1779640{text-align: center;display: block;}body.kc-css-system .kc-css-1779640 img{background-color: #ededed;}<\/style>\n<section class=\"kc-elm kc-css-3990198 kc_row\">\n<div class=\"kc-row-container kc-container\">\n<div class=\"kc-wrap-columns\">\n<div class=\"kc-elm kc-css-2819988 kc_col-sm-7 kc_column kc_col-sm-7\">\n<div class=\"kc-col-container\">\n<div class=\"kc-elm kc-css-920460\" style=\"height: 30px; clear: both; width: 100%;\"><\/div>\n<div class=\"kc-elm kc-css-456557 kc-raw-code\"><a class=\"uk-button\" href=\"https:\/\/innovin.fr\/en\/lequipe-en\/\">Retour \u00e0 l&#8217;\u00e9quipe<\/a><\/div>\n<div class=\"kc-elm kc-css-3789378\" style=\"height: 15px; clear: both; width: 100%;\"><\/div>\n<div class=\"kc-elm kc-css-1913001 kc-title-wrap \">\n<h1 class=\"kc_title\">Thomas Rospars<\/h1>\n<\/div>\n<div class=\"kc-elm kc-css-1523936 kc_text_block\">\n<h4><i>Charg\u00e9 de projets<\/i><\/h4>\n<p>Thomas est Ing\u00e9nieur de Bordeaux Sciences Agro et \u0152nologue de Bordeaux. A la fin de son cursus, en 2007, il d\u00e9cide de rejoindre la Provence pour travailler sur les Vins Ros\u00e9s. Il est d\u2019abord recrut\u00e9 \u00e0 la Chambre d\u2019Agriculture du Var o\u00f9 il exerce les missions de conseiller viticole. A partir de 2009, il prend en charge les dossiers d\u2019exp\u00e9rimentation en viticulture au sein du Centre de Recherche et d\u2019Exp\u00e9rimentation sur les Vins Ros\u00e9s.<br \/>\nOriginaire de la r\u00e9gion, il connait bien la fili\u00e8re viticole bordelaise. Ses parents poss\u00e8dent un domaine viticole sur Saint Emilion et les satellites de Saint Emilion.<br \/>\nIl est l\u2019interlocuteur privil\u00e9gi\u00e9 des entreprises pour le montage de projets et assure le lien entre les adh\u00e9rents et les partenaires du cluster afin d\u2019\u00eatre plus proches des besoins de chacun.<\/p>\n<\/div>\n<\/div>\n<\/div>\n<div class=\"kc-elm kc-css-3391795 kc_col-sm-5 kc_column kc_col-sm-5\">\n<div class=\"kc-col-container\">\n<div class=\"kc-elm kc-css-2860496\" style=\"height: 88px; clear: both; width: 100%;\"><\/div>\n<div class=\"kc-elm kc-css-1779640 kc_shortcode kc_single_image\">\n<p><img decoding=\"async\" class=\"\" src=\"https:\/\/innovin.fr\/wp-content\/uploads\/2020\/12\/2020_10_Innovin_Portrait_184.jpeg\" alt=\"\" \/><\/p>\n<\/div>\n<\/div>\n<\/div>\n<\/div>\n<\/div>\n<\/section>\n<p>\n<\/div><\/div><\/div><\/div><\/div><\/section>\n","protected":false},"excerpt":{"rendered":"","protected":false},"author":3700,"featured_media":9931,"parent":9915,"menu_order":0,"comment_status":"closed","ping_status":"closed","template":"layouts\/page-notittle.php","meta":{"_acf_changed":false,"footnotes":""},"class_list":["post-10562","page","type-page","status-publish","has-post-thumbnail","hentry"],"acf":[],"yoast_head":"<!-- This site is optimized with the Yoast SEO plugin v26.3 - https:\/\/yoast.com\/wordpress\/plugins\/seo\/ -->\n<title>Thomas Rospars | INNO&#039;VIN<\/title>\n<meta name=\"robots\" content=\"index, follow, max-snippet:-1, max-image-preview:large, max-video-preview:-1\" \/>\n<link rel=\"canonical\" href=\"https:\/\/innovin.fr\/en\/lequipe-en\/thomas-rospars\/\" \/>\n<meta property=\"og:locale\" content=\"en_US\" \/>\n<meta property=\"og:type\" content=\"article\" \/>\n<meta property=\"og:title\" content=\"Thomas Rospars | INNO&#039;VIN\" \/>\n<meta property=\"og:description\" content=\"Retour \u00e0 l&#8217;\u00e9quipe Thomas Rospars Charg\u00e9 de projets Thomas est Ing\u00e9nieur de Bordeaux Sciences Agro et \u0152nologue de Bordeaux. A la fin de son cursus, en 2007, il d\u00e9cide de [&hellip;]\" \/>\n<meta property=\"og:url\" content=\"https:\/\/innovin.fr\/en\/lequipe-en\/thomas-rospars\/\" \/>\n<meta property=\"og:site_name\" content=\"INNO&#039;VIN\" \/>\n<meta property=\"article:modified_time\" content=\"2021-06-18T13:06:53+00:00\" \/>\n<meta property=\"og:image\" content=\"https:\/\/innovin.fr\/wp-content\/uploads\/2020\/03\/equipe-cluster.png\" \/>\n\t<meta property=\"og:image:width\" content=\"1000\" \/>\n\t<meta property=\"og:image:height\" content=\"175\" \/>\n\t<meta property=\"og:image:type\" content=\"image\/png\" \/>\n<meta name=\"twitter:card\" content=\"summary_large_image\" \/>\n<meta name=\"twitter:label1\" content=\"Est. reading time\" \/>\n\t<meta name=\"twitter:data1\" content=\"1 minute\" \/>\n<script type=\"application\/ld+json\" class=\"yoast-schema-graph\">{\"@context\":\"https:\/\/schema.org\",\"@graph\":[{\"@type\":\"WebPage\",\"@id\":\"https:\/\/innovin.fr\/en\/lequipe-en\/thomas-rospars\/\",\"url\":\"https:\/\/innovin.fr\/en\/lequipe-en\/thomas-rospars\/\",\"name\":\"Thomas Rospars | INNO'VIN\",\"isPartOf\":{\"@id\":\"https:\/\/innovin.fr\/#website\"},\"primaryImageOfPage\":{\"@id\":\"https:\/\/innovin.fr\/en\/lequipe-en\/thomas-rospars\/#primaryimage\"},\"image\":{\"@id\":\"https:\/\/innovin.fr\/en\/lequipe-en\/thomas-rospars\/#primaryimage\"},\"thumbnailUrl\":\"https:\/\/innovin.fr\/wp-content\/uploads\/2020\/03\/equipe-cluster.png\",\"datePublished\":\"2020-12-31T15:11:43+00:00\",\"dateModified\":\"2021-06-18T13:06:53+00:00\",\"breadcrumb\":{\"@id\":\"https:\/\/innovin.fr\/en\/lequipe-en\/thomas-rospars\/#breadcrumb\"},\"inLanguage\":\"en-US\",\"potentialAction\":[{\"@type\":\"ReadAction\",\"target\":[\"https:\/\/innovin.fr\/en\/lequipe-en\/thomas-rospars\/\"]}]},{\"@type\":\"ImageObject\",\"inLanguage\":\"en-US\",\"@id\":\"https:\/\/innovin.fr\/en\/lequipe-en\/thomas-rospars\/#primaryimage\",\"url\":\"https:\/\/innovin.fr\/wp-content\/uploads\/2020\/03\/equipe-cluster.png\",\"contentUrl\":\"https:\/\/innovin.fr\/wp-content\/uploads\/2020\/03\/equipe-cluster.png\",\"width\":1000,\"height\":175},{\"@type\":\"BreadcrumbList\",\"@id\":\"https:\/\/innovin.fr\/en\/lequipe-en\/thomas-rospars\/#breadcrumb\",\"itemListElement\":[{\"@type\":\"ListItem\",\"position\":1,\"name\":\"Accueil\",\"item\":\"https:\/\/innovin.fr\/\"},{\"@type\":\"ListItem\",\"position\":2,\"name\":\"Team\",\"item\":\"https:\/\/innovin.fr\/en\/lequipe-en\/\"},{\"@type\":\"ListItem\",\"position\":3,\"name\":\"Thomas Rospars\"}]},{\"@type\":\"WebSite\",\"@id\":\"https:\/\/innovin.fr\/#website\",\"url\":\"https:\/\/innovin.fr\/\",\"name\":\"INNO'VIN\",\"description\":\"Innovation at the service of the wine industry\",\"potentialAction\":[{\"@type\":\"SearchAction\",\"target\":{\"@type\":\"EntryPoint\",\"urlTemplate\":\"https:\/\/innovin.fr\/?s={search_term_string}\"},\"query-input\":{\"@type\":\"PropertyValueSpecification\",\"valueRequired\":true,\"valueName\":\"search_term_string\"}}],\"inLanguage\":\"en-US\"}]}<\/script>\n<!-- \/ Yoast SEO plugin. -->","yoast_head_json":{"title":"Thomas Rospars | INNO'VIN","robots":{"index":"index","follow":"follow","max-snippet":"max-snippet:-1","max-image-preview":"max-image-preview:large","max-video-preview":"max-video-preview:-1"},"canonical":"https:\/\/innovin.fr\/en\/lequipe-en\/thomas-rospars\/","og_locale":"en_US","og_type":"article","og_title":"Thomas Rospars | INNO'VIN","og_description":"Retour \u00e0 l&#8217;\u00e9quipe Thomas Rospars Charg\u00e9 de projets Thomas est Ing\u00e9nieur de Bordeaux Sciences Agro et \u0152nologue de Bordeaux. A la fin de son cursus, en 2007, il d\u00e9cide de [&hellip;]","og_url":"https:\/\/innovin.fr\/en\/lequipe-en\/thomas-rospars\/","og_site_name":"INNO'VIN","article_modified_time":"2021-06-18T13:06:53+00:00","og_image":[{"width":1000,"height":175,"url":"https:\/\/innovin.fr\/wp-content\/uploads\/2020\/03\/equipe-cluster.png","type":"image\/png"}],"twitter_card":"summary_large_image","twitter_misc":{"Est. reading time":"1 minute"},"schema":{"@context":"https:\/\/schema.org","@graph":[{"@type":"WebPage","@id":"https:\/\/innovin.fr\/en\/lequipe-en\/thomas-rospars\/","url":"https:\/\/innovin.fr\/en\/lequipe-en\/thomas-rospars\/","name":"Thomas Rospars | INNO'VIN","isPartOf":{"@id":"https:\/\/innovin.fr\/#website"},"primaryImageOfPage":{"@id":"https:\/\/innovin.fr\/en\/lequipe-en\/thomas-rospars\/#primaryimage"},"image":{"@id":"https:\/\/innovin.fr\/en\/lequipe-en\/thomas-rospars\/#primaryimage"},"thumbnailUrl":"https:\/\/innovin.fr\/wp-content\/uploads\/2020\/03\/equipe-cluster.png","datePublished":"2020-12-31T15:11:43+00:00","dateModified":"2021-06-18T13:06:53+00:00","breadcrumb":{"@id":"https:\/\/innovin.fr\/en\/lequipe-en\/thomas-rospars\/#breadcrumb"},"inLanguage":"en-US","potentialAction":[{"@type":"ReadAction","target":["https:\/\/innovin.fr\/en\/lequipe-en\/thomas-rospars\/"]}]},{"@type":"ImageObject","inLanguage":"en-US","@id":"https:\/\/innovin.fr\/en\/lequipe-en\/thomas-rospars\/#primaryimage","url":"https:\/\/innovin.fr\/wp-content\/uploads\/2020\/03\/equipe-cluster.png","contentUrl":"https:\/\/innovin.fr\/wp-content\/uploads\/2020\/03\/equipe-cluster.png","width":1000,"height":175},{"@type":"BreadcrumbList","@id":"https:\/\/innovin.fr\/en\/lequipe-en\/thomas-rospars\/#breadcrumb","itemListElement":[{"@type":"ListItem","position":1,"name":"Accueil","item":"https:\/\/innovin.fr\/"},{"@type":"ListItem","position":2,"name":"Team","item":"https:\/\/innovin.fr\/en\/lequipe-en\/"},{"@type":"ListItem","position":3,"name":"Thomas Rospars"}]},{"@type":"WebSite","@id":"https:\/\/innovin.fr\/#website","url":"https:\/\/innovin.fr\/","name":"INNO'VIN","description":"Innovation at the service of the wine industry","potentialAction":[{"@type":"SearchAction","target":{"@type":"EntryPoint","urlTemplate":"https:\/\/innovin.fr\/?s={search_term_string}"},"query-input":{"@type":"PropertyValueSpecification","valueRequired":true,"valueName":"search_term_string"}}],"inLanguage":"en-US"}]}},"_links":{"self":[{"href":"https:\/\/innovin.fr\/en\/wp-json\/wp\/v2\/pages\/10562","targetHints":{"allow":["GET"]}}],"collection":[{"href":"https:\/\/innovin.fr\/en\/wp-json\/wp\/v2\/pages"}],"about":[{"href":"https:\/\/innovin.fr\/en\/wp-json\/wp\/v2\/types\/page"}],"author":[{"embeddable":true,"href":"https:\/\/innovin.fr\/en\/wp-json\/wp\/v2\/users\/3700"}],"replies":[{"embeddable":true,"href":"https:\/\/innovin.fr\/en\/wp-json\/wp\/v2\/comments?post=10562"}],"version-history":[{"count":1,"href":"https:\/\/innovin.fr\/en\/wp-json\/wp\/v2\/pages\/10562\/revisions"}],"predecessor-version":[{"id":10564,"href":"https:\/\/innovin.fr\/en\/wp-json\/wp\/v2\/pages\/10562\/revisions\/10564"}],"up":[{"embeddable":true,"href":"https:\/\/innovin.fr\/en\/wp-json\/wp\/v2\/pages\/9915"}],"wp:featuredmedia":[{"embeddable":true,"href":"https:\/\/innovin.fr\/en\/wp-json\/wp\/v2\/media\/9931"}],"wp:attachment":[{"href":"https:\/\/innovin.fr\/en\/wp-json\/wp\/v2\/media?parent=10562"}],"curies":[{"name":"wp","href":"https:\/\/api.w.org\/{rel}","templated":true}]}}