{"id":10573,"date":"2021-05-17T14:46:19","date_gmt":"2021-05-17T12:46:19","guid":{"rendered":"https:\/\/innovin.fr\/alliandre\/"},"modified":"2021-06-18T15:07:49","modified_gmt":"2021-06-18T13:07:49","slug":"alliandre","status":"publish","type":"page","link":"https:\/\/innovin.fr\/en\/pool-conseil\/alliandre\/","title":{"rendered":"Alliandre"},"content":{"rendered":"<section class=\"kc-elm kc-css-258050 kc_row\"><div class=\"kc-row-container  kc-container\"><div class=\"kc-wrap-columns\"><div class=\"kc-elm kc-css-667990 kc_col-sm-12 kc_column kc_col-sm-12\"><div class=\"kc-col-container\"><div class=\"kc-elm kc_text_block\"><\/p>\n<style type=\"text\/css\">@media only screen and (min-width: 1000px) and (max-width: 5000px){body.kc-css-system .kc-css-322980{width: 39.82%;}body.kc-css-system .kc-css-3138252{width: 60.17%;}body.kc-css-system .kc-css-644116{width: 39.82%;}body.kc-css-system .kc-css-848809{width: 60.17%;}}body.kc-css-system .kc-css-2111475{margin-right: 0px;margin-left: 0px;padding-right: 0px;padding-left: 0px;}body.kc-css-system .kc-css-3339453{margin-top: 20px;}body.kc-css-system .kc-css-322980{color: #ffffff;}body.kc-css-system .kc-css-3554496{text-align: center;display: block;}body.kc-css-system .kc-css-3554496 img{background-color: #ededed;}body.kc-css-system .kc-css-1884216.kc_title,body.kc-css-system .kc-css-1884216 .kc_title,body.kc-css-system .kc-css-1884216 .kc_title a.kc_title_link{color: #ce1247;font-family: Raleway;font-size: 20px;font-weight: 500;line-height: 0undefined;margin-bottom: -4px;}body.kc-css-system .kc-css-624028 p{margin-top: 0px;}body.kc-css-system .kc-css-2806434.kc_title,body.kc-css-system .kc-css-2806434 .kc_title,body.kc-css-system .kc-css-2806434 .kc_title a.kc_title_link{color: #ce1247;font-family: Raleway;font-size: 15px;font-weight: 500;line-height: 0undefined;margin-bottom: -4px;}body.kc-css-system .kc-css-3204541 p{margin-top: 0px;}body.kc-css-system .kc-css-3514993.kc_title,body.kc-css-system .kc-css-3514993 .kc_title,body.kc-css-system .kc-css-3514993 .kc_title a.kc_title_link{color: #ce1247;font-family: Raleway;font-size: 15px;font-weight: 500;line-height: 0undefined;margin-bottom: -4px;}body.kc-css-system .kc-css-738034 p{margin-top: 0px;}body.kc-css-system .kc-css-3962266{background: #f7f7f7;margin-top: 20px;margin-right: 0px;margin-left: 0px;padding-right: 0px;padding-left: 0px;}body.kc-css-system .kc-css-118609.kc_title,body.kc-css-system .kc-css-118609 .kc_title,body.kc-css-system .kc-css-118609 .kc_title a.kc_title_link{color: #ce1247;font-family: Raleway;font-weight: 500;line-height: 0undefined;margin-bottom: -4px;}body.kc-css-system .kc-css-4130039 p{margin-top: 0px;}body.kc-css-system .kc-css-2570941{margin-top: 20px;}body.kc-css-system .kc-css-644116{color: #ffffff;}body.kc-css-system .kc-css-1560450.kc_title,body.kc-css-system .kc-css-1560450 .kc_title,body.kc-css-system .kc-css-1560450 .kc_title a.kc_title_link{color: #ce1247;font-family: Raleway;font-weight: 500;line-height: 0undefined;margin-bottom: -4px;}body.kc-css-system .kc-css-4006260{text-align: center;display: block;}body.kc-css-system .kc-css-4006260 img{background-color: #ededed;}body.kc-css-system .kc-css-3066151 p{margin-top: 0px;}<\/style>\n<section class=\"kc-elm kc-css-2111475 kc_row\">\n<div class=\"kc-row-container kc-container\">\n<div class=\"kc-wrap-columns\">\n<div class=\"kc-elm kc-css-3932321 kc_col-sm-12 kc_column kc_col-sm-12\">\n<div class=\"kc-col-container\">\n<div class=\"kc-elm kc-css-1809685\" style=\"height: 10px; clear: both; width: 100%;\"><\/div>\n<div class=\"kc-elm kc-css-3451601 kc-raw-code\"><a class=\"uk-button\" href=\"https:\/\/innovin.fr\/en\/?page_id=10195\">Retour au Pool Conseil<\/a><\/div>\n<\/div>\n<\/div>\n<\/div>\n<\/div>\n<\/section>\n<section class=\"kc-elm kc-css-3339453 kc_row\">\n<div class=\"kc-row-container kc-container uk-article\">\n<div class=\"kc-wrap-columns\">\n<div class=\"kc-elm kc-css-322980 kc_col-sm-5 kc_column kc_col-sm-5\">\n<div class=\"kc-col-container\">\n<div class=\"kc-elm kc-css-3554496 kc_shortcode kc_single_image\">\n<p><img decoding=\"async\" class=\"\" src=\"https:\/\/innovin.fr\/wp-content\/uploads\/2021\/05\/alliandre-logo.jpg\" alt=\"\" \/><\/p>\n<\/div>\n<div class=\"kc-elm kc-css-3510216\" style=\"height: 10px; clear: both; width: 100%;\"><\/div>\n<\/div>\n<\/div>\n<div class=\"kc-elm kc-css-3138252 kc_col-sm-7 kc_column kc_col-sm-7\">\n<div class=\"kc-col-container\">\n<div class=\"kc-elm kc-css-1884216 kc-title-wrap \">\n<h1 class=\"kc_title\">ALLIANDRE<\/h1>\n<\/div>\n<div class=\"kc-elm kc-css-624028 kc_text_block\">\n<p>Conseil et formation \u00e0 l&#8217;activit\u00e9 oenotourisme<\/p>\n<\/div>\n<div class=\"kc-elm kc-css-2806434 kc-title-wrap \">\n<h2 class=\"kc_title\">Champs d&#8217;application<\/h2>\n<\/div>\n<div class=\"kc-elm kc-css-3204541 kc_text_block\">\n<p>Commercialisation<\/p>\n<\/div>\n<div class=\"kc-elm kc-css-3514993 kc-title-wrap \">\n<h2 class=\"kc_title\">Client\u00e8le<\/h2>\n<\/div>\n<div class=\"kc-elm kc-css-738034 kc_text_block\">\n<p>Producteurs &#8211; N\u00e9gociants<strong><br \/>\n<\/strong><\/p>\n<\/div>\n<\/div>\n<\/div>\n<\/div>\n<\/div>\n<\/section>\n<section class=\"kc-elm kc-css-3962266 kc_row\">\n<div class=\"kc-row-container kc-container uk-article\">\n<div class=\"kc-wrap-columns\">\n<div class=\"kc-elm kc-css-1055400 kc_col-sm-12 kc_column kc_col-sm-12\">\n<div class=\"kc-col-container\">\n<div class=\"kc-elm kc-css-118609 kc-title-wrap \">\n<h2 class=\"kc_title\">Comp\u00e9tences<\/h2>\n<\/div>\n<div class=\"kc-elm kc-css-86095\" style=\"height: 10px; clear: both; width: 100%;\"><\/div>\n<div class=\"kc-elm kc-css-4130039 kc_text_block\">\n<ul>\n<li>choisir sa <strong>strat\u00e9gie<\/strong> pour d\u00e9velopper une activit\u00e9 oenotourisme<\/li>\n<li>transformer l\u2019oenotourisme en <strong>centre de profit<\/strong><\/li>\n<li>s\u2019assurer de la <strong>qualit\u00e9<\/strong> de sa prestation d&#8217;accueil<\/li>\n<li>se doter d\u2019<strong>outils performants<\/strong> pour se mettre en\u00a0r\u00e9seau<\/li>\n<li><strong>diversifier<\/strong> ses prestations oenotouristiques<\/li>\n<li>mettre en place une <strong>activit\u00e9 \u00e9v\u00e9nementielle<\/strong><\/li>\n<\/ul>\n<\/div>\n<\/div>\n<\/div>\n<\/div>\n<\/div>\n<\/section>\n<section class=\"kc-elm kc-css-2570941 kc_row\">\n<div class=\"kc-row-container kc-container uk-article\">\n<div class=\"kc-wrap-columns\">\n<div class=\"kc-elm kc-css-644116 kc_col-sm-5 kc_column kc_col-sm-5\">\n<div class=\"kc-col-container\">\n<div class=\"kc-elm kc-css-1560450 kc-title-wrap \">\n<h2 class=\"kc_title\">Contact<\/h2>\n<\/div>\n<div class=\"kc-elm kc-css-236375\" style=\"height: 20px; clear: both; width: 100%;\"><\/div>\n<div class=\"kc-elm kc-css-4006260 kc_shortcode kc_single_image\">\n<p><img decoding=\"async\" class=\"\" src=\"https:\/\/innovin.fr\/wp-content\/uploads\/2018\/01\/alliandre.png\" alt=\"\" \/><\/p>\n<\/div>\n<div class=\"kc-elm kc-css-4110033\" style=\"height: 10px; clear: both; width: 100%;\"><\/div>\n<\/div>\n<\/div>\n<div class=\"kc-elm kc-css-848809 kc_col-sm-7 kc_column kc_col-sm-7\">\n<div class=\"kc-col-container\">\n<div class=\"kc-elm kc-css-1501002\" style=\"height: 65px; clear: both; width: 100%;\"><\/div>\n<div class=\"kc-elm kc-css-3066151 kc_text_block\">\n<p><strong>Estelle de Pins<br \/>\n<\/strong>06 03 54 78 98<br \/>\n<a href=\"mailto:edepins@alliandre.fr\">edepins@alliandre.fr<\/a><br \/>\n<a href=\"http:\/\/alliandre.fr\/\" target=\"_blank\" rel=\"noopener noreferrer\">www.alliandre.fr<\/a><br \/>\nBordeaux (33)<\/p>\n<\/div>\n<\/div>\n<\/div>\n<\/div>\n<\/div>\n<\/section>\n<p>\n<\/div><\/div><\/div><\/div><\/div><\/section>\n","protected":false},"excerpt":{"rendered":"","protected":false},"author":3701,"featured_media":10230,"parent":10195,"menu_order":0,"comment_status":"closed","ping_status":"closed","template":"layouts\/page-notittle.php","meta":{"_acf_changed":false,"footnotes":""},"class_list":["post-10573","page","type-page","status-publish","has-post-thumbnail","hentry"],"acf":[],"yoast_head":"<!-- This site is optimized with the Yoast SEO plugin v26.3 - https:\/\/yoast.com\/wordpress\/plugins\/seo\/ -->\n<title>Alliandre | INNO&#039;VIN<\/title>\n<meta name=\"robots\" content=\"index, follow, max-snippet:-1, max-image-preview:large, max-video-preview:-1\" \/>\n<link rel=\"canonical\" href=\"https:\/\/innovin.fr\/en\/pool-conseil\/alliandre\/\" \/>\n<meta property=\"og:locale\" content=\"en_US\" \/>\n<meta property=\"og:type\" content=\"article\" \/>\n<meta property=\"og:title\" content=\"Alliandre | INNO&#039;VIN\" \/>\n<meta property=\"og:description\" content=\"Retour au Pool Conseil ALLIANDRE Conseil et formation \u00e0 l&#8217;activit\u00e9 oenotourisme Champs d&#8217;application Commercialisation Client\u00e8le Producteurs &#8211; N\u00e9gociants Comp\u00e9tences choisir sa strat\u00e9gie pour d\u00e9velopper une activit\u00e9 oenotourisme transformer l\u2019oenotourisme en [&hellip;]\" \/>\n<meta property=\"og:url\" content=\"https:\/\/innovin.fr\/en\/pool-conseil\/alliandre\/\" \/>\n<meta property=\"og:site_name\" content=\"INNO&#039;VIN\" \/>\n<meta property=\"article:modified_time\" content=\"2021-06-18T13:07:49+00:00\" \/>\n<meta property=\"og:image\" content=\"https:\/\/innovin.fr\/wp-content\/uploads\/2020\/04\/pool-conseil.png\" \/>\n\t<meta property=\"og:image:width\" content=\"1600\" \/>\n\t<meta property=\"og:image:height\" content=\"280\" \/>\n\t<meta property=\"og:image:type\" content=\"image\/png\" \/>\n<meta name=\"twitter:card\" content=\"summary_large_image\" \/>\n<script type=\"application\/ld+json\" class=\"yoast-schema-graph\">{\"@context\":\"https:\/\/schema.org\",\"@graph\":[{\"@type\":\"WebPage\",\"@id\":\"https:\/\/innovin.fr\/en\/pool-conseil\/alliandre\/\",\"url\":\"https:\/\/innovin.fr\/en\/pool-conseil\/alliandre\/\",\"name\":\"Alliandre | INNO'VIN\",\"isPartOf\":{\"@id\":\"https:\/\/innovin.fr\/#website\"},\"primaryImageOfPage\":{\"@id\":\"https:\/\/innovin.fr\/en\/pool-conseil\/alliandre\/#primaryimage\"},\"image\":{\"@id\":\"https:\/\/innovin.fr\/en\/pool-conseil\/alliandre\/#primaryimage\"},\"thumbnailUrl\":\"https:\/\/innovin.fr\/wp-content\/uploads\/2020\/04\/pool-conseil.png\",\"datePublished\":\"2021-05-17T12:46:19+00:00\",\"dateModified\":\"2021-06-18T13:07:49+00:00\",\"breadcrumb\":{\"@id\":\"https:\/\/innovin.fr\/en\/pool-conseil\/alliandre\/#breadcrumb\"},\"inLanguage\":\"en-US\",\"potentialAction\":[{\"@type\":\"ReadAction\",\"target\":[\"https:\/\/innovin.fr\/en\/pool-conseil\/alliandre\/\"]}]},{\"@type\":\"ImageObject\",\"inLanguage\":\"en-US\",\"@id\":\"https:\/\/innovin.fr\/en\/pool-conseil\/alliandre\/#primaryimage\",\"url\":\"https:\/\/innovin.fr\/wp-content\/uploads\/2020\/04\/pool-conseil.png\",\"contentUrl\":\"https:\/\/innovin.fr\/wp-content\/uploads\/2020\/04\/pool-conseil.png\",\"width\":1600,\"height\":280},{\"@type\":\"BreadcrumbList\",\"@id\":\"https:\/\/innovin.fr\/en\/pool-conseil\/alliandre\/#breadcrumb\",\"itemListElement\":[{\"@type\":\"ListItem\",\"position\":1,\"name\":\"Accueil\",\"item\":\"https:\/\/innovin.fr\/\"},{\"@type\":\"ListItem\",\"position\":2,\"name\":\"Pool Conseil\",\"item\":\"https:\/\/innovin.fr\/en\/pool-conseil\/\"},{\"@type\":\"ListItem\",\"position\":3,\"name\":\"Alliandre\"}]},{\"@type\":\"WebSite\",\"@id\":\"https:\/\/innovin.fr\/#website\",\"url\":\"https:\/\/innovin.fr\/\",\"name\":\"INNO'VIN\",\"description\":\"Innovation at the service of the wine industry\",\"potentialAction\":[{\"@type\":\"SearchAction\",\"target\":{\"@type\":\"EntryPoint\",\"urlTemplate\":\"https:\/\/innovin.fr\/?s={search_term_string}\"},\"query-input\":{\"@type\":\"PropertyValueSpecification\",\"valueRequired\":true,\"valueName\":\"search_term_string\"}}],\"inLanguage\":\"en-US\"}]}<\/script>\n<!-- \/ Yoast SEO plugin. -->","yoast_head_json":{"title":"Alliandre | INNO'VIN","robots":{"index":"index","follow":"follow","max-snippet":"max-snippet:-1","max-image-preview":"max-image-preview:large","max-video-preview":"max-video-preview:-1"},"canonical":"https:\/\/innovin.fr\/en\/pool-conseil\/alliandre\/","og_locale":"en_US","og_type":"article","og_title":"Alliandre | INNO'VIN","og_description":"Retour au Pool Conseil ALLIANDRE Conseil et formation \u00e0 l&#8217;activit\u00e9 oenotourisme Champs d&#8217;application Commercialisation Client\u00e8le Producteurs &#8211; N\u00e9gociants Comp\u00e9tences choisir sa strat\u00e9gie pour d\u00e9velopper une activit\u00e9 oenotourisme transformer l\u2019oenotourisme en [&hellip;]","og_url":"https:\/\/innovin.fr\/en\/pool-conseil\/alliandre\/","og_site_name":"INNO'VIN","article_modified_time":"2021-06-18T13:07:49+00:00","og_image":[{"width":1600,"height":280,"url":"https:\/\/innovin.fr\/wp-content\/uploads\/2020\/04\/pool-conseil.png","type":"image\/png"}],"twitter_card":"summary_large_image","schema":{"@context":"https:\/\/schema.org","@graph":[{"@type":"WebPage","@id":"https:\/\/innovin.fr\/en\/pool-conseil\/alliandre\/","url":"https:\/\/innovin.fr\/en\/pool-conseil\/alliandre\/","name":"Alliandre | INNO'VIN","isPartOf":{"@id":"https:\/\/innovin.fr\/#website"},"primaryImageOfPage":{"@id":"https:\/\/innovin.fr\/en\/pool-conseil\/alliandre\/#primaryimage"},"image":{"@id":"https:\/\/innovin.fr\/en\/pool-conseil\/alliandre\/#primaryimage"},"thumbnailUrl":"https:\/\/innovin.fr\/wp-content\/uploads\/2020\/04\/pool-conseil.png","datePublished":"2021-05-17T12:46:19+00:00","dateModified":"2021-06-18T13:07:49+00:00","breadcrumb":{"@id":"https:\/\/innovin.fr\/en\/pool-conseil\/alliandre\/#breadcrumb"},"inLanguage":"en-US","potentialAction":[{"@type":"ReadAction","target":["https:\/\/innovin.fr\/en\/pool-conseil\/alliandre\/"]}]},{"@type":"ImageObject","inLanguage":"en-US","@id":"https:\/\/innovin.fr\/en\/pool-conseil\/alliandre\/#primaryimage","url":"https:\/\/innovin.fr\/wp-content\/uploads\/2020\/04\/pool-conseil.png","contentUrl":"https:\/\/innovin.fr\/wp-content\/uploads\/2020\/04\/pool-conseil.png","width":1600,"height":280},{"@type":"BreadcrumbList","@id":"https:\/\/innovin.fr\/en\/pool-conseil\/alliandre\/#breadcrumb","itemListElement":[{"@type":"ListItem","position":1,"name":"Accueil","item":"https:\/\/innovin.fr\/"},{"@type":"ListItem","position":2,"name":"Pool Conseil","item":"https:\/\/innovin.fr\/en\/pool-conseil\/"},{"@type":"ListItem","position":3,"name":"Alliandre"}]},{"@type":"WebSite","@id":"https:\/\/innovin.fr\/#website","url":"https:\/\/innovin.fr\/","name":"INNO'VIN","description":"Innovation at the service of the wine industry","potentialAction":[{"@type":"SearchAction","target":{"@type":"EntryPoint","urlTemplate":"https:\/\/innovin.fr\/?s={search_term_string}"},"query-input":{"@type":"PropertyValueSpecification","valueRequired":true,"valueName":"search_term_string"}}],"inLanguage":"en-US"}]}},"_links":{"self":[{"href":"https:\/\/innovin.fr\/en\/wp-json\/wp\/v2\/pages\/10573","targetHints":{"allow":["GET"]}}],"collection":[{"href":"https:\/\/innovin.fr\/en\/wp-json\/wp\/v2\/pages"}],"about":[{"href":"https:\/\/innovin.fr\/en\/wp-json\/wp\/v2\/types\/page"}],"author":[{"embeddable":true,"href":"https:\/\/innovin.fr\/en\/wp-json\/wp\/v2\/users\/3701"}],"replies":[{"embeddable":true,"href":"https:\/\/innovin.fr\/en\/wp-json\/wp\/v2\/comments?post=10573"}],"version-history":[{"count":1,"href":"https:\/\/innovin.fr\/en\/wp-json\/wp\/v2\/pages\/10573\/revisions"}],"predecessor-version":[{"id":10574,"href":"https:\/\/innovin.fr\/en\/wp-json\/wp\/v2\/pages\/10573\/revisions\/10574"}],"up":[{"embeddable":true,"href":"https:\/\/innovin.fr\/en\/wp-json\/wp\/v2\/pages\/10195"}],"wp:featuredmedia":[{"embeddable":true,"href":"https:\/\/innovin.fr\/en\/wp-json\/wp\/v2\/media\/10230"}],"wp:attachment":[{"href":"https:\/\/innovin.fr\/en\/wp-json\/wp\/v2\/media?parent=10573"}],"curies":[{"name":"wp","href":"https:\/\/api.w.org\/{rel}","templated":true}]}}