{"id":10591,"date":"2017-07-27T09:48:00","date_gmt":"2017-07-27T07:48:00","guid":{"rendered":"https:\/\/innovin.fr\/chais-durables\/"},"modified":"2021-06-18T15:09:27","modified_gmt":"2021-06-18T13:09:27","slug":"chais-durables","status":"publish","type":"page","link":"https:\/\/innovin.fr\/en\/chais-durables\/","title":{"rendered":"Chais Durables"},"content":{"rendered":"<section class=\"kc-elm kc-css-242661 kc_row\"><div class=\"kc-row-container  kc-container\"><div class=\"kc-wrap-columns\"><div class=\"kc-elm kc-css-508890 kc_col-sm-12 kc_column kc_col-sm-12\"><div class=\"kc-col-container\"><div class=\"kc-elm kc_text_block\"><\/p>\n<style type=\"text\/css\"><\/style>\n<section class=\"kc-elm kc-css-2670906 kc_row\">\n<div class=\"kc-row-container kc-container\">\n<div class=\"kc-wrap-columns\">\n<div class=\"kc-elm kc-css-3653420 kc_col-sm-12 kc_column kc_col-sm-12\">\n<div class=\"kc-col-container\">\n<div class=\"kc-elm kc-css-1608656 kc_text_block\">\n<p style=\"text-align: justify;\">Construire ou r\u00e9nover des chais de mani\u00e8re durable correspond \u00e0 <strong>un enjeu fort pour les viticulteurs<\/strong> : <strong>r\u00e9duire la consommation \u00e9nerg\u00e9tique<\/strong> tout en pr\u00e9f\u00e9rant les <strong>\u00e9nergies renouvelables<\/strong>, optimiser les flux et le <strong>confort<\/strong>, utiliser des mat\u00e9riaux <strong>biosourc\u00e9s<\/strong>, <strong>valoriser<\/strong> les d\u00e9chets ou sous-produits, s&#8217;int\u00e9grer au <strong>paysage<\/strong>, traiter les <strong>effluents<\/strong>&#8230; sont autant de <a href=\"index.php\/fr\/le-cluster\/les-thematiques\" target=\"_blank\" rel=\"noopener noreferrer\">besoins exprim\u00e9s<\/a> autant par la fili\u00e8re vitivinicole que par la soci\u00e9t\u00e9.<\/p>\n<h3>Une d\u00e9marche INNO&#8217;VIN &#8211; Odeys &#8211; SOLTENA depuis 2012&#8230;<\/h3>\n<p style=\"text-align: justify;\">Inno&#8217;vin et le cluster de la construction durable Odeys, ont commenc\u00e9 \u00e0 collaborer depuis 2012 apr\u00e8s avoir identifi\u00e9 des synergies entre les deux fili\u00e8res. Le premier 17-vin de l&#8217;innovation avait alors rassembl\u00e9 plus de 100 personnes. La d\u00e9marche a \u00e9t\u00e9 relanc\u00e9e depuis d\u00e9but 2016, et <strong>f\u00e9d\u00e8re une vingtaine d&#8217;entreprises adh\u00e9rentes<\/strong> des deux structures, afin de proposer aux viticulteurs des <strong>solutions innovantes<\/strong> pour leur projets de construction \/ r\u00e9novation. En 2016, <a href=\"http:\/\/www.aquitainecroissanceverte.com\/membres\">SOLTENA<\/a> rejoint la d\u00e9marche.<\/p>\n<h2>Les \u00e9v\u00e9nements<\/h2>\n<p style=\"text-align: justify;\">Inno&#8217;vin et le CREAHd organisent r\u00e9guli\u00e8rement des rendez-vous permettant de <strong>diffuser des bonnes pratiques, des informations fili\u00e8re, ainsi que des id\u00e9es d&#8217;innovation \u00e0 int\u00e9grer sur-mesure<\/strong>. Le mot d&#8217;ordre est le m\u00eame pour tous les \u00e9v\u00e9nements : interactivit\u00e9 et dynamisme !<\/p>\n<p>\u00a0<img loading=\"lazy\" decoding=\"async\" class=\" size-full wp-image-10592\" src=\"https:\/\/innovin.fr\/wp-content\/uploads\/2017\/07\/chais-durables-innovation.jpg\" alt=\"chais durables innovation\" width=\"350\" height=\"233\" srcset=\"https:\/\/innovin.fr\/wp-content\/uploads\/2017\/07\/chais-durables-innovation.jpg 500w, https:\/\/innovin.fr\/wp-content\/uploads\/2017\/07\/chais-durables-innovation-300x200.jpg 300w\" sizes=\"auto, (max-width: 350px) 100vw, 350px\" \/>\u00a0\u00a0\u00a0 <img loading=\"lazy\" decoding=\"async\" class=\" size-full wp-image-2616\" src=\"https:\/\/innovin.fr\/wp-content\/uploads\/2017\/07\/chais-durables-smith-haut-lafitte.png\" alt=\"chais durables smith haut lafitte\" width=\"350\" height=\"233\" srcset=\"https:\/\/innovin.fr\/wp-content\/uploads\/2017\/07\/chais-durables-smith-haut-lafitte.png 500w, https:\/\/innovin.fr\/wp-content\/uploads\/2017\/07\/chais-durables-smith-haut-lafitte-300x200.png 300w\" sizes=\"auto, (max-width: 350px) 100vw, 350px\" \/><\/p>\n<p><em>17-vin de l&#8217;innovation du 4 f\u00e9vrier 2016 au Ch\u00e2teau Smith Haut Lafitte : certifications et labels, flash-pr\u00e9sentation des solutions innovantes, rendez-vous B to B&#8230; plus de 130 architectes, viticulteurs et fournsisseurs de solutions pr\u00e9sents.<\/em><\/p>\n<p><strong>Historique des manifestations :<\/strong><\/p>\n<ul>\n<li>17 d\u00e9cembre 2012 : <strong>17-vin de l&#8217;innovation<\/strong> au Ch\u00e2teau Smith Haut Lafitte<\/li>\n<li>4 f\u00e9vrier 2016 : <strong>17-vin de l&#8217;innovation<\/strong> au Ch\u00e2teau Smith Haut Lafitte<\/li>\n<li>7 juillet 2016 : salon Tech n Bio \u00e0 Montagne St Emilion : <strong>flash-pr\u00e9sentations<\/strong> de solutions innovantes<\/li>\n<li>30 novembre 2016 : conf\u00e9rence au salon VINITECH &#8220;innover pour la construction et la r\u00e9novation durable des chais\" <strong>flash-pr\u00e9sentations<\/strong> de solutions<\/li>\n<li>8 d\u00e9cembre 2016 : <strong>Cognac Chais Durables<\/strong> \u00e0 Cognac avec le BNIC<\/li>\n<li>25 janvier 2018 : <strong>Afterwork Chais Durables<\/strong> au Ch\u00e2teau Dillon : comment acc\u00e9l\u00e9rer la diffusion et l&#8217;implantation de solutions durables dans les chais ?<\/li>\n<li>12 juillet 2018 : <strong>Visite du Ch\u00e2teau Couhins<\/strong><\/li>\n<li>12 d\u00e9cembre 2019 :<strong> Chais Durables Cognac<\/strong><\/li>\n<li><\/li>\n<\/ul>\n<h2>Le catalogue de solutions innovantes<\/h2>\n<div style=\"text-align: center;\">\n<div style=\"margin: 8px 0px 4px;\"><a href=\"https:\/\/www.calameo.com\/books\/00444073044dea572bb6c\" target=\"_blank\" rel=\"noopener noreferrer\">Catalogue Chais Durables 2020<\/a><\/div>\n<p>&lt;iframe style=\"margin: 0 auto;\" src=\"\/\/v.calameo.com\/?bkcode=00444073044dea572bb6c\" width=\"300\" height=\"194\" frameborder=\"0\" scrolling=\"no\" allowfullscreen=\"allowfullscreen\"&gt;&lt;\/iframe&gt;<\/p>\n<\/div>\n<p>Un catalogue r\u00e9pertoriant un panel de solutions innovantes et\u00a0 de comp\u00e9tences a \u00e9t\u00e9 \u00e9dit\u00e9, permettant ainsi de fournir aux producteurs quelques informations.<\/p>\n<p><a style=\"font-style: inherit;\" href=\"https:\/\/innovin.fr\/wp-content\/uploads\/2020\/07\/catalogue-chaisdurables2020.pdf\" target=\"_blank\" rel=\"noopener noreferrer\">&gt; T\u00e9l\u00e9charger le catalogue (pdf)<\/a><\/p>\n<h2>Des projets potentiels<\/h2>\n<p style=\"text-align: justify;\">L&#8217;objectif ultime de cette d\u00e9marche pourrait \u00eatre d&#8217;aboutir \u00e0 des <strong>projets collaboratifs<\/strong> impliquant divers acteurs de la fili\u00e8re vitivinicole et de la construction&#8230; afin d&#8217;aider plus amplement les viticulteurs dans leur transition durable : diagnostics, aides \u00e0 la r\u00e9alisation de projet&#8230; les possibilit\u00e9s sont tr\u00e8s vari\u00e9es !<\/p>\n<\/div>\n<\/div>\n<\/div>\n<\/div>\n<\/div>\n<\/section>\n<p>\n<\/div><\/div><\/div><\/div><\/div><\/section>\n","protected":false},"excerpt":{"rendered":"","protected":false},"author":3701,"featured_media":10593,"parent":0,"menu_order":384,"comment_status":"closed","ping_status":"closed","template":"","meta":{"_acf_changed":false,"footnotes":""},"class_list":["post-10591","page","type-page","status-publish","has-post-thumbnail","hentry"],"acf":[],"yoast_head":"<!-- This site is optimized with the Yoast SEO plugin v26.3 - https:\/\/yoast.com\/wordpress\/plugins\/seo\/ -->\n<title>Chais Durables | INNO&#039;VIN<\/title>\n<meta name=\"robots\" content=\"index, follow, max-snippet:-1, max-image-preview:large, max-video-preview:-1\" \/>\n<link rel=\"canonical\" href=\"https:\/\/innovin.fr\/en\/chais-durables\/\" \/>\n<meta property=\"og:locale\" content=\"en_US\" \/>\n<meta property=\"og:type\" content=\"article\" \/>\n<meta property=\"og:title\" content=\"Chais Durables | INNO&#039;VIN\" \/>\n<meta property=\"og:description\" content=\"Construire ou r\u00e9nover des chais de mani\u00e8re durable correspond \u00e0 un enjeu fort pour les viticulteurs : r\u00e9duire la consommation \u00e9nerg\u00e9tique tout en pr\u00e9f\u00e9rant les \u00e9nergies renouvelables, optimiser les flux [&hellip;]\" \/>\n<meta property=\"og:url\" content=\"https:\/\/innovin.fr\/en\/chais-durables\/\" \/>\n<meta property=\"og:site_name\" content=\"INNO&#039;VIN\" \/>\n<meta property=\"article:modified_time\" content=\"2021-06-18T13:09:27+00:00\" \/>\n<meta property=\"og:image\" content=\"https:\/\/innovin.fr\/wp-content\/uploads\/2017\/07\/chais-durables.png\" \/>\n\t<meta property=\"og:image:width\" content=\"1000\" \/>\n\t<meta property=\"og:image:height\" content=\"175\" \/>\n\t<meta property=\"og:image:type\" content=\"image\/png\" \/>\n<meta name=\"twitter:card\" content=\"summary_large_image\" \/>\n<meta name=\"twitter:label1\" content=\"Est. reading time\" \/>\n\t<meta name=\"twitter:data1\" content=\"2 minutes\" \/>\n<script type=\"application\/ld+json\" class=\"yoast-schema-graph\">{\"@context\":\"https:\/\/schema.org\",\"@graph\":[{\"@type\":\"WebPage\",\"@id\":\"https:\/\/innovin.fr\/en\/chais-durables\/\",\"url\":\"https:\/\/innovin.fr\/en\/chais-durables\/\",\"name\":\"Chais Durables | INNO'VIN\",\"isPartOf\":{\"@id\":\"https:\/\/innovin.fr\/#website\"},\"primaryImageOfPage\":{\"@id\":\"https:\/\/innovin.fr\/en\/chais-durables\/#primaryimage\"},\"image\":{\"@id\":\"https:\/\/innovin.fr\/en\/chais-durables\/#primaryimage\"},\"thumbnailUrl\":\"https:\/\/innovin.fr\/wp-content\/uploads\/2017\/07\/chais-durables.png\",\"datePublished\":\"2017-07-27T07:48:00+00:00\",\"dateModified\":\"2021-06-18T13:09:27+00:00\",\"breadcrumb\":{\"@id\":\"https:\/\/innovin.fr\/en\/chais-durables\/#breadcrumb\"},\"inLanguage\":\"en-US\",\"potentialAction\":[{\"@type\":\"ReadAction\",\"target\":[\"https:\/\/innovin.fr\/en\/chais-durables\/\"]}]},{\"@type\":\"ImageObject\",\"inLanguage\":\"en-US\",\"@id\":\"https:\/\/innovin.fr\/en\/chais-durables\/#primaryimage\",\"url\":\"https:\/\/innovin.fr\/wp-content\/uploads\/2017\/07\/chais-durables.png\",\"contentUrl\":\"https:\/\/innovin.fr\/wp-content\/uploads\/2017\/07\/chais-durables.png\",\"width\":1000,\"height\":175},{\"@type\":\"BreadcrumbList\",\"@id\":\"https:\/\/innovin.fr\/en\/chais-durables\/#breadcrumb\",\"itemListElement\":[{\"@type\":\"ListItem\",\"position\":1,\"name\":\"Accueil\",\"item\":\"https:\/\/innovin.fr\/\"},{\"@type\":\"ListItem\",\"position\":2,\"name\":\"Chais Durables\"}]},{\"@type\":\"WebSite\",\"@id\":\"https:\/\/innovin.fr\/#website\",\"url\":\"https:\/\/innovin.fr\/\",\"name\":\"INNO'VIN\",\"description\":\"Innovation at the service of the wine industry\",\"potentialAction\":[{\"@type\":\"SearchAction\",\"target\":{\"@type\":\"EntryPoint\",\"urlTemplate\":\"https:\/\/innovin.fr\/?s={search_term_string}\"},\"query-input\":{\"@type\":\"PropertyValueSpecification\",\"valueRequired\":true,\"valueName\":\"search_term_string\"}}],\"inLanguage\":\"en-US\"}]}<\/script>\n<!-- \/ Yoast SEO plugin. -->","yoast_head_json":{"title":"Chais Durables | INNO'VIN","robots":{"index":"index","follow":"follow","max-snippet":"max-snippet:-1","max-image-preview":"max-image-preview:large","max-video-preview":"max-video-preview:-1"},"canonical":"https:\/\/innovin.fr\/en\/chais-durables\/","og_locale":"en_US","og_type":"article","og_title":"Chais Durables | INNO'VIN","og_description":"Construire ou r\u00e9nover des chais de mani\u00e8re durable correspond \u00e0 un enjeu fort pour les viticulteurs : r\u00e9duire la consommation \u00e9nerg\u00e9tique tout en pr\u00e9f\u00e9rant les \u00e9nergies renouvelables, optimiser les flux [&hellip;]","og_url":"https:\/\/innovin.fr\/en\/chais-durables\/","og_site_name":"INNO'VIN","article_modified_time":"2021-06-18T13:09:27+00:00","og_image":[{"width":1000,"height":175,"url":"https:\/\/innovin.fr\/wp-content\/uploads\/2017\/07\/chais-durables.png","type":"image\/png"}],"twitter_card":"summary_large_image","twitter_misc":{"Est. reading time":"2 minutes"},"schema":{"@context":"https:\/\/schema.org","@graph":[{"@type":"WebPage","@id":"https:\/\/innovin.fr\/en\/chais-durables\/","url":"https:\/\/innovin.fr\/en\/chais-durables\/","name":"Chais Durables | INNO'VIN","isPartOf":{"@id":"https:\/\/innovin.fr\/#website"},"primaryImageOfPage":{"@id":"https:\/\/innovin.fr\/en\/chais-durables\/#primaryimage"},"image":{"@id":"https:\/\/innovin.fr\/en\/chais-durables\/#primaryimage"},"thumbnailUrl":"https:\/\/innovin.fr\/wp-content\/uploads\/2017\/07\/chais-durables.png","datePublished":"2017-07-27T07:48:00+00:00","dateModified":"2021-06-18T13:09:27+00:00","breadcrumb":{"@id":"https:\/\/innovin.fr\/en\/chais-durables\/#breadcrumb"},"inLanguage":"en-US","potentialAction":[{"@type":"ReadAction","target":["https:\/\/innovin.fr\/en\/chais-durables\/"]}]},{"@type":"ImageObject","inLanguage":"en-US","@id":"https:\/\/innovin.fr\/en\/chais-durables\/#primaryimage","url":"https:\/\/innovin.fr\/wp-content\/uploads\/2017\/07\/chais-durables.png","contentUrl":"https:\/\/innovin.fr\/wp-content\/uploads\/2017\/07\/chais-durables.png","width":1000,"height":175},{"@type":"BreadcrumbList","@id":"https:\/\/innovin.fr\/en\/chais-durables\/#breadcrumb","itemListElement":[{"@type":"ListItem","position":1,"name":"Accueil","item":"https:\/\/innovin.fr\/"},{"@type":"ListItem","position":2,"name":"Chais Durables"}]},{"@type":"WebSite","@id":"https:\/\/innovin.fr\/#website","url":"https:\/\/innovin.fr\/","name":"INNO'VIN","description":"Innovation at the service of the wine industry","potentialAction":[{"@type":"SearchAction","target":{"@type":"EntryPoint","urlTemplate":"https:\/\/innovin.fr\/?s={search_term_string}"},"query-input":{"@type":"PropertyValueSpecification","valueRequired":true,"valueName":"search_term_string"}}],"inLanguage":"en-US"}]}},"_links":{"self":[{"href":"https:\/\/innovin.fr\/en\/wp-json\/wp\/v2\/pages\/10591","targetHints":{"allow":["GET"]}}],"collection":[{"href":"https:\/\/innovin.fr\/en\/wp-json\/wp\/v2\/pages"}],"about":[{"href":"https:\/\/innovin.fr\/en\/wp-json\/wp\/v2\/types\/page"}],"author":[{"embeddable":true,"href":"https:\/\/innovin.fr\/en\/wp-json\/wp\/v2\/users\/3701"}],"replies":[{"embeddable":true,"href":"https:\/\/innovin.fr\/en\/wp-json\/wp\/v2\/comments?post=10591"}],"version-history":[{"count":1,"href":"https:\/\/innovin.fr\/en\/wp-json\/wp\/v2\/pages\/10591\/revisions"}],"predecessor-version":[{"id":10594,"href":"https:\/\/innovin.fr\/en\/wp-json\/wp\/v2\/pages\/10591\/revisions\/10594"}],"wp:featuredmedia":[{"embeddable":true,"href":"https:\/\/innovin.fr\/en\/wp-json\/wp\/v2\/media\/10593"}],"wp:attachment":[{"href":"https:\/\/innovin.fr\/en\/wp-json\/wp\/v2\/media?parent=10591"}],"curies":[{"name":"wp","href":"https:\/\/api.w.org\/{rel}","templated":true}]}}