{"id":10900,"date":"2021-08-31T10:18:44","date_gmt":"2021-08-31T08:18:44","guid":{"rendered":"https:\/\/innovin.fr\/?page_id=10900"},"modified":"2021-08-31T10:18:44","modified_gmt":"2021-08-31T08:18:44","slug":"allici","status":"publish","type":"page","link":"https:\/\/innovin.fr\/en\/pool-conseil\/allici\/","title":{"rendered":"Allici"},"content":{"rendered":"<p><section class=\"kc-elm kc-css-988021 kc_row\"><div class=\"kc-row-container  kc-container\"><div class=\"kc-wrap-columns\"><div class=\"kc-elm kc-css-555174 kc_col-sm-12 kc_column kc_col-sm-12\"><div class=\"kc-col-container\"><div class=\"kc-elm kc-css-116154\" style=\"height: 10px; clear: both; width:100%;\"><\/div><div class=\"kc-elm kc-css-274771 kc-raw-code\"><a class=\"uk-button\" href=\"https:\/\/innovin.fr\/en\/pool-conseil\">Retour au Pool Conseil<\/a><\/div><\/div><\/div><\/div><\/div><\/section><section class=\"kc-elm kc-css-143160 kc_row\"><div class=\"kc-row-container  kc-container  uk-article\"><div class=\"kc-wrap-columns\"><div class=\"kc-elm kc-css-460175 kc_col-sm-5 kc_column kc_col-sm-5\"><div class=\"kc-col-container\"><div class=\"kc-elm kc-css-364715 kc_shortcode kc_single_image\">\n\n        <img decoding=\"async\" src=\"https:\/\/innovin.fr\/wp-content\/uploads\/2021\/07\/allici.png\" class=\"\" alt=\"\" \/>    <\/div>\n<div class=\"kc-elm kc-css-636630\" style=\"height: 10px; clear: both; width:100%;\"><\/div><\/div><\/div><div class=\"kc-elm kc-css-548030 kc_col-sm-7 kc_column kc_col-sm-7\"><div class=\"kc-col-container\">\n<div class=\"kc-elm kc-css-149741 kc-title-wrap \">\n\n\t<h1 class=\"kc_title\">ALLICI<\/h1>\n<\/div>\n<div class=\"kc-elm kc-css-460942 kc_text_block\"><\/p>\n<p>Conseil aux soci\u00e9t\u00e9s en mati\u00e8re de brevets et de marques<\/p>\n<p>\n<\/div>\n<div class=\"kc-elm kc-css-200552 kc-title-wrap \">\n\n\t<h2 class=\"kc_title\">Champs d'application<\/h2>\n<\/div>\n<div class=\"kc-elm kc-css-422280 kc_text_block\"><\/p>\n<p>Viti-vini I March\u00e9 I Management-Logistique I Autres<\/p>\n<p>\n<\/div>\n<div class=\"kc-elm kc-css-506063 kc-title-wrap \">\n\n\t<h2 class=\"kc_title\">Client\u00e8le<\/h2>\n<\/div>\n<div class=\"kc-elm kc-css-609967 kc_text_block\"><\/p>\n<p>Toute soci\u00e9t\u00e9 qui souhaite prot\u00e9ger ses marques ou innovations<\/p>\n<p>\n<\/div><\/div><\/div><\/div><\/div><\/section><section class=\"kc-elm kc-css-215970 kc_row\"><div class=\"kc-row-container  kc-container  uk-article\"><div class=\"kc-wrap-columns\"><div class=\"kc-elm kc-css-921771 kc_col-sm-12 kc_column kc_col-sm-12\"><div class=\"kc-col-container\">\n<div class=\"kc-elm kc-css-176891 kc-title-wrap \">\n\n\t<h2 class=\"kc_title\">Comp\u00e9tences<\/h2>\n<\/div>\n<div class=\"kc-elm kc-css-943104\" style=\"height: 10px; clear: both; width:100%;\"><\/div><div class=\"kc-elm kc-css-174098 kc_text_block\"><\/p>\n<p>Recherche de la disponibilit\u00e9 d\u2019une marque<br \/>\nObtention de marques en France et \u00e0 l\u2019\u00e9tranger<br \/>\nRecherche des ant\u00e9riorit\u00e9s en mati\u00e8re de brevet<br \/>\nR\u00e9daction de contrats de recherche collaborative<br \/>\nObtention de brevets en France et \u00e0 l\u2019\u00e9tranger<br \/>\nR\u00e9daction de contrats de licence et de cession de brevet et de marque<\/p>\n<p>\n<\/div><\/div><\/div><\/div><\/div><\/section><section class=\"kc-elm kc-css-491805 kc_row\"><div class=\"kc-row-container  kc-container  uk-article\"><div class=\"kc-wrap-columns\"><div class=\"kc-elm kc-css-677833 kc_col-sm-5 kc_column kc_col-sm-5\"><div class=\"kc-col-container\">\n<div class=\"kc-elm kc-css-373693 kc-title-wrap \">\n\n\t<h2 class=\"kc_title\">Contacts<\/h2>\n<\/div>\n<div class=\"kc-elm kc-css-699255\" style=\"height: 10px; clear: both; width:100%;\"><\/div><\/div><\/div><div class=\"kc-elm kc-css-522984 kc_col-sm-7 kc_column kc_col-sm-7\"><div class=\"kc-col-container\"><div class=\"kc-elm kc-css-792186\" style=\"height: 10px; clear: both; width:100%;\"><\/div><div class=\"kc-elm kc-css-618317 kc_text_block\"><\/p>\n<p>Laurent Fantin<br \/>\n05 56 96 26 20<br \/>\ncontact@allici.fr<br \/>\nwww.allici.fr<br \/>\nBordeaux (33)<\/p>\n<p>T\u00e9l\u00e9charger la carte d&#8217;identit\u00e9<\/p>\n<p>\n<\/div><\/div><\/div><\/div><\/div><\/section><\/p>\n","protected":false},"excerpt":{"rendered":"","protected":false},"author":3700,"featured_media":10230,"parent":10195,"menu_order":0,"comment_status":"closed","ping_status":"closed","template":"layouts\/page-notittle.php","meta":{"_acf_changed":false,"footnotes":""},"class_list":["post-10900","page","type-page","status-publish","has-post-thumbnail","hentry"],"acf":[],"yoast_head":"<!-- This site is optimized with the Yoast SEO plugin v26.3 - https:\/\/yoast.com\/wordpress\/plugins\/seo\/ -->\n<title>Allici | INNO&#039;VIN<\/title>\n<meta name=\"robots\" content=\"index, follow, max-snippet:-1, max-image-preview:large, max-video-preview:-1\" \/>\n<link rel=\"canonical\" href=\"https:\/\/innovin.fr\/en\/pool-conseil\/allici\/\" \/>\n<meta property=\"og:locale\" content=\"en_US\" \/>\n<meta property=\"og:type\" content=\"article\" \/>\n<meta property=\"og:title\" content=\"Allici | INNO&#039;VIN\" \/>\n<meta property=\"og:description\" content=\"Retour au Pool Conseil ALLICI Conseil aux soci\u00e9t\u00e9s en mati\u00e8re de brevets et de marques Champs d&#8217;application Viti-vini I March\u00e9 I Management-Logistique I Autres Client\u00e8le Toute soci\u00e9t\u00e9 qui souhaite prot\u00e9ger [&hellip;]\" \/>\n<meta property=\"og:url\" content=\"https:\/\/innovin.fr\/en\/pool-conseil\/allici\/\" \/>\n<meta property=\"og:site_name\" content=\"INNO&#039;VIN\" \/>\n<meta property=\"og:image\" content=\"https:\/\/innovin.fr\/wp-content\/uploads\/2020\/04\/pool-conseil.png\" \/>\n\t<meta property=\"og:image:width\" content=\"1600\" \/>\n\t<meta property=\"og:image:height\" content=\"280\" \/>\n\t<meta property=\"og:image:type\" content=\"image\/png\" \/>\n<meta name=\"twitter:card\" content=\"summary_large_image\" \/>\n<meta name=\"twitter:label1\" content=\"Est. reading time\" \/>\n\t<meta name=\"twitter:data1\" content=\"1 minute\" \/>\n<script type=\"application\/ld+json\" class=\"yoast-schema-graph\">{\"@context\":\"https:\/\/schema.org\",\"@graph\":[{\"@type\":\"WebPage\",\"@id\":\"https:\/\/innovin.fr\/en\/pool-conseil\/allici\/\",\"url\":\"https:\/\/innovin.fr\/en\/pool-conseil\/allici\/\",\"name\":\"Allici | INNO'VIN\",\"isPartOf\":{\"@id\":\"https:\/\/innovin.fr\/#website\"},\"primaryImageOfPage\":{\"@id\":\"https:\/\/innovin.fr\/en\/pool-conseil\/allici\/#primaryimage\"},\"image\":{\"@id\":\"https:\/\/innovin.fr\/en\/pool-conseil\/allici\/#primaryimage\"},\"thumbnailUrl\":\"https:\/\/innovin.fr\/wp-content\/uploads\/2020\/04\/pool-conseil.png\",\"datePublished\":\"2021-08-31T08:18:44+00:00\",\"breadcrumb\":{\"@id\":\"https:\/\/innovin.fr\/en\/pool-conseil\/allici\/#breadcrumb\"},\"inLanguage\":\"en-US\",\"potentialAction\":[{\"@type\":\"ReadAction\",\"target\":[\"https:\/\/innovin.fr\/en\/pool-conseil\/allici\/\"]}]},{\"@type\":\"ImageObject\",\"inLanguage\":\"en-US\",\"@id\":\"https:\/\/innovin.fr\/en\/pool-conseil\/allici\/#primaryimage\",\"url\":\"https:\/\/innovin.fr\/wp-content\/uploads\/2020\/04\/pool-conseil.png\",\"contentUrl\":\"https:\/\/innovin.fr\/wp-content\/uploads\/2020\/04\/pool-conseil.png\",\"width\":1600,\"height\":280},{\"@type\":\"BreadcrumbList\",\"@id\":\"https:\/\/innovin.fr\/en\/pool-conseil\/allici\/#breadcrumb\",\"itemListElement\":[{\"@type\":\"ListItem\",\"position\":1,\"name\":\"Accueil\",\"item\":\"https:\/\/innovin.fr\/\"},{\"@type\":\"ListItem\",\"position\":2,\"name\":\"Pool Conseil\",\"item\":\"https:\/\/innovin.fr\/en\/pool-conseil\/\"},{\"@type\":\"ListItem\",\"position\":3,\"name\":\"Allici\"}]},{\"@type\":\"WebSite\",\"@id\":\"https:\/\/innovin.fr\/#website\",\"url\":\"https:\/\/innovin.fr\/\",\"name\":\"INNO'VIN\",\"description\":\"Innovation at the service of the wine industry\",\"potentialAction\":[{\"@type\":\"SearchAction\",\"target\":{\"@type\":\"EntryPoint\",\"urlTemplate\":\"https:\/\/innovin.fr\/?s={search_term_string}\"},\"query-input\":{\"@type\":\"PropertyValueSpecification\",\"valueRequired\":true,\"valueName\":\"search_term_string\"}}],\"inLanguage\":\"en-US\"}]}<\/script>\n<!-- \/ Yoast SEO plugin. -->","yoast_head_json":{"title":"Allici | INNO'VIN","robots":{"index":"index","follow":"follow","max-snippet":"max-snippet:-1","max-image-preview":"max-image-preview:large","max-video-preview":"max-video-preview:-1"},"canonical":"https:\/\/innovin.fr\/en\/pool-conseil\/allici\/","og_locale":"en_US","og_type":"article","og_title":"Allici | INNO'VIN","og_description":"Retour au Pool Conseil ALLICI Conseil aux soci\u00e9t\u00e9s en mati\u00e8re de brevets et de marques Champs d&#8217;application Viti-vini I March\u00e9 I Management-Logistique I Autres Client\u00e8le Toute soci\u00e9t\u00e9 qui souhaite prot\u00e9ger [&hellip;]","og_url":"https:\/\/innovin.fr\/en\/pool-conseil\/allici\/","og_site_name":"INNO'VIN","og_image":[{"width":1600,"height":280,"url":"https:\/\/innovin.fr\/wp-content\/uploads\/2020\/04\/pool-conseil.png","type":"image\/png"}],"twitter_card":"summary_large_image","twitter_misc":{"Est. reading time":"1 minute"},"schema":{"@context":"https:\/\/schema.org","@graph":[{"@type":"WebPage","@id":"https:\/\/innovin.fr\/en\/pool-conseil\/allici\/","url":"https:\/\/innovin.fr\/en\/pool-conseil\/allici\/","name":"Allici | INNO'VIN","isPartOf":{"@id":"https:\/\/innovin.fr\/#website"},"primaryImageOfPage":{"@id":"https:\/\/innovin.fr\/en\/pool-conseil\/allici\/#primaryimage"},"image":{"@id":"https:\/\/innovin.fr\/en\/pool-conseil\/allici\/#primaryimage"},"thumbnailUrl":"https:\/\/innovin.fr\/wp-content\/uploads\/2020\/04\/pool-conseil.png","datePublished":"2021-08-31T08:18:44+00:00","breadcrumb":{"@id":"https:\/\/innovin.fr\/en\/pool-conseil\/allici\/#breadcrumb"},"inLanguage":"en-US","potentialAction":[{"@type":"ReadAction","target":["https:\/\/innovin.fr\/en\/pool-conseil\/allici\/"]}]},{"@type":"ImageObject","inLanguage":"en-US","@id":"https:\/\/innovin.fr\/en\/pool-conseil\/allici\/#primaryimage","url":"https:\/\/innovin.fr\/wp-content\/uploads\/2020\/04\/pool-conseil.png","contentUrl":"https:\/\/innovin.fr\/wp-content\/uploads\/2020\/04\/pool-conseil.png","width":1600,"height":280},{"@type":"BreadcrumbList","@id":"https:\/\/innovin.fr\/en\/pool-conseil\/allici\/#breadcrumb","itemListElement":[{"@type":"ListItem","position":1,"name":"Accueil","item":"https:\/\/innovin.fr\/"},{"@type":"ListItem","position":2,"name":"Pool Conseil","item":"https:\/\/innovin.fr\/en\/pool-conseil\/"},{"@type":"ListItem","position":3,"name":"Allici"}]},{"@type":"WebSite","@id":"https:\/\/innovin.fr\/#website","url":"https:\/\/innovin.fr\/","name":"INNO'VIN","description":"Innovation at the service of the wine industry","potentialAction":[{"@type":"SearchAction","target":{"@type":"EntryPoint","urlTemplate":"https:\/\/innovin.fr\/?s={search_term_string}"},"query-input":{"@type":"PropertyValueSpecification","valueRequired":true,"valueName":"search_term_string"}}],"inLanguage":"en-US"}]}},"_links":{"self":[{"href":"https:\/\/innovin.fr\/en\/wp-json\/wp\/v2\/pages\/10900","targetHints":{"allow":["GET"]}}],"collection":[{"href":"https:\/\/innovin.fr\/en\/wp-json\/wp\/v2\/pages"}],"about":[{"href":"https:\/\/innovin.fr\/en\/wp-json\/wp\/v2\/types\/page"}],"author":[{"embeddable":true,"href":"https:\/\/innovin.fr\/en\/wp-json\/wp\/v2\/users\/3700"}],"replies":[{"embeddable":true,"href":"https:\/\/innovin.fr\/en\/wp-json\/wp\/v2\/comments?post=10900"}],"version-history":[{"count":3,"href":"https:\/\/innovin.fr\/en\/wp-json\/wp\/v2\/pages\/10900\/revisions"}],"predecessor-version":[{"id":14420,"href":"https:\/\/innovin.fr\/en\/wp-json\/wp\/v2\/pages\/10900\/revisions\/14420"}],"up":[{"embeddable":true,"href":"https:\/\/innovin.fr\/en\/wp-json\/wp\/v2\/pages\/10195"}],"wp:featuredmedia":[{"embeddable":true,"href":"https:\/\/innovin.fr\/en\/wp-json\/wp\/v2\/media\/10230"}],"wp:attachment":[{"href":"https:\/\/innovin.fr\/en\/wp-json\/wp\/v2\/media?parent=10900"}],"curies":[{"name":"wp","href":"https:\/\/api.w.org\/{rel}","templated":true}]}}