{"id":10911,"date":"2021-08-31T10:20:22","date_gmt":"2021-08-31T08:20:22","guid":{"rendered":"https:\/\/innovin.fr\/?page_id=10911"},"modified":"2021-08-31T10:20:22","modified_gmt":"2021-08-31T08:20:22","slug":"aoc-conseils","status":"publish","type":"page","link":"https:\/\/innovin.fr\/en\/pool-conseil\/aoc-conseils\/","title":{"rendered":"AOC Conseils"},"content":{"rendered":"<p><section class=\"kc-elm kc-css-552647 kc_row\"><div class=\"kc-row-container  kc-container\"><div class=\"kc-wrap-columns\"><div class=\"kc-elm kc-css-482175 kc_col-sm-12 kc_column kc_col-sm-12\"><div class=\"kc-col-container\"><div class=\"kc-elm kc-css-162974\" style=\"height: 10px; clear: both; width:100%;\"><\/div><div class=\"kc-elm kc-css-809707 kc-raw-code\"><a class=\"uk-button\" href=\"https:\/\/innovin.fr\/en\/pool-conseil\">Retour au Pool Conseil<\/a><\/div><\/div><\/div><\/div><\/div><\/section><section class=\"kc-elm kc-css-242102 kc_row\"><div class=\"kc-row-container  kc-container  uk-article\"><div class=\"kc-wrap-columns\"><div class=\"kc-elm kc-css-341235 kc_col-sm-5 kc_column kc_col-sm-5\"><div class=\"kc-col-container\"><div class=\"kc-elm kc-css-551123 kc_shortcode kc_single_image\">\n\n        <img decoding=\"async\" src=\"https:\/\/innovin.fr\/wp-content\/uploads\/2021\/07\/AOC.png\" class=\"\" alt=\"\" \/>    <\/div>\n<div class=\"kc-elm kc-css-902984\" style=\"height: 10px; clear: both; width:100%;\"><\/div><\/div><\/div><div class=\"kc-elm kc-css-165413 kc_col-sm-7 kc_column kc_col-sm-7\"><div class=\"kc-col-container\">\n<div class=\"kc-elm kc-css-594658 kc-title-wrap \">\n\n\t<h1 class=\"kc_title\">AOC CONSEILS<\/h1>\n<\/div>\n<div class=\"kc-elm kc-css-929166 kc_text_block\"><\/p>\n<p>\nAccompagnement des entreprises dans la d\u00e9finition et la mise en place de leur strat\u00e9gie<\/p>\n<p>\n<\/div>\n<div class=\"kc-elm kc-css-772707 kc-title-wrap \">\n\n\t<h2 class=\"kc_title\">Champs d'application<\/h2>\n<\/div>\n<div class=\"kc-elm kc-css-782333 kc_text_block\"><\/p>\n<p>\nMarch\u00e9  I  Management-Logistique<\/p>\n<p>\n<\/div>\n<div class=\"kc-elm kc-css-11281 kc-title-wrap \">\n\n\t<h2 class=\"kc_title\">Client\u00e8le<\/h2>\n<\/div>\n<div class=\"kc-elm kc-css-788516 kc_text_block\"><\/p>\n<p>\nProducteurs  I  N\u00e9gociants  I  Institutions-Formation<strong><br \/><\/strong><\/p>\n<p>\n<\/div><\/div><\/div><\/div><\/div><\/section><section class=\"kc-elm kc-css-548698 kc_row\"><div class=\"kc-row-container  kc-container  uk-article\"><div class=\"kc-wrap-columns\"><div class=\"kc-elm kc-css-632388 kc_col-sm-12 kc_column kc_col-sm-12\"><div class=\"kc-col-container\">\n<div class=\"kc-elm kc-css-558618 kc-title-wrap \">\n\n\t<h2 class=\"kc_title\">Comp\u00e9tences<\/h2>\n<\/div>\n<div class=\"kc-elm kc-css-502745\" style=\"height: 10px; clear: both; width:100%;\"><\/div><div class=\"kc-elm kc-css-512442 kc_text_block\"><\/p>\n<ul>\n<li>R\u00e9alisation de <strong>diagnostic 360\u00b0<\/strong> (production, finance, RH, commercialisation)<\/li>\n<li>Construction de <strong>strat\u00e9gie<\/strong> et am\u00e9lioration de performance<\/li>\n<li>D\u00e9finition de son <strong>ADN de marque, le design de son produit ou le packaging<\/strong><\/li>\n<li>\n<div>Demande de <strong>subventions<\/strong> (dossiers OCM, FAFSEA, VIVEA, aide \u00e0 la promotion pays tiers, aide au d\u00e9veloppement export)<\/div>\n<\/li>\n<li>\n<div>Recrutement du<strong> personnel<\/strong><\/div>\n<\/li>\n<li>\n<div>Acc\u00e9l\u00e9ration des <strong>projets<\/strong><\/div>\n<\/li>\n<\/ul>\n<p>\n<\/div><\/div><\/div><\/div><\/div><\/section><section class=\"kc-elm kc-css-861792 kc_row\"><div class=\"kc-row-container  kc-container  uk-article\"><div class=\"kc-wrap-columns\"><div class=\"kc-elm kc-css-527165 kc_col-sm-5 kc_column kc_col-sm-5\"><div class=\"kc-col-container\">\n<div class=\"kc-elm kc-css-476501 kc-title-wrap \">\n\n\t<h2 class=\"kc_title\">Contact<\/h2>\n<\/div>\n<div class=\"kc-elm kc-css-940149\" style=\"height: 20px; clear: both; width:100%;\"><\/div><div class=\"kc-elm kc-css-475275 kc_shortcode kc_single_image\">\n\n        <img decoding=\"async\" src=\"https:\/\/innovin.fr\/wp-content\/uploads\/2018\/01\/aoc-conseils.png\" class=\"\" alt=\"\" \/>    <\/div>\n<div class=\"kc-elm kc-css-404165\" style=\"height: 10px; clear: both; width:100%;\"><\/div><\/div><\/div><div class=\"kc-elm kc-css-412059 kc_col-sm-7 kc_column kc_col-sm-7\"><div class=\"kc-col-container\"><div class=\"kc-elm kc-css-490835\" style=\"height: 65px; clear: both; width:100%;\"><\/div><div class=\"kc-elm kc-css-545468 kc_text_block\"><\/p>\n<p>\n<strong>Olivier Antoine-Geny<br \/><\/strong>06 03 89 27 65<br \/>olivier.antoine@aoc-conseils.com<br \/><a href=\"https:\/\/www.aoc-conseils.com\" target=\"_blank\" rel=\"noopener\">www.aoc-conseils.com<\/a><br \/>Lormont (33)<\/p>\n<p><a class=\"btn uk-button\" href=\"https:\/\/innovin.fr\/wp-content\/uploads\/2021\/07\/AOC-Conseils.pdf\" target=\"_blank\" rel=\"noopener noreferrer\">T\u00e9l\u00e9charger la carte d&#039;identit\u00e9<\/a><\/p>\n<p>\n<\/div><\/div><\/div><\/div><\/div><\/section><\/p>\n","protected":false},"excerpt":{"rendered":"","protected":false},"author":3700,"featured_media":10230,"parent":10195,"menu_order":0,"comment_status":"closed","ping_status":"closed","template":"layouts\/page-notittle.php","meta":{"_acf_changed":false,"footnotes":""},"class_list":["post-10911","page","type-page","status-publish","has-post-thumbnail","hentry"],"acf":[],"yoast_head":"<!-- This site is optimized with the Yoast SEO plugin v26.3 - https:\/\/yoast.com\/wordpress\/plugins\/seo\/ -->\n<title>AOC Conseils | INNO&#039;VIN<\/title>\n<meta name=\"robots\" content=\"index, follow, max-snippet:-1, max-image-preview:large, max-video-preview:-1\" \/>\n<link rel=\"canonical\" href=\"https:\/\/innovin.fr\/en\/pool-conseil\/aoc-conseils\/\" \/>\n<meta property=\"og:locale\" content=\"en_US\" \/>\n<meta property=\"og:type\" content=\"article\" \/>\n<meta property=\"og:title\" content=\"AOC Conseils | INNO&#039;VIN\" \/>\n<meta property=\"og:description\" content=\"Retour au Pool Conseil AOC CONSEILS Accompagnement des entreprises dans la d\u00e9finition et la mise en place de leur strat\u00e9gie Champs d&#8217;application March\u00e9 I Management-Logistique Client\u00e8le Producteurs I N\u00e9gociants I [&hellip;]\" \/>\n<meta property=\"og:url\" content=\"https:\/\/innovin.fr\/en\/pool-conseil\/aoc-conseils\/\" \/>\n<meta property=\"og:site_name\" content=\"INNO&#039;VIN\" \/>\n<meta property=\"og:image\" content=\"https:\/\/innovin.fr\/wp-content\/uploads\/2020\/04\/pool-conseil.png\" \/>\n\t<meta property=\"og:image:width\" content=\"1600\" \/>\n\t<meta property=\"og:image:height\" content=\"280\" \/>\n\t<meta property=\"og:image:type\" content=\"image\/png\" \/>\n<meta name=\"twitter:card\" content=\"summary_large_image\" \/>\n<meta name=\"twitter:label1\" content=\"Est. reading time\" \/>\n\t<meta name=\"twitter:data1\" content=\"1 minute\" \/>\n<script type=\"application\/ld+json\" class=\"yoast-schema-graph\">{\"@context\":\"https:\/\/schema.org\",\"@graph\":[{\"@type\":\"WebPage\",\"@id\":\"https:\/\/innovin.fr\/en\/pool-conseil\/aoc-conseils\/\",\"url\":\"https:\/\/innovin.fr\/en\/pool-conseil\/aoc-conseils\/\",\"name\":\"AOC Conseils | INNO'VIN\",\"isPartOf\":{\"@id\":\"https:\/\/innovin.fr\/#website\"},\"primaryImageOfPage\":{\"@id\":\"https:\/\/innovin.fr\/en\/pool-conseil\/aoc-conseils\/#primaryimage\"},\"image\":{\"@id\":\"https:\/\/innovin.fr\/en\/pool-conseil\/aoc-conseils\/#primaryimage\"},\"thumbnailUrl\":\"https:\/\/innovin.fr\/wp-content\/uploads\/2020\/04\/pool-conseil.png\",\"datePublished\":\"2021-08-31T08:20:22+00:00\",\"breadcrumb\":{\"@id\":\"https:\/\/innovin.fr\/en\/pool-conseil\/aoc-conseils\/#breadcrumb\"},\"inLanguage\":\"en-US\",\"potentialAction\":[{\"@type\":\"ReadAction\",\"target\":[\"https:\/\/innovin.fr\/en\/pool-conseil\/aoc-conseils\/\"]}]},{\"@type\":\"ImageObject\",\"inLanguage\":\"en-US\",\"@id\":\"https:\/\/innovin.fr\/en\/pool-conseil\/aoc-conseils\/#primaryimage\",\"url\":\"https:\/\/innovin.fr\/wp-content\/uploads\/2020\/04\/pool-conseil.png\",\"contentUrl\":\"https:\/\/innovin.fr\/wp-content\/uploads\/2020\/04\/pool-conseil.png\",\"width\":1600,\"height\":280},{\"@type\":\"BreadcrumbList\",\"@id\":\"https:\/\/innovin.fr\/en\/pool-conseil\/aoc-conseils\/#breadcrumb\",\"itemListElement\":[{\"@type\":\"ListItem\",\"position\":1,\"name\":\"Accueil\",\"item\":\"https:\/\/innovin.fr\/\"},{\"@type\":\"ListItem\",\"position\":2,\"name\":\"Pool Conseil\",\"item\":\"https:\/\/innovin.fr\/en\/pool-conseil\/\"},{\"@type\":\"ListItem\",\"position\":3,\"name\":\"AOC Conseils\"}]},{\"@type\":\"WebSite\",\"@id\":\"https:\/\/innovin.fr\/#website\",\"url\":\"https:\/\/innovin.fr\/\",\"name\":\"INNO'VIN\",\"description\":\"Innovation at the service of the wine industry\",\"potentialAction\":[{\"@type\":\"SearchAction\",\"target\":{\"@type\":\"EntryPoint\",\"urlTemplate\":\"https:\/\/innovin.fr\/?s={search_term_string}\"},\"query-input\":{\"@type\":\"PropertyValueSpecification\",\"valueRequired\":true,\"valueName\":\"search_term_string\"}}],\"inLanguage\":\"en-US\"}]}<\/script>\n<!-- \/ Yoast SEO plugin. -->","yoast_head_json":{"title":"AOC Conseils | INNO'VIN","robots":{"index":"index","follow":"follow","max-snippet":"max-snippet:-1","max-image-preview":"max-image-preview:large","max-video-preview":"max-video-preview:-1"},"canonical":"https:\/\/innovin.fr\/en\/pool-conseil\/aoc-conseils\/","og_locale":"en_US","og_type":"article","og_title":"AOC Conseils | INNO'VIN","og_description":"Retour au Pool Conseil AOC CONSEILS Accompagnement des entreprises dans la d\u00e9finition et la mise en place de leur strat\u00e9gie Champs d&#8217;application March\u00e9 I Management-Logistique Client\u00e8le Producteurs I N\u00e9gociants I [&hellip;]","og_url":"https:\/\/innovin.fr\/en\/pool-conseil\/aoc-conseils\/","og_site_name":"INNO'VIN","og_image":[{"width":1600,"height":280,"url":"https:\/\/innovin.fr\/wp-content\/uploads\/2020\/04\/pool-conseil.png","type":"image\/png"}],"twitter_card":"summary_large_image","twitter_misc":{"Est. reading time":"1 minute"},"schema":{"@context":"https:\/\/schema.org","@graph":[{"@type":"WebPage","@id":"https:\/\/innovin.fr\/en\/pool-conseil\/aoc-conseils\/","url":"https:\/\/innovin.fr\/en\/pool-conseil\/aoc-conseils\/","name":"AOC Conseils | INNO'VIN","isPartOf":{"@id":"https:\/\/innovin.fr\/#website"},"primaryImageOfPage":{"@id":"https:\/\/innovin.fr\/en\/pool-conseil\/aoc-conseils\/#primaryimage"},"image":{"@id":"https:\/\/innovin.fr\/en\/pool-conseil\/aoc-conseils\/#primaryimage"},"thumbnailUrl":"https:\/\/innovin.fr\/wp-content\/uploads\/2020\/04\/pool-conseil.png","datePublished":"2021-08-31T08:20:22+00:00","breadcrumb":{"@id":"https:\/\/innovin.fr\/en\/pool-conseil\/aoc-conseils\/#breadcrumb"},"inLanguage":"en-US","potentialAction":[{"@type":"ReadAction","target":["https:\/\/innovin.fr\/en\/pool-conseil\/aoc-conseils\/"]}]},{"@type":"ImageObject","inLanguage":"en-US","@id":"https:\/\/innovin.fr\/en\/pool-conseil\/aoc-conseils\/#primaryimage","url":"https:\/\/innovin.fr\/wp-content\/uploads\/2020\/04\/pool-conseil.png","contentUrl":"https:\/\/innovin.fr\/wp-content\/uploads\/2020\/04\/pool-conseil.png","width":1600,"height":280},{"@type":"BreadcrumbList","@id":"https:\/\/innovin.fr\/en\/pool-conseil\/aoc-conseils\/#breadcrumb","itemListElement":[{"@type":"ListItem","position":1,"name":"Accueil","item":"https:\/\/innovin.fr\/"},{"@type":"ListItem","position":2,"name":"Pool Conseil","item":"https:\/\/innovin.fr\/en\/pool-conseil\/"},{"@type":"ListItem","position":3,"name":"AOC Conseils"}]},{"@type":"WebSite","@id":"https:\/\/innovin.fr\/#website","url":"https:\/\/innovin.fr\/","name":"INNO'VIN","description":"Innovation at the service of the wine industry","potentialAction":[{"@type":"SearchAction","target":{"@type":"EntryPoint","urlTemplate":"https:\/\/innovin.fr\/?s={search_term_string}"},"query-input":{"@type":"PropertyValueSpecification","valueRequired":true,"valueName":"search_term_string"}}],"inLanguage":"en-US"}]}},"_links":{"self":[{"href":"https:\/\/innovin.fr\/en\/wp-json\/wp\/v2\/pages\/10911","targetHints":{"allow":["GET"]}}],"collection":[{"href":"https:\/\/innovin.fr\/en\/wp-json\/wp\/v2\/pages"}],"about":[{"href":"https:\/\/innovin.fr\/en\/wp-json\/wp\/v2\/types\/page"}],"author":[{"embeddable":true,"href":"https:\/\/innovin.fr\/en\/wp-json\/wp\/v2\/users\/3700"}],"replies":[{"embeddable":true,"href":"https:\/\/innovin.fr\/en\/wp-json\/wp\/v2\/comments?post=10911"}],"version-history":[{"count":1,"href":"https:\/\/innovin.fr\/en\/wp-json\/wp\/v2\/pages\/10911\/revisions"}],"predecessor-version":[{"id":14423,"href":"https:\/\/innovin.fr\/en\/wp-json\/wp\/v2\/pages\/10911\/revisions\/14423"}],"up":[{"embeddable":true,"href":"https:\/\/innovin.fr\/en\/wp-json\/wp\/v2\/pages\/10195"}],"wp:featuredmedia":[{"embeddable":true,"href":"https:\/\/innovin.fr\/en\/wp-json\/wp\/v2\/media\/10230"}],"wp:attachment":[{"href":"https:\/\/innovin.fr\/en\/wp-json\/wp\/v2\/media?parent=10911"}],"curies":[{"name":"wp","href":"https:\/\/api.w.org\/{rel}","templated":true}]}}