{"id":10920,"date":"2021-08-31T10:20:56","date_gmt":"2021-08-31T08:20:56","guid":{"rendered":"https:\/\/innovin.fr\/?page_id=10920"},"modified":"2021-08-31T10:20:56","modified_gmt":"2021-08-31T08:20:56","slug":"camelia-conseil","status":"publish","type":"page","link":"https:\/\/innovin.fr\/en\/pool-conseil\/camelia-conseil\/","title":{"rendered":"Camelia Conseil"},"content":{"rendered":"<p><section class=\"kc-elm kc-css-346828 kc_row\"><div class=\"kc-row-container  kc-container\"><div class=\"kc-wrap-columns\"><div class=\"kc-elm kc-css-344294 kc_col-sm-12 kc_column kc_col-sm-12\"><div class=\"kc-col-container\"><div class=\"kc-elm kc-css-202174\" style=\"height: 10px; clear: both; width:100%;\"><\/div><div class=\"kc-elm kc-css-722142 kc-raw-code\"><a class=\"uk-button\" href=\"https:\/\/innovin.fr\/en\/pool-conseil\/\">Retour au Pool Conseil<\/a><\/div><\/div><\/div><\/div><\/div><\/section><section class=\"kc-elm kc-css-955012 kc_row\"><div class=\"kc-row-container  kc-container  uk-article\"><div class=\"kc-wrap-columns\"><div class=\"kc-elm kc-css-698008 kc_col-sm-5 kc_column kc_col-sm-5\"><div class=\"kc-col-container\"><div class=\"kc-elm kc-css-337158 kc_shortcode kc_single_image\">\n\n        <img decoding=\"async\" src=\"https:\/\/innovin.fr\/wp-content\/uploads\/2021\/07\/logo-camelia-conseil.png\" class=\"\" alt=\"\" \/>    <\/div>\n<div class=\"kc-elm kc-css-548990\" style=\"height: 10px; clear: both; width:100%;\"><\/div><\/div><\/div><div class=\"kc-elm kc-css-743360 kc_col-sm-7 kc_column kc_col-sm-7\"><div class=\"kc-col-container\">\n<div class=\"kc-elm kc-css-827679 kc-title-wrap \">\n\n\t<h1 class=\"kc_title\">CAMELIA CONSEIL<\/h1>\n<\/div>\n<div class=\"kc-elm kc-css-155944 kc_text_block\"><\/p>\n<p>\nConseil et formation en innovation  I  Projets et management d\u2019\u00e9quipes  I  Accompagnement<\/p>\n<p>\n<\/div>\n<div class=\"kc-elm kc-css-24831 kc-title-wrap \">\n\n\t<h2 class=\"kc_title\">Champs d'application<\/h2>\n<\/div>\n<div class=\"kc-elm kc-css-692356 kc_text_block\"><\/p>\n<p>\nMarch\u00e9  I  Management-Logistique  I  Autres<\/p>\n<p>\n<\/div>\n<div class=\"kc-elm kc-css-238922 kc-title-wrap \">\n\n\t<h2 class=\"kc_title\">Client\u00e8le<\/h2>\n<\/div>\n<div class=\"kc-elm kc-css-372818 kc_text_block\"><\/p>\n<p>\nEntreprises (services, industrie)  I  Institutions ou organismes  I  Associations du monde agri\/agro<\/p>\n<p>\n<\/div><\/div><\/div><\/div><\/div><\/section><section class=\"kc-elm kc-css-924182 kc_row\"><div class=\"kc-row-container  kc-container  uk-article\"><div class=\"kc-wrap-columns\"><div class=\"kc-elm kc-css-427355 kc_col-sm-12 kc_column kc_col-sm-12\"><div class=\"kc-col-container\">\n<div class=\"kc-elm kc-css-417153 kc-title-wrap \">\n\n\t<h2 class=\"kc_title\">Comp\u00e9tences<\/h2>\n<\/div>\n<div class=\"kc-elm kc-css-273013\" style=\"height: 10px; clear: both; width:100%;\"><\/div><div class=\"kc-elm kc-css-813586 kc_text_block\"><\/p>\n<ul>\n<li>\n<div>Accompagnement et orientation sur les projets de A \u00e0 Z : en supervision, conseil, formation<\/div>\n<\/li>\n<li>\n<div>Innovation dans les services, le fonctionnement, l&#039;organisation : outils et m\u00e9thodes<\/div>\n<\/li>\n<li>\n<div>Dopage de la culture de l\u2019innovation et de l\u2019initiative<\/div>\n<\/li>\n<li>\n<div>Accompagnement des dirigeants<\/div>\n<\/li>\n<li>\n<div>Elaboration ou formalisation des strat\u00e9gies et des visions d\u2019entreprise<\/div>\n<\/li>\n<li>\n<div>Accompagnement dans les plans de recherche et d\u2019action<\/div>\n<\/li>\n<li>\n<div>D\u00e9veloppement et construction des \u00e9quipes<\/div>\n<\/li>\n<\/ul>\n<p><em>Agr\u00e9\u00e9e au titre de la formation professionnelle et aussi pour les actions de conseils aux entreprises, au niveau de la r\u00e9gion Nouvelle-Aquitaine<\/em><\/p>\n<p>\n<\/div><\/div><\/div><\/div><\/div><\/section><section class=\"kc-elm kc-css-266830 kc_row\"><div class=\"kc-row-container  kc-container  uk-article\"><div class=\"kc-wrap-columns\"><div class=\"kc-elm kc-css-24979 kc_col-sm-5 kc_column kc_col-sm-5\"><div class=\"kc-col-container\">\n<div class=\"kc-elm kc-css-945502 kc-title-wrap \">\n\n\t<h2 class=\"kc_title\">Contact<\/h2>\n<\/div>\n<div class=\"kc-elm kc-css-321574\" style=\"height: 20px; clear: both; width:100%;\"><\/div><div class=\"kc-elm kc-css-737925 kc_shortcode kc_single_image\">\n\n        <img decoding=\"async\" src=\"https:\/\/innovin.fr\/wp-content\/uploads\/2020\/07\/denise-cohen.png\" class=\"\" alt=\"\" \/>    <\/div>\n<div class=\"kc-elm kc-css-322893\" style=\"height: 10px; clear: both; width:100%;\"><\/div><\/div><\/div><div class=\"kc-elm kc-css-125221 kc_col-sm-7 kc_column kc_col-sm-7\"><div class=\"kc-col-container\"><div class=\"kc-elm kc-css-847391\" style=\"height: 65px; clear: both; width:100%;\"><\/div><div class=\"kc-elm kc-css-285043 kc_text_block\"><\/p>\n<p>\n<strong>Denise Cohen<br \/><\/strong>06 28 57 51 68<br \/>contact.cameliaconseil@gmail.com<br \/><a href=\"https:\/\/www.cameliaconseil.com\" target=\"_blank\" rel=\"noopener\">www.cameliaconseil.com<\/a><br \/>Le Bouscat (33)<\/p>\n<p><a class=\"btn uk-button\" href=\"https:\/\/innovin.fr\/wp-content\/uploads\/2021\/07\/CAMELIA-CONSEIL.pdf\" target=\"_blank\" rel=\"noopener noreferrer\">T\u00e9l\u00e9charger la carte d&#039;identit\u00e9<\/a><\/p>\n<p>\n<\/div><\/div><\/div><\/div><\/div><\/section><\/p>\n","protected":false},"excerpt":{"rendered":"","protected":false},"author":3700,"featured_media":10230,"parent":10195,"menu_order":0,"comment_status":"closed","ping_status":"closed","template":"layouts\/page-notittle.php","meta":{"_acf_changed":false,"footnotes":""},"class_list":["post-10920","page","type-page","status-publish","has-post-thumbnail","hentry"],"acf":[],"yoast_head":"<!-- This site is optimized with the Yoast SEO plugin v26.3 - https:\/\/yoast.com\/wordpress\/plugins\/seo\/ -->\n<title>Camelia Conseil | INNO&#039;VIN<\/title>\n<meta name=\"robots\" content=\"index, follow, max-snippet:-1, max-image-preview:large, max-video-preview:-1\" \/>\n<link rel=\"canonical\" href=\"https:\/\/innovin.fr\/en\/pool-conseil\/camelia-conseil\/\" \/>\n<meta property=\"og:locale\" content=\"en_US\" \/>\n<meta property=\"og:type\" content=\"article\" \/>\n<meta property=\"og:title\" content=\"Camelia Conseil | INNO&#039;VIN\" \/>\n<meta property=\"og:description\" content=\"Retour au Pool Conseil CAMELIA CONSEIL Conseil et formation en innovation I Projets et management d\u2019\u00e9quipes I Accompagnement Champs d&#8217;application March\u00e9 I Management-Logistique I Autres Client\u00e8le Entreprises (services, industrie) I [&hellip;]\" \/>\n<meta property=\"og:url\" content=\"https:\/\/innovin.fr\/en\/pool-conseil\/camelia-conseil\/\" \/>\n<meta property=\"og:site_name\" content=\"INNO&#039;VIN\" \/>\n<meta property=\"og:image\" content=\"https:\/\/innovin.fr\/wp-content\/uploads\/2020\/04\/pool-conseil.png\" \/>\n\t<meta property=\"og:image:width\" content=\"1600\" \/>\n\t<meta property=\"og:image:height\" content=\"280\" \/>\n\t<meta property=\"og:image:type\" content=\"image\/png\" \/>\n<meta name=\"twitter:card\" content=\"summary_large_image\" \/>\n<meta name=\"twitter:label1\" content=\"Est. reading time\" \/>\n\t<meta name=\"twitter:data1\" content=\"1 minute\" \/>\n<script type=\"application\/ld+json\" class=\"yoast-schema-graph\">{\"@context\":\"https:\/\/schema.org\",\"@graph\":[{\"@type\":\"WebPage\",\"@id\":\"https:\/\/innovin.fr\/en\/pool-conseil\/camelia-conseil\/\",\"url\":\"https:\/\/innovin.fr\/en\/pool-conseil\/camelia-conseil\/\",\"name\":\"Camelia Conseil | INNO'VIN\",\"isPartOf\":{\"@id\":\"https:\/\/innovin.fr\/#website\"},\"primaryImageOfPage\":{\"@id\":\"https:\/\/innovin.fr\/en\/pool-conseil\/camelia-conseil\/#primaryimage\"},\"image\":{\"@id\":\"https:\/\/innovin.fr\/en\/pool-conseil\/camelia-conseil\/#primaryimage\"},\"thumbnailUrl\":\"https:\/\/innovin.fr\/wp-content\/uploads\/2020\/04\/pool-conseil.png\",\"datePublished\":\"2021-08-31T08:20:56+00:00\",\"breadcrumb\":{\"@id\":\"https:\/\/innovin.fr\/en\/pool-conseil\/camelia-conseil\/#breadcrumb\"},\"inLanguage\":\"en-US\",\"potentialAction\":[{\"@type\":\"ReadAction\",\"target\":[\"https:\/\/innovin.fr\/en\/pool-conseil\/camelia-conseil\/\"]}]},{\"@type\":\"ImageObject\",\"inLanguage\":\"en-US\",\"@id\":\"https:\/\/innovin.fr\/en\/pool-conseil\/camelia-conseil\/#primaryimage\",\"url\":\"https:\/\/innovin.fr\/wp-content\/uploads\/2020\/04\/pool-conseil.png\",\"contentUrl\":\"https:\/\/innovin.fr\/wp-content\/uploads\/2020\/04\/pool-conseil.png\",\"width\":1600,\"height\":280},{\"@type\":\"BreadcrumbList\",\"@id\":\"https:\/\/innovin.fr\/en\/pool-conseil\/camelia-conseil\/#breadcrumb\",\"itemListElement\":[{\"@type\":\"ListItem\",\"position\":1,\"name\":\"Accueil\",\"item\":\"https:\/\/innovin.fr\/\"},{\"@type\":\"ListItem\",\"position\":2,\"name\":\"Pool Conseil\",\"item\":\"https:\/\/innovin.fr\/en\/pool-conseil\/\"},{\"@type\":\"ListItem\",\"position\":3,\"name\":\"Camelia Conseil\"}]},{\"@type\":\"WebSite\",\"@id\":\"https:\/\/innovin.fr\/#website\",\"url\":\"https:\/\/innovin.fr\/\",\"name\":\"INNO'VIN\",\"description\":\"Innovation at the service of the wine industry\",\"potentialAction\":[{\"@type\":\"SearchAction\",\"target\":{\"@type\":\"EntryPoint\",\"urlTemplate\":\"https:\/\/innovin.fr\/?s={search_term_string}\"},\"query-input\":{\"@type\":\"PropertyValueSpecification\",\"valueRequired\":true,\"valueName\":\"search_term_string\"}}],\"inLanguage\":\"en-US\"}]}<\/script>\n<!-- \/ Yoast SEO plugin. -->","yoast_head_json":{"title":"Camelia Conseil | INNO'VIN","robots":{"index":"index","follow":"follow","max-snippet":"max-snippet:-1","max-image-preview":"max-image-preview:large","max-video-preview":"max-video-preview:-1"},"canonical":"https:\/\/innovin.fr\/en\/pool-conseil\/camelia-conseil\/","og_locale":"en_US","og_type":"article","og_title":"Camelia Conseil | INNO'VIN","og_description":"Retour au Pool Conseil CAMELIA CONSEIL Conseil et formation en innovation I Projets et management d\u2019\u00e9quipes I Accompagnement Champs d&#8217;application March\u00e9 I Management-Logistique I Autres Client\u00e8le Entreprises (services, industrie) I [&hellip;]","og_url":"https:\/\/innovin.fr\/en\/pool-conseil\/camelia-conseil\/","og_site_name":"INNO'VIN","og_image":[{"width":1600,"height":280,"url":"https:\/\/innovin.fr\/wp-content\/uploads\/2020\/04\/pool-conseil.png","type":"image\/png"}],"twitter_card":"summary_large_image","twitter_misc":{"Est. reading time":"1 minute"},"schema":{"@context":"https:\/\/schema.org","@graph":[{"@type":"WebPage","@id":"https:\/\/innovin.fr\/en\/pool-conseil\/camelia-conseil\/","url":"https:\/\/innovin.fr\/en\/pool-conseil\/camelia-conseil\/","name":"Camelia Conseil | INNO'VIN","isPartOf":{"@id":"https:\/\/innovin.fr\/#website"},"primaryImageOfPage":{"@id":"https:\/\/innovin.fr\/en\/pool-conseil\/camelia-conseil\/#primaryimage"},"image":{"@id":"https:\/\/innovin.fr\/en\/pool-conseil\/camelia-conseil\/#primaryimage"},"thumbnailUrl":"https:\/\/innovin.fr\/wp-content\/uploads\/2020\/04\/pool-conseil.png","datePublished":"2021-08-31T08:20:56+00:00","breadcrumb":{"@id":"https:\/\/innovin.fr\/en\/pool-conseil\/camelia-conseil\/#breadcrumb"},"inLanguage":"en-US","potentialAction":[{"@type":"ReadAction","target":["https:\/\/innovin.fr\/en\/pool-conseil\/camelia-conseil\/"]}]},{"@type":"ImageObject","inLanguage":"en-US","@id":"https:\/\/innovin.fr\/en\/pool-conseil\/camelia-conseil\/#primaryimage","url":"https:\/\/innovin.fr\/wp-content\/uploads\/2020\/04\/pool-conseil.png","contentUrl":"https:\/\/innovin.fr\/wp-content\/uploads\/2020\/04\/pool-conseil.png","width":1600,"height":280},{"@type":"BreadcrumbList","@id":"https:\/\/innovin.fr\/en\/pool-conseil\/camelia-conseil\/#breadcrumb","itemListElement":[{"@type":"ListItem","position":1,"name":"Accueil","item":"https:\/\/innovin.fr\/"},{"@type":"ListItem","position":2,"name":"Pool Conseil","item":"https:\/\/innovin.fr\/en\/pool-conseil\/"},{"@type":"ListItem","position":3,"name":"Camelia Conseil"}]},{"@type":"WebSite","@id":"https:\/\/innovin.fr\/#website","url":"https:\/\/innovin.fr\/","name":"INNO'VIN","description":"Innovation at the service of the wine industry","potentialAction":[{"@type":"SearchAction","target":{"@type":"EntryPoint","urlTemplate":"https:\/\/innovin.fr\/?s={search_term_string}"},"query-input":{"@type":"PropertyValueSpecification","valueRequired":true,"valueName":"search_term_string"}}],"inLanguage":"en-US"}]}},"_links":{"self":[{"href":"https:\/\/innovin.fr\/en\/wp-json\/wp\/v2\/pages\/10920","targetHints":{"allow":["GET"]}}],"collection":[{"href":"https:\/\/innovin.fr\/en\/wp-json\/wp\/v2\/pages"}],"about":[{"href":"https:\/\/innovin.fr\/en\/wp-json\/wp\/v2\/types\/page"}],"author":[{"embeddable":true,"href":"https:\/\/innovin.fr\/en\/wp-json\/wp\/v2\/users\/3700"}],"replies":[{"embeddable":true,"href":"https:\/\/innovin.fr\/en\/wp-json\/wp\/v2\/comments?post=10920"}],"version-history":[{"count":1,"href":"https:\/\/innovin.fr\/en\/wp-json\/wp\/v2\/pages\/10920\/revisions"}],"predecessor-version":[{"id":14425,"href":"https:\/\/innovin.fr\/en\/wp-json\/wp\/v2\/pages\/10920\/revisions\/14425"}],"up":[{"embeddable":true,"href":"https:\/\/innovin.fr\/en\/wp-json\/wp\/v2\/pages\/10195"}],"wp:featuredmedia":[{"embeddable":true,"href":"https:\/\/innovin.fr\/en\/wp-json\/wp\/v2\/media\/10230"}],"wp:attachment":[{"href":"https:\/\/innovin.fr\/en\/wp-json\/wp\/v2\/media?parent=10920"}],"curies":[{"name":"wp","href":"https:\/\/api.w.org\/{rel}","templated":true}]}}