{"id":10937,"date":"2021-08-31T10:22:55","date_gmt":"2021-08-31T08:22:55","guid":{"rendered":"https:\/\/innovin.fr\/?page_id=10937"},"modified":"2021-08-31T10:22:55","modified_gmt":"2021-08-31T08:22:55","slug":"doni-d","status":"publish","type":"page","link":"https:\/\/innovin.fr\/en\/pool-conseil\/doni-d\/","title":{"rendered":"Doni D."},"content":{"rendered":"<p><section class=\"kc-elm kc-css-880901 kc_row\"><div class=\"kc-row-container  kc-container\"><div class=\"kc-wrap-columns\"><div class=\"kc-elm kc-css-84853 kc_col-sm-12 kc_column kc_col-sm-12\"><div class=\"kc-col-container\"><div class=\"kc-elm kc-css-844698\" style=\"height: 10px; clear: both; width:100%;\"><\/div><div class=\"kc-elm kc-css-399705 kc-raw-code\"><a class=\"uk-button\" href=\"https:\/\/innovin.fr\/en\/pool-conseil\/\">Retour au Pool Conseil<\/a><\/div><\/div><\/div><\/div><\/div><\/section><section class=\"kc-elm kc-css-750718 kc_row\"><div class=\"kc-row-container  kc-container  uk-article\"><div class=\"kc-wrap-columns\"><div class=\"kc-elm kc-css-67455 kc_col-sm-5 kc_column kc_col-sm-5\"><div class=\"kc-col-container\"><div class=\"kc-elm kc-css-126896 kc_shortcode kc_single_image\">\n\n        <img decoding=\"async\" src=\"https:\/\/innovin.fr\/wp-content\/uploads\/2021\/07\/Logo-DONI-D.png\" class=\"\" alt=\"\" \/>    <\/div>\n<div class=\"kc-elm kc-css-946412\" style=\"height: 10px; clear: both; width:100%;\"><\/div><\/div><\/div><div class=\"kc-elm kc-css-660533 kc_col-sm-7 kc_column kc_col-sm-7\"><div class=\"kc-col-container\">\n<div class=\"kc-elm kc-css-61776 kc-title-wrap \">\n\n\t<h1 class=\"kc_title\">DONI D.<\/h1>\n<\/div>\n<div class=\"kc-elm kc-css-341805 kc_text_block\"><\/p>\n<p>\nConseils qualit\u00e9 produits, s\u00e9curit\u00e9 alimentaire et n\u00e9gociant vinificateur dans le secteur des vins &#038; spiritueux<\/p>\n<p>\n<\/div>\n<div class=\"kc-elm kc-css-703677 kc-title-wrap \">\n\n\t<h2 class=\"kc_title\">Champs d'application<\/h2>\n<\/div>\n<div class=\"kc-elm kc-css-707873 kc_text_block\"><\/p>\n<p>\nOenologie<\/p>\n<p>\n<\/div>\n<div class=\"kc-elm kc-css-474495 kc-title-wrap \">\n\n\t<h2 class=\"kc_title\">Client\u00e8le<\/h2>\n<\/div>\n<div class=\"kc-elm kc-css-750740 kc_text_block\"><\/p>\n<p>\nToute entreprise souhaitant un accompagnement qualitatif produits et de d\u00e9marche QHSE<strong><br \/><\/strong><\/p>\n<p>\n<\/div><\/div><\/div><\/div><\/div><\/section><section class=\"kc-elm kc-css-702785 kc_row\"><div class=\"kc-row-container  kc-container  uk-article\"><div class=\"kc-wrap-columns\"><div class=\"kc-elm kc-css-571886 kc_col-sm-12 kc_column kc_col-sm-12\"><div class=\"kc-col-container\">\n<div class=\"kc-elm kc-css-83713 kc-title-wrap \">\n\n\t<h2 class=\"kc_title\">Comp\u00e9tences<\/h2>\n<\/div>\n<div class=\"kc-elm kc-css-313909\" style=\"height: 10px; clear: both; width:100%;\"><\/div><div class=\"kc-elm kc-css-3947 kc_text_block\"><\/p>\n<ul>\n<li>\n<div><strong>Am\u00e9lioration de la qualit\u00e9 des produits<\/strong> : vins de base distillation et spiritueux y compris process de vinification, distillation, vieillissement<\/div>\n<\/li>\n<li>\n<div><strong>Mise en place de d\u00e9marches<\/strong> QSE, hygi\u00e8ne et s\u00e9curit\u00e9 alimentaire, m\u00e9thode HACCP<\/div>\n<\/li>\n<li>\n<div><strong>R\u00e9alisation d&#039;audits et diagnostics produits<\/strong> avec d\u00e9gustation, process distillation et vieillissement<\/div>\n<\/li>\n<li>\n<div><strong>Etude et conception de nouveaux spiritueux<\/strong> : \u00e9laboration de cahiers des charges<\/div>\n<\/li>\n<li>\n<div><strong>Gestion du chai dans le domaine des spiritueux<\/strong> : stockage, inventaire avec mise en place de logiciel d\u00e9di\u00e9<\/div>\n<\/li>\n<\/ul>\n<p>\n<\/div><\/div><\/div><\/div><\/div><\/section><section class=\"kc-elm kc-css-593872 kc_row\"><div class=\"kc-row-container  kc-container  uk-article\"><div class=\"kc-wrap-columns\"><div class=\"kc-elm kc-css-514332 kc_col-sm-5 kc_column kc_col-sm-5\"><div class=\"kc-col-container\">\n<div class=\"kc-elm kc-css-834853 kc-title-wrap \">\n\n\t<h2 class=\"kc_title\">Contact<\/h2>\n<\/div>\n<div class=\"kc-elm kc-css-557814\" style=\"height: 20px; clear: both; width:100%;\"><\/div><div class=\"kc-elm kc-css-912617 kc_shortcode kc_single_image\">\n\n        <img decoding=\"async\" src=\"https:\/\/innovin.fr\/wp-content\/uploads\/2018\/01\/doni-d.png\" class=\"\" alt=\"\" \/>    <\/div>\n<div class=\"kc-elm kc-css-517052\" style=\"height: 10px; clear: both; width:100%;\"><\/div><\/div><\/div><div class=\"kc-elm kc-css-823506 kc_col-sm-7 kc_column kc_col-sm-7\"><div class=\"kc-col-container\"><div class=\"kc-elm kc-css-936538\" style=\"height: 65px; clear: both; width:100%;\"><\/div><div class=\"kc-elm kc-css-686503 kc_text_block\"><\/p>\n<p>\n<strong>Thierry Archereau<br \/><\/strong>06 08 58 49 80<br \/>t.archereau@orange.fr<br \/><span style=\"font-style: inherit;\"><a href=\"http:\/\/www.maineaubois.fr\" target=\"_blank\" rel=\"noopener\">www.maineaubois.fr<\/a><br \/><\/span><span style=\"font-style: inherit;\">Archiac (17)<\/span><\/p>\n<p><a class=\"btn uk-button\" href=\"https:\/\/innovin.fr\/wp-content\/uploads\/2021\/07\/DONI-D.pdf\" target=\"_blank\" rel=\"noopener noreferrer\">T\u00e9l\u00e9charger la carte d&#039;identit\u00e9<\/a><\/p>\n<p>\n<\/div><\/div><\/div><\/div><\/div><\/section><\/p>\n","protected":false},"excerpt":{"rendered":"","protected":false},"author":3700,"featured_media":10230,"parent":10195,"menu_order":0,"comment_status":"closed","ping_status":"closed","template":"layouts\/page-notittle.php","meta":{"_acf_changed":false,"footnotes":""},"class_list":["post-10937","page","type-page","status-publish","has-post-thumbnail","hentry"],"acf":[],"yoast_head":"<!-- This site is optimized with the Yoast SEO plugin v26.3 - https:\/\/yoast.com\/wordpress\/plugins\/seo\/ -->\n<title>Doni D. | INNO&#039;VIN<\/title>\n<meta name=\"robots\" content=\"index, follow, max-snippet:-1, max-image-preview:large, max-video-preview:-1\" \/>\n<link rel=\"canonical\" href=\"https:\/\/innovin.fr\/en\/pool-conseil\/doni-d\/\" \/>\n<meta property=\"og:locale\" content=\"en_US\" \/>\n<meta property=\"og:type\" content=\"article\" \/>\n<meta property=\"og:title\" content=\"Doni D. | INNO&#039;VIN\" \/>\n<meta property=\"og:description\" content=\"Retour au Pool Conseil DONI D. Conseils qualit\u00e9 produits, s\u00e9curit\u00e9 alimentaire et n\u00e9gociant vinificateur dans le secteur des vins &#038; spiritueux Champs d&#8217;application Oenologie Client\u00e8le Toute entreprise souhaitant un accompagnement [&hellip;]\" \/>\n<meta property=\"og:url\" content=\"https:\/\/innovin.fr\/en\/pool-conseil\/doni-d\/\" \/>\n<meta property=\"og:site_name\" content=\"INNO&#039;VIN\" \/>\n<meta property=\"og:image\" content=\"https:\/\/innovin.fr\/wp-content\/uploads\/2020\/04\/pool-conseil.png\" \/>\n\t<meta property=\"og:image:width\" content=\"1600\" \/>\n\t<meta property=\"og:image:height\" content=\"280\" \/>\n\t<meta property=\"og:image:type\" content=\"image\/png\" \/>\n<meta name=\"twitter:card\" content=\"summary_large_image\" \/>\n<meta name=\"twitter:label1\" content=\"Est. reading time\" \/>\n\t<meta name=\"twitter:data1\" content=\"1 minute\" \/>\n<script type=\"application\/ld+json\" class=\"yoast-schema-graph\">{\"@context\":\"https:\/\/schema.org\",\"@graph\":[{\"@type\":\"WebPage\",\"@id\":\"https:\/\/innovin.fr\/en\/pool-conseil\/doni-d\/\",\"url\":\"https:\/\/innovin.fr\/en\/pool-conseil\/doni-d\/\",\"name\":\"Doni D. | INNO'VIN\",\"isPartOf\":{\"@id\":\"https:\/\/innovin.fr\/#website\"},\"primaryImageOfPage\":{\"@id\":\"https:\/\/innovin.fr\/en\/pool-conseil\/doni-d\/#primaryimage\"},\"image\":{\"@id\":\"https:\/\/innovin.fr\/en\/pool-conseil\/doni-d\/#primaryimage\"},\"thumbnailUrl\":\"https:\/\/innovin.fr\/wp-content\/uploads\/2020\/04\/pool-conseil.png\",\"datePublished\":\"2021-08-31T08:22:55+00:00\",\"breadcrumb\":{\"@id\":\"https:\/\/innovin.fr\/en\/pool-conseil\/doni-d\/#breadcrumb\"},\"inLanguage\":\"en-US\",\"potentialAction\":[{\"@type\":\"ReadAction\",\"target\":[\"https:\/\/innovin.fr\/en\/pool-conseil\/doni-d\/\"]}]},{\"@type\":\"ImageObject\",\"inLanguage\":\"en-US\",\"@id\":\"https:\/\/innovin.fr\/en\/pool-conseil\/doni-d\/#primaryimage\",\"url\":\"https:\/\/innovin.fr\/wp-content\/uploads\/2020\/04\/pool-conseil.png\",\"contentUrl\":\"https:\/\/innovin.fr\/wp-content\/uploads\/2020\/04\/pool-conseil.png\",\"width\":1600,\"height\":280},{\"@type\":\"BreadcrumbList\",\"@id\":\"https:\/\/innovin.fr\/en\/pool-conseil\/doni-d\/#breadcrumb\",\"itemListElement\":[{\"@type\":\"ListItem\",\"position\":1,\"name\":\"Accueil\",\"item\":\"https:\/\/innovin.fr\/\"},{\"@type\":\"ListItem\",\"position\":2,\"name\":\"Pool Conseil\",\"item\":\"https:\/\/innovin.fr\/en\/pool-conseil\/\"},{\"@type\":\"ListItem\",\"position\":3,\"name\":\"Doni D.\"}]},{\"@type\":\"WebSite\",\"@id\":\"https:\/\/innovin.fr\/#website\",\"url\":\"https:\/\/innovin.fr\/\",\"name\":\"INNO'VIN\",\"description\":\"Innovation at the service of the wine industry\",\"potentialAction\":[{\"@type\":\"SearchAction\",\"target\":{\"@type\":\"EntryPoint\",\"urlTemplate\":\"https:\/\/innovin.fr\/?s={search_term_string}\"},\"query-input\":{\"@type\":\"PropertyValueSpecification\",\"valueRequired\":true,\"valueName\":\"search_term_string\"}}],\"inLanguage\":\"en-US\"}]}<\/script>\n<!-- \/ Yoast SEO plugin. -->","yoast_head_json":{"title":"Doni D. | INNO'VIN","robots":{"index":"index","follow":"follow","max-snippet":"max-snippet:-1","max-image-preview":"max-image-preview:large","max-video-preview":"max-video-preview:-1"},"canonical":"https:\/\/innovin.fr\/en\/pool-conseil\/doni-d\/","og_locale":"en_US","og_type":"article","og_title":"Doni D. | INNO'VIN","og_description":"Retour au Pool Conseil DONI D. Conseils qualit\u00e9 produits, s\u00e9curit\u00e9 alimentaire et n\u00e9gociant vinificateur dans le secteur des vins &#038; spiritueux Champs d&#8217;application Oenologie Client\u00e8le Toute entreprise souhaitant un accompagnement [&hellip;]","og_url":"https:\/\/innovin.fr\/en\/pool-conseil\/doni-d\/","og_site_name":"INNO'VIN","og_image":[{"width":1600,"height":280,"url":"https:\/\/innovin.fr\/wp-content\/uploads\/2020\/04\/pool-conseil.png","type":"image\/png"}],"twitter_card":"summary_large_image","twitter_misc":{"Est. reading time":"1 minute"},"schema":{"@context":"https:\/\/schema.org","@graph":[{"@type":"WebPage","@id":"https:\/\/innovin.fr\/en\/pool-conseil\/doni-d\/","url":"https:\/\/innovin.fr\/en\/pool-conseil\/doni-d\/","name":"Doni D. | INNO'VIN","isPartOf":{"@id":"https:\/\/innovin.fr\/#website"},"primaryImageOfPage":{"@id":"https:\/\/innovin.fr\/en\/pool-conseil\/doni-d\/#primaryimage"},"image":{"@id":"https:\/\/innovin.fr\/en\/pool-conseil\/doni-d\/#primaryimage"},"thumbnailUrl":"https:\/\/innovin.fr\/wp-content\/uploads\/2020\/04\/pool-conseil.png","datePublished":"2021-08-31T08:22:55+00:00","breadcrumb":{"@id":"https:\/\/innovin.fr\/en\/pool-conseil\/doni-d\/#breadcrumb"},"inLanguage":"en-US","potentialAction":[{"@type":"ReadAction","target":["https:\/\/innovin.fr\/en\/pool-conseil\/doni-d\/"]}]},{"@type":"ImageObject","inLanguage":"en-US","@id":"https:\/\/innovin.fr\/en\/pool-conseil\/doni-d\/#primaryimage","url":"https:\/\/innovin.fr\/wp-content\/uploads\/2020\/04\/pool-conseil.png","contentUrl":"https:\/\/innovin.fr\/wp-content\/uploads\/2020\/04\/pool-conseil.png","width":1600,"height":280},{"@type":"BreadcrumbList","@id":"https:\/\/innovin.fr\/en\/pool-conseil\/doni-d\/#breadcrumb","itemListElement":[{"@type":"ListItem","position":1,"name":"Accueil","item":"https:\/\/innovin.fr\/"},{"@type":"ListItem","position":2,"name":"Pool Conseil","item":"https:\/\/innovin.fr\/en\/pool-conseil\/"},{"@type":"ListItem","position":3,"name":"Doni D."}]},{"@type":"WebSite","@id":"https:\/\/innovin.fr\/#website","url":"https:\/\/innovin.fr\/","name":"INNO'VIN","description":"Innovation at the service of the wine industry","potentialAction":[{"@type":"SearchAction","target":{"@type":"EntryPoint","urlTemplate":"https:\/\/innovin.fr\/?s={search_term_string}"},"query-input":{"@type":"PropertyValueSpecification","valueRequired":true,"valueName":"search_term_string"}}],"inLanguage":"en-US"}]}},"_links":{"self":[{"href":"https:\/\/innovin.fr\/en\/wp-json\/wp\/v2\/pages\/10937","targetHints":{"allow":["GET"]}}],"collection":[{"href":"https:\/\/innovin.fr\/en\/wp-json\/wp\/v2\/pages"}],"about":[{"href":"https:\/\/innovin.fr\/en\/wp-json\/wp\/v2\/types\/page"}],"author":[{"embeddable":true,"href":"https:\/\/innovin.fr\/en\/wp-json\/wp\/v2\/users\/3700"}],"replies":[{"embeddable":true,"href":"https:\/\/innovin.fr\/en\/wp-json\/wp\/v2\/comments?post=10937"}],"version-history":[{"count":2,"href":"https:\/\/innovin.fr\/en\/wp-json\/wp\/v2\/pages\/10937\/revisions"}],"predecessor-version":[{"id":14430,"href":"https:\/\/innovin.fr\/en\/wp-json\/wp\/v2\/pages\/10937\/revisions\/14430"}],"up":[{"embeddable":true,"href":"https:\/\/innovin.fr\/en\/wp-json\/wp\/v2\/pages\/10195"}],"wp:featuredmedia":[{"embeddable":true,"href":"https:\/\/innovin.fr\/en\/wp-json\/wp\/v2\/media\/10230"}],"wp:attachment":[{"href":"https:\/\/innovin.fr\/en\/wp-json\/wp\/v2\/media?parent=10937"}],"curies":[{"name":"wp","href":"https:\/\/api.w.org\/{rel}","templated":true}]}}