{"id":10957,"date":"2021-08-31T10:24:15","date_gmt":"2021-08-31T08:24:15","guid":{"rendered":"https:\/\/innovin.fr\/?page_id=10957"},"modified":"2021-08-31T10:24:15","modified_gmt":"2021-08-31T08:24:15","slug":"instead","status":"publish","type":"page","link":"https:\/\/innovin.fr\/en\/pool-conseil\/instead\/","title":{"rendered":"Instead"},"content":{"rendered":"<p><section class=\"kc-elm kc-css-864566 kc_row\"><div class=\"kc-row-container  kc-container\"><div class=\"kc-wrap-columns\"><div class=\"kc-elm kc-css-819098 kc_col-sm-12 kc_column kc_col-sm-12\"><div class=\"kc-col-container\"><div class=\"kc-elm kc-css-281020\" style=\"height: 10px; clear: both; width:100%;\"><\/div><div class=\"kc-elm kc-css-269803 kc-raw-code\"><a class=\"uk-button\" href=\"https:\/\/innovin.fr\/en\/pool-conseil\/\">Retour au Pool Conseil<\/a><\/div><\/div><\/div><\/div><\/div><\/section><section class=\"kc-elm kc-css-709253 kc_row\"><div class=\"kc-row-container  kc-container  uk-article\"><div class=\"kc-wrap-columns\"><div class=\"kc-elm kc-css-877439 kc_col-sm-5 kc_column kc_col-sm-5\"><div class=\"kc-col-container\"><div class=\"kc-elm kc-css-921085 kc_shortcode kc_single_image\">\n\n        <img decoding=\"async\" src=\"https:\/\/innovin.fr\/wp-content\/uploads\/2021\/07\/Logo-instead.png\" class=\"\" alt=\"\" \/>    <\/div>\n<div class=\"kc-elm kc-css-156804\" style=\"height: 10px; clear: both; width:100%;\"><\/div><\/div><\/div><div class=\"kc-elm kc-css-302740 kc_col-sm-7 kc_column kc_col-sm-7\"><div class=\"kc-col-container\">\n<div class=\"kc-elm kc-css-749918 kc-title-wrap \">\n\n\t<h1 class=\"kc_title\">INSTEAD<\/h1>\n<\/div>\n<div class=\"kc-elm kc-css-240249 kc_text_block\"><\/p>\n<p>\nAccompagnement  des acteurs de la fili\u00e8re viti-vinicole dans la d\u00e9finition et la r\u00e9alisation de leurs projets num\u00e9riques<\/p>\n<p>\n<\/div>\n<div class=\"kc-elm kc-css-782522 kc-title-wrap \">\n\n\t<h2 class=\"kc_title\">Champs d'application<\/h2>\n<\/div>\n<div class=\"kc-elm kc-css-262553 kc_text_block\"><\/p>\n<p>\nViti-vini<\/p>\n<p>\n<\/div>\n<div class=\"kc-elm kc-css-791058 kc-title-wrap \">\n\n\t<h2 class=\"kc_title\">Client\u00e8le<\/h2>\n<\/div>\n<div class=\"kc-elm kc-css-6196 kc_text_block\"><\/p>\n<p>\nDomaines &#038; Ch\u00e2teaux  I  Coop\u00e9ratives  I  Entreprises de conseil viticole<strong><br \/><\/strong><\/p>\n<p>\n<\/div><\/div><\/div><\/div><\/div><\/section><section class=\"kc-elm kc-css-383411 kc_row\"><div class=\"kc-row-container  kc-container  uk-article\"><div class=\"kc-wrap-columns\"><div class=\"kc-elm kc-css-465867 kc_col-sm-12 kc_column kc_col-sm-12\"><div class=\"kc-col-container\">\n<div class=\"kc-elm kc-css-398359 kc-title-wrap \">\n\n\t<h2 class=\"kc_title\">Comp\u00e9tences<\/h2>\n<\/div>\n<div class=\"kc-elm kc-css-187771\" style=\"height: 10px; clear: both; width:100%;\"><\/div><div class=\"kc-elm kc-css-967327 kc_text_block\"><\/p>\n<ul>\n<li><strong>D\u00e9finition d&#039;une strat\u00e9gie num\u00e9rique<\/strong> (audit des syst\u00e8mes d\u2019informations en place, analyse et priorisation des besoins, d\u00e9finition des plans de transformation)<\/li>\n<li><strong>Accompagnement dans les d\u00e9marches d\u2019innovation num\u00e9rique<\/strong> (de l\u2019id\u00e9e au projet industriel)<\/li>\n<li>\n<div><strong>Pilotage des projets num\u00e9riques<\/strong> (r\u00e9daction de cahiers des charges, gestion d\u2019appel d\u2019offres, gestion des fournisseurs)<\/div>\n<\/li>\n<li>\n<div><strong>Valorisation et exploitation des donn\u00e9es<\/strong> disponibles dans les entreprises viticoles<\/div>\n<\/li>\n<\/ul>\n<p>\n<\/div><\/div><\/div><\/div><\/div><\/section><section class=\"kc-elm kc-css-37449 kc_row\"><div class=\"kc-row-container  kc-container  uk-article\"><div class=\"kc-wrap-columns\"><div class=\"kc-elm kc-css-325178 kc_col-sm-5 kc_column kc_col-sm-5\"><div class=\"kc-col-container\">\n<div class=\"kc-elm kc-css-677864 kc-title-wrap \">\n\n\t<h2 class=\"kc_title\">Contact<\/h2>\n<\/div>\n<div class=\"kc-elm kc-css-988963\" style=\"height: 20px; clear: both; width:100%;\"><\/div><div class=\"kc-elm kc-css-820829 kc_shortcode kc_single_image\">\n\n        <img decoding=\"async\" src=\"https:\/\/innovin.fr\/wp-content\/uploads\/2021\/07\/Instead.png\" class=\"\" alt=\"\" \/>    <\/div>\n<div class=\"kc-elm kc-css-31082\" style=\"height: 10px; clear: both; width:100%;\"><\/div><\/div><\/div><div class=\"kc-elm kc-css-175278 kc_col-sm-7 kc_column kc_col-sm-7\"><div class=\"kc-col-container\"><div class=\"kc-elm kc-css-673948\" style=\"height: 65px; clear: both; width:100%;\"><\/div><div class=\"kc-elm kc-css-833281 kc_text_block\"><\/p>\n<p>\n<strong>Philippe Grzesiak<br \/><\/strong>06 15 01 53 76<br \/>pgrzesiak@instead-conseil.com<br \/><a href=\"https:\/\/www.instead-conseil.com\" target=\"_blank\" rel=\"noopener\">www.instead-conseil.com<\/a><br \/>Saint-Aubin-De-M\u00e9doc (33)<\/p>\n<p><a class=\"btn uk-button\" href=\"https:\/\/innovin.fr\/wp-content\/uploads\/2021\/07\/INSTEAD.pdf\" target=\"_blank\" rel=\"noopener noreferrer\">T\u00e9l\u00e9charger la carte d&#039;identit\u00e9<\/a><\/p>\n<p>\n<\/div><\/div><\/div><\/div><\/div><\/section><\/p>\n","protected":false},"excerpt":{"rendered":"","protected":false},"author":3700,"featured_media":10230,"parent":10195,"menu_order":0,"comment_status":"closed","ping_status":"closed","template":"layouts\/page-notittle.php","meta":{"_acf_changed":false,"footnotes":""},"class_list":["post-10957","page","type-page","status-publish","has-post-thumbnail","hentry"],"acf":[],"yoast_head":"<!-- This site is optimized with the Yoast SEO plugin v26.3 - https:\/\/yoast.com\/wordpress\/plugins\/seo\/ -->\n<title>Instead | INNO&#039;VIN<\/title>\n<meta name=\"robots\" content=\"index, follow, max-snippet:-1, max-image-preview:large, max-video-preview:-1\" \/>\n<link rel=\"canonical\" href=\"https:\/\/innovin.fr\/en\/pool-conseil\/instead\/\" \/>\n<meta property=\"og:locale\" content=\"en_US\" \/>\n<meta property=\"og:type\" content=\"article\" \/>\n<meta property=\"og:title\" content=\"Instead | INNO&#039;VIN\" \/>\n<meta property=\"og:description\" content=\"Retour au Pool Conseil INSTEAD Accompagnement des acteurs de la fili\u00e8re viti-vinicole dans la d\u00e9finition et la r\u00e9alisation de leurs projets num\u00e9riques Champs d&#8217;application Viti-vini Client\u00e8le Domaines &#038; Ch\u00e2teaux I [&hellip;]\" \/>\n<meta property=\"og:url\" content=\"https:\/\/innovin.fr\/en\/pool-conseil\/instead\/\" \/>\n<meta property=\"og:site_name\" content=\"INNO&#039;VIN\" \/>\n<meta property=\"og:image\" content=\"https:\/\/innovin.fr\/wp-content\/uploads\/2020\/04\/pool-conseil.png\" \/>\n\t<meta property=\"og:image:width\" content=\"1600\" \/>\n\t<meta property=\"og:image:height\" content=\"280\" \/>\n\t<meta property=\"og:image:type\" content=\"image\/png\" \/>\n<meta name=\"twitter:card\" content=\"summary_large_image\" \/>\n<meta name=\"twitter:label1\" content=\"Est. reading time\" \/>\n\t<meta name=\"twitter:data1\" content=\"1 minute\" \/>\n<script type=\"application\/ld+json\" class=\"yoast-schema-graph\">{\"@context\":\"https:\/\/schema.org\",\"@graph\":[{\"@type\":\"WebPage\",\"@id\":\"https:\/\/innovin.fr\/en\/pool-conseil\/instead\/\",\"url\":\"https:\/\/innovin.fr\/en\/pool-conseil\/instead\/\",\"name\":\"Instead | INNO'VIN\",\"isPartOf\":{\"@id\":\"https:\/\/innovin.fr\/#website\"},\"primaryImageOfPage\":{\"@id\":\"https:\/\/innovin.fr\/en\/pool-conseil\/instead\/#primaryimage\"},\"image\":{\"@id\":\"https:\/\/innovin.fr\/en\/pool-conseil\/instead\/#primaryimage\"},\"thumbnailUrl\":\"https:\/\/innovin.fr\/wp-content\/uploads\/2020\/04\/pool-conseil.png\",\"datePublished\":\"2021-08-31T08:24:15+00:00\",\"breadcrumb\":{\"@id\":\"https:\/\/innovin.fr\/en\/pool-conseil\/instead\/#breadcrumb\"},\"inLanguage\":\"en-US\",\"potentialAction\":[{\"@type\":\"ReadAction\",\"target\":[\"https:\/\/innovin.fr\/en\/pool-conseil\/instead\/\"]}]},{\"@type\":\"ImageObject\",\"inLanguage\":\"en-US\",\"@id\":\"https:\/\/innovin.fr\/en\/pool-conseil\/instead\/#primaryimage\",\"url\":\"https:\/\/innovin.fr\/wp-content\/uploads\/2020\/04\/pool-conseil.png\",\"contentUrl\":\"https:\/\/innovin.fr\/wp-content\/uploads\/2020\/04\/pool-conseil.png\",\"width\":1600,\"height\":280},{\"@type\":\"BreadcrumbList\",\"@id\":\"https:\/\/innovin.fr\/en\/pool-conseil\/instead\/#breadcrumb\",\"itemListElement\":[{\"@type\":\"ListItem\",\"position\":1,\"name\":\"Accueil\",\"item\":\"https:\/\/innovin.fr\/\"},{\"@type\":\"ListItem\",\"position\":2,\"name\":\"Pool Conseil\",\"item\":\"https:\/\/innovin.fr\/en\/pool-conseil\/\"},{\"@type\":\"ListItem\",\"position\":3,\"name\":\"Instead\"}]},{\"@type\":\"WebSite\",\"@id\":\"https:\/\/innovin.fr\/#website\",\"url\":\"https:\/\/innovin.fr\/\",\"name\":\"INNO'VIN\",\"description\":\"Innovation at the service of the wine industry\",\"potentialAction\":[{\"@type\":\"SearchAction\",\"target\":{\"@type\":\"EntryPoint\",\"urlTemplate\":\"https:\/\/innovin.fr\/?s={search_term_string}\"},\"query-input\":{\"@type\":\"PropertyValueSpecification\",\"valueRequired\":true,\"valueName\":\"search_term_string\"}}],\"inLanguage\":\"en-US\"}]}<\/script>\n<!-- \/ Yoast SEO plugin. -->","yoast_head_json":{"title":"Instead | INNO'VIN","robots":{"index":"index","follow":"follow","max-snippet":"max-snippet:-1","max-image-preview":"max-image-preview:large","max-video-preview":"max-video-preview:-1"},"canonical":"https:\/\/innovin.fr\/en\/pool-conseil\/instead\/","og_locale":"en_US","og_type":"article","og_title":"Instead | INNO'VIN","og_description":"Retour au Pool Conseil INSTEAD Accompagnement des acteurs de la fili\u00e8re viti-vinicole dans la d\u00e9finition et la r\u00e9alisation de leurs projets num\u00e9riques Champs d&#8217;application Viti-vini Client\u00e8le Domaines &#038; Ch\u00e2teaux I [&hellip;]","og_url":"https:\/\/innovin.fr\/en\/pool-conseil\/instead\/","og_site_name":"INNO'VIN","og_image":[{"width":1600,"height":280,"url":"https:\/\/innovin.fr\/wp-content\/uploads\/2020\/04\/pool-conseil.png","type":"image\/png"}],"twitter_card":"summary_large_image","twitter_misc":{"Est. reading time":"1 minute"},"schema":{"@context":"https:\/\/schema.org","@graph":[{"@type":"WebPage","@id":"https:\/\/innovin.fr\/en\/pool-conseil\/instead\/","url":"https:\/\/innovin.fr\/en\/pool-conseil\/instead\/","name":"Instead | INNO'VIN","isPartOf":{"@id":"https:\/\/innovin.fr\/#website"},"primaryImageOfPage":{"@id":"https:\/\/innovin.fr\/en\/pool-conseil\/instead\/#primaryimage"},"image":{"@id":"https:\/\/innovin.fr\/en\/pool-conseil\/instead\/#primaryimage"},"thumbnailUrl":"https:\/\/innovin.fr\/wp-content\/uploads\/2020\/04\/pool-conseil.png","datePublished":"2021-08-31T08:24:15+00:00","breadcrumb":{"@id":"https:\/\/innovin.fr\/en\/pool-conseil\/instead\/#breadcrumb"},"inLanguage":"en-US","potentialAction":[{"@type":"ReadAction","target":["https:\/\/innovin.fr\/en\/pool-conseil\/instead\/"]}]},{"@type":"ImageObject","inLanguage":"en-US","@id":"https:\/\/innovin.fr\/en\/pool-conseil\/instead\/#primaryimage","url":"https:\/\/innovin.fr\/wp-content\/uploads\/2020\/04\/pool-conseil.png","contentUrl":"https:\/\/innovin.fr\/wp-content\/uploads\/2020\/04\/pool-conseil.png","width":1600,"height":280},{"@type":"BreadcrumbList","@id":"https:\/\/innovin.fr\/en\/pool-conseil\/instead\/#breadcrumb","itemListElement":[{"@type":"ListItem","position":1,"name":"Accueil","item":"https:\/\/innovin.fr\/"},{"@type":"ListItem","position":2,"name":"Pool Conseil","item":"https:\/\/innovin.fr\/en\/pool-conseil\/"},{"@type":"ListItem","position":3,"name":"Instead"}]},{"@type":"WebSite","@id":"https:\/\/innovin.fr\/#website","url":"https:\/\/innovin.fr\/","name":"INNO'VIN","description":"Innovation at the service of the wine industry","potentialAction":[{"@type":"SearchAction","target":{"@type":"EntryPoint","urlTemplate":"https:\/\/innovin.fr\/?s={search_term_string}"},"query-input":{"@type":"PropertyValueSpecification","valueRequired":true,"valueName":"search_term_string"}}],"inLanguage":"en-US"}]}},"_links":{"self":[{"href":"https:\/\/innovin.fr\/en\/wp-json\/wp\/v2\/pages\/10957","targetHints":{"allow":["GET"]}}],"collection":[{"href":"https:\/\/innovin.fr\/en\/wp-json\/wp\/v2\/pages"}],"about":[{"href":"https:\/\/innovin.fr\/en\/wp-json\/wp\/v2\/types\/page"}],"author":[{"embeddable":true,"href":"https:\/\/innovin.fr\/en\/wp-json\/wp\/v2\/users\/3700"}],"replies":[{"embeddable":true,"href":"https:\/\/innovin.fr\/en\/wp-json\/wp\/v2\/comments?post=10957"}],"version-history":[{"count":1,"href":"https:\/\/innovin.fr\/en\/wp-json\/wp\/v2\/pages\/10957\/revisions"}],"predecessor-version":[{"id":14436,"href":"https:\/\/innovin.fr\/en\/wp-json\/wp\/v2\/pages\/10957\/revisions\/14436"}],"up":[{"embeddable":true,"href":"https:\/\/innovin.fr\/en\/wp-json\/wp\/v2\/pages\/10195"}],"wp:featuredmedia":[{"embeddable":true,"href":"https:\/\/innovin.fr\/en\/wp-json\/wp\/v2\/media\/10230"}],"wp:attachment":[{"href":"https:\/\/innovin.fr\/en\/wp-json\/wp\/v2\/media?parent=10957"}],"curies":[{"name":"wp","href":"https:\/\/api.w.org\/{rel}","templated":true}]}}