{"id":10980,"date":"2021-08-31T10:25:43","date_gmt":"2021-08-31T08:25:43","guid":{"rendered":"https:\/\/innovin.fr\/?page_id=10980"},"modified":"2021-08-31T10:25:43","modified_gmt":"2021-08-31T08:25:43","slug":"md-consultant","status":"publish","type":"page","link":"https:\/\/innovin.fr\/en\/pool-conseil\/md-consultant\/","title":{"rendered":"MD Consultant"},"content":{"rendered":"<p><section class=\"kc-elm kc-css-143204 kc_row\"><div class=\"kc-row-container  kc-container\"><div class=\"kc-wrap-columns\"><div class=\"kc-elm kc-css-209566 kc_col-sm-12 kc_column kc_col-sm-12\"><div class=\"kc-col-container\"><div class=\"kc-elm kc-css-166795\" style=\"height: 10px; clear: both; width:100%;\"><\/div><div class=\"kc-elm kc-css-264454 kc-raw-code\"><a class=\"uk-button\" href=\"https:\/\/innovin.fr\/en\/pool-conseil\/\">Retour au Pool Conseil<\/a><\/div><\/div><\/div><\/div><\/div><\/section><section class=\"kc-elm kc-css-450246 kc_row\"><div class=\"kc-row-container  kc-container  uk-article\"><div class=\"kc-wrap-columns\"><div class=\"kc-elm kc-css-772510 kc_col-sm-5 kc_column kc_col-sm-5\"><div class=\"kc-col-container\"><div class=\"kc-elm kc-css-561398 kc_shortcode kc_single_image\">\n\n        <img decoding=\"async\" src=\"https:\/\/innovin.fr\/wp-content\/uploads\/2021\/07\/logo-md-consultant.png\" class=\"\" alt=\"\" \/>    <\/div>\n<div class=\"kc-elm kc-css-623701\" style=\"height: 10px; clear: both; width:100%;\"><\/div><\/div><\/div><div class=\"kc-elm kc-css-478166 kc_col-sm-7 kc_column kc_col-sm-7\"><div class=\"kc-col-container\">\n<div class=\"kc-elm kc-css-747930 kc-title-wrap \">\n\n\t<h1 class=\"kc_title\">MD CONSULTANT<\/h1>\n<\/div>\n<div class=\"kc-elm kc-css-609453 kc_text_block\"><\/p>\n<p>\nConseil, formation et audit sp\u00e9cialis\u00e9s dans la pr\u00e9vention des risques, l&#039;accompagnement technique et les d\u00e9marches de certification<\/p>\n<p>\n<\/div>\n<div class=\"kc-elm kc-css-121256 kc-title-wrap \">\n\n\t<h2 class=\"kc_title\">Champs d'application<\/h2>\n<\/div>\n<div class=\"kc-elm kc-css-593234 kc_text_block\"><\/p>\n<p>\nViti-vini  I  March\u00e9  I  Management-Logistique  I  Autres<\/p>\n<p>\n<\/div>\n<div class=\"kc-elm kc-css-892332 kc-title-wrap \">\n\n\t<h2 class=\"kc_title\">Client\u00e8le<\/h2>\n<\/div>\n<div class=\"kc-elm kc-css-520197 kc_text_block\"><\/p>\n<p>\nProducteurs  I  N\u00e9gociants<strong><br \/><\/strong><\/p>\n<p>\n<\/div><\/div><\/div><\/div><\/div><\/section><section class=\"kc-elm kc-css-281920 kc_row\"><div class=\"kc-row-container  kc-container  uk-article\"><div class=\"kc-wrap-columns\"><div class=\"kc-elm kc-css-505214 kc_col-sm-12 kc_column kc_col-sm-12\"><div class=\"kc-col-container\">\n<div class=\"kc-elm kc-css-493815 kc-title-wrap \">\n\n\t<h2 class=\"kc_title\">Comp\u00e9tences<\/h2>\n<\/div>\n<div class=\"kc-elm kc-css-352176\" style=\"height: 10px; clear: both; width:100%;\"><\/div><div class=\"kc-elm kc-css-122565 kc_text_block\"><\/p>\n<ul>\n<li>\n<div><strong>Accompagnement au respect des d\u00e9marches obligatoires<\/strong> (pr\u00e9vention des risques professionnels, p\u00e9nibilit\u00e9, hygi\u00e8ne, HACCP\u2026)<\/div>\n<\/li>\n<li>\n<div>Accompagnement pour la <strong>mise en place et la certification HVE<\/strong><\/div>\n<\/li>\n<li>\n<div>Accompagnement technique : <strong>encadrement d\u2019\u00e9quipes de salari\u00e9s<\/strong> (vigne\/chai)<\/div>\n<\/li>\n<li>\n<div><strong>Audit d\u2019exploitation viticole<\/strong> : installations techniques et conformit\u00e9 (s\u00e9curit\u00e9 , hygi\u00e8ne, environ-nement, effluents, conditionnalit\u00e9 PAC, cahier des charges AOC)<\/div>\n<\/li>\n<li>\n<div><strong>Etude de durabilit\u00e9 d\u2019exploitation viticole<\/strong> : environnemental, \u00e9conomique et social (m\u00e9thodologie IDEA 4)<\/div>\n<\/li>\n<li>\n<div><strong>Suivi phytosanitaire<\/strong> de vignoble (sous-traitance)<\/div>\n<\/li>\n<li>\n<div>Etude et <strong>diagnostic des r\u00e9sidus phytosanitaires<\/strong> dans les raisins et les vins (en partenariat avec des laboratoires d\u2019analyses)<\/div>\n<\/li>\n<li>\n<div><strong>Formations techniques<\/strong> viticoles \u00ab sur mesure\u00bb ainsi qu\u2019\u00e0 la pr\u00e9vention des risques professionnels<\/div>\n<\/li>\n<\/ul>\n<p>\n<\/div><\/div><\/div><\/div><\/div><\/section><section class=\"kc-elm kc-css-198938 kc_row\"><div class=\"kc-row-container  kc-container  uk-article\"><div class=\"kc-wrap-columns\"><div class=\"kc-elm kc-css-540858 kc_col-sm-5 kc_column kc_col-sm-5\"><div class=\"kc-col-container\">\n<div class=\"kc-elm kc-css-497126 kc-title-wrap \">\n\n\t<h2 class=\"kc_title\">Contact<\/h2>\n<\/div>\n<div class=\"kc-elm kc-css-955681\" style=\"height: 10px; clear: both; width:100%;\"><\/div><\/div><\/div><div class=\"kc-elm kc-css-151585 kc_col-sm-7 kc_column kc_col-sm-7\"><div class=\"kc-col-container\"><div class=\"kc-elm kc-css-541425\" style=\"height: 16px; clear: both; width:100%;\"><\/div><div class=\"kc-elm kc-css-343719 kc_text_block\"><\/p>\n<p>\n<strong>Maximilien Delemotte<br \/><\/strong>06 09 11 37 18<br \/>md@consultants-viticoles.fr<br \/><a href=\"https:\/\/consultants-viticoles.fr\/consultants-viticoles\/maximilien-md-consultant\/\" target=\"_blank\" rel=\"noopener\">www.consultants-viticoles.fr<\/a><br \/>Avensan (33)<\/p>\n<p><a class=\"btn uk-button\" href=\"https:\/\/innovin.fr\/wp-content\/uploads\/2021\/07\/MD-CONSULTANT.pdf\" target=\"_blank\" rel=\"noopener noreferrer\">T\u00e9l\u00e9charger la carte d&#039;identit\u00e9<\/a><\/p>\n<p>\n<\/div><\/div><\/div><\/div><\/div><\/section><\/p>\n","protected":false},"excerpt":{"rendered":"","protected":false},"author":3700,"featured_media":10230,"parent":10195,"menu_order":0,"comment_status":"closed","ping_status":"closed","template":"layouts\/page-notittle.php","meta":{"_acf_changed":false,"footnotes":""},"class_list":["post-10980","page","type-page","status-publish","has-post-thumbnail","hentry"],"acf":[],"yoast_head":"<!-- This site is optimized with the Yoast SEO plugin v26.3 - https:\/\/yoast.com\/wordpress\/plugins\/seo\/ -->\n<title>MD Consultant | INNO&#039;VIN<\/title>\n<meta name=\"robots\" content=\"index, follow, max-snippet:-1, max-image-preview:large, max-video-preview:-1\" \/>\n<link rel=\"canonical\" href=\"https:\/\/innovin.fr\/en\/pool-conseil\/md-consultant\/\" \/>\n<meta property=\"og:locale\" content=\"en_US\" \/>\n<meta property=\"og:type\" content=\"article\" \/>\n<meta property=\"og:title\" content=\"MD Consultant | INNO&#039;VIN\" \/>\n<meta property=\"og:description\" content=\"Retour au Pool Conseil MD CONSULTANT Conseil, formation et audit sp\u00e9cialis\u00e9s dans la pr\u00e9vention des risques, l&#039;accompagnement technique et les d\u00e9marches de certification Champs d&#8217;application Viti-vini I March\u00e9 I Management-Logistique [&hellip;]\" \/>\n<meta property=\"og:url\" content=\"https:\/\/innovin.fr\/en\/pool-conseil\/md-consultant\/\" \/>\n<meta property=\"og:site_name\" content=\"INNO&#039;VIN\" \/>\n<meta property=\"og:image\" content=\"https:\/\/innovin.fr\/wp-content\/uploads\/2020\/04\/pool-conseil.png\" \/>\n\t<meta property=\"og:image:width\" content=\"1600\" \/>\n\t<meta property=\"og:image:height\" content=\"280\" \/>\n\t<meta property=\"og:image:type\" content=\"image\/png\" \/>\n<meta name=\"twitter:card\" content=\"summary_large_image\" \/>\n<meta name=\"twitter:label1\" content=\"Est. reading time\" \/>\n\t<meta name=\"twitter:data1\" content=\"1 minute\" \/>\n<script type=\"application\/ld+json\" class=\"yoast-schema-graph\">{\"@context\":\"https:\/\/schema.org\",\"@graph\":[{\"@type\":\"WebPage\",\"@id\":\"https:\/\/innovin.fr\/en\/pool-conseil\/md-consultant\/\",\"url\":\"https:\/\/innovin.fr\/en\/pool-conseil\/md-consultant\/\",\"name\":\"MD Consultant | INNO'VIN\",\"isPartOf\":{\"@id\":\"https:\/\/innovin.fr\/#website\"},\"primaryImageOfPage\":{\"@id\":\"https:\/\/innovin.fr\/en\/pool-conseil\/md-consultant\/#primaryimage\"},\"image\":{\"@id\":\"https:\/\/innovin.fr\/en\/pool-conseil\/md-consultant\/#primaryimage\"},\"thumbnailUrl\":\"https:\/\/innovin.fr\/wp-content\/uploads\/2020\/04\/pool-conseil.png\",\"datePublished\":\"2021-08-31T08:25:43+00:00\",\"breadcrumb\":{\"@id\":\"https:\/\/innovin.fr\/en\/pool-conseil\/md-consultant\/#breadcrumb\"},\"inLanguage\":\"en-US\",\"potentialAction\":[{\"@type\":\"ReadAction\",\"target\":[\"https:\/\/innovin.fr\/en\/pool-conseil\/md-consultant\/\"]}]},{\"@type\":\"ImageObject\",\"inLanguage\":\"en-US\",\"@id\":\"https:\/\/innovin.fr\/en\/pool-conseil\/md-consultant\/#primaryimage\",\"url\":\"https:\/\/innovin.fr\/wp-content\/uploads\/2020\/04\/pool-conseil.png\",\"contentUrl\":\"https:\/\/innovin.fr\/wp-content\/uploads\/2020\/04\/pool-conseil.png\",\"width\":1600,\"height\":280},{\"@type\":\"BreadcrumbList\",\"@id\":\"https:\/\/innovin.fr\/en\/pool-conseil\/md-consultant\/#breadcrumb\",\"itemListElement\":[{\"@type\":\"ListItem\",\"position\":1,\"name\":\"Accueil\",\"item\":\"https:\/\/innovin.fr\/\"},{\"@type\":\"ListItem\",\"position\":2,\"name\":\"Pool Conseil\",\"item\":\"https:\/\/innovin.fr\/en\/pool-conseil\/\"},{\"@type\":\"ListItem\",\"position\":3,\"name\":\"MD Consultant\"}]},{\"@type\":\"WebSite\",\"@id\":\"https:\/\/innovin.fr\/#website\",\"url\":\"https:\/\/innovin.fr\/\",\"name\":\"INNO'VIN\",\"description\":\"Innovation at the service of the wine industry\",\"potentialAction\":[{\"@type\":\"SearchAction\",\"target\":{\"@type\":\"EntryPoint\",\"urlTemplate\":\"https:\/\/innovin.fr\/?s={search_term_string}\"},\"query-input\":{\"@type\":\"PropertyValueSpecification\",\"valueRequired\":true,\"valueName\":\"search_term_string\"}}],\"inLanguage\":\"en-US\"}]}<\/script>\n<!-- \/ Yoast SEO plugin. -->","yoast_head_json":{"title":"MD Consultant | INNO'VIN","robots":{"index":"index","follow":"follow","max-snippet":"max-snippet:-1","max-image-preview":"max-image-preview:large","max-video-preview":"max-video-preview:-1"},"canonical":"https:\/\/innovin.fr\/en\/pool-conseil\/md-consultant\/","og_locale":"en_US","og_type":"article","og_title":"MD Consultant | INNO'VIN","og_description":"Retour au Pool Conseil MD CONSULTANT Conseil, formation et audit sp\u00e9cialis\u00e9s dans la pr\u00e9vention des risques, l&#039;accompagnement technique et les d\u00e9marches de certification Champs d&#8217;application Viti-vini I March\u00e9 I Management-Logistique [&hellip;]","og_url":"https:\/\/innovin.fr\/en\/pool-conseil\/md-consultant\/","og_site_name":"INNO'VIN","og_image":[{"width":1600,"height":280,"url":"https:\/\/innovin.fr\/wp-content\/uploads\/2020\/04\/pool-conseil.png","type":"image\/png"}],"twitter_card":"summary_large_image","twitter_misc":{"Est. reading time":"1 minute"},"schema":{"@context":"https:\/\/schema.org","@graph":[{"@type":"WebPage","@id":"https:\/\/innovin.fr\/en\/pool-conseil\/md-consultant\/","url":"https:\/\/innovin.fr\/en\/pool-conseil\/md-consultant\/","name":"MD Consultant | INNO'VIN","isPartOf":{"@id":"https:\/\/innovin.fr\/#website"},"primaryImageOfPage":{"@id":"https:\/\/innovin.fr\/en\/pool-conseil\/md-consultant\/#primaryimage"},"image":{"@id":"https:\/\/innovin.fr\/en\/pool-conseil\/md-consultant\/#primaryimage"},"thumbnailUrl":"https:\/\/innovin.fr\/wp-content\/uploads\/2020\/04\/pool-conseil.png","datePublished":"2021-08-31T08:25:43+00:00","breadcrumb":{"@id":"https:\/\/innovin.fr\/en\/pool-conseil\/md-consultant\/#breadcrumb"},"inLanguage":"en-US","potentialAction":[{"@type":"ReadAction","target":["https:\/\/innovin.fr\/en\/pool-conseil\/md-consultant\/"]}]},{"@type":"ImageObject","inLanguage":"en-US","@id":"https:\/\/innovin.fr\/en\/pool-conseil\/md-consultant\/#primaryimage","url":"https:\/\/innovin.fr\/wp-content\/uploads\/2020\/04\/pool-conseil.png","contentUrl":"https:\/\/innovin.fr\/wp-content\/uploads\/2020\/04\/pool-conseil.png","width":1600,"height":280},{"@type":"BreadcrumbList","@id":"https:\/\/innovin.fr\/en\/pool-conseil\/md-consultant\/#breadcrumb","itemListElement":[{"@type":"ListItem","position":1,"name":"Accueil","item":"https:\/\/innovin.fr\/"},{"@type":"ListItem","position":2,"name":"Pool Conseil","item":"https:\/\/innovin.fr\/en\/pool-conseil\/"},{"@type":"ListItem","position":3,"name":"MD Consultant"}]},{"@type":"WebSite","@id":"https:\/\/innovin.fr\/#website","url":"https:\/\/innovin.fr\/","name":"INNO'VIN","description":"Innovation at the service of the wine industry","potentialAction":[{"@type":"SearchAction","target":{"@type":"EntryPoint","urlTemplate":"https:\/\/innovin.fr\/?s={search_term_string}"},"query-input":{"@type":"PropertyValueSpecification","valueRequired":true,"valueName":"search_term_string"}}],"inLanguage":"en-US"}]}},"_links":{"self":[{"href":"https:\/\/innovin.fr\/en\/wp-json\/wp\/v2\/pages\/10980","targetHints":{"allow":["GET"]}}],"collection":[{"href":"https:\/\/innovin.fr\/en\/wp-json\/wp\/v2\/pages"}],"about":[{"href":"https:\/\/innovin.fr\/en\/wp-json\/wp\/v2\/types\/page"}],"author":[{"embeddable":true,"href":"https:\/\/innovin.fr\/en\/wp-json\/wp\/v2\/users\/3700"}],"replies":[{"embeddable":true,"href":"https:\/\/innovin.fr\/en\/wp-json\/wp\/v2\/comments?post=10980"}],"version-history":[{"count":1,"href":"https:\/\/innovin.fr\/en\/wp-json\/wp\/v2\/pages\/10980\/revisions"}],"predecessor-version":[{"id":14442,"href":"https:\/\/innovin.fr\/en\/wp-json\/wp\/v2\/pages\/10980\/revisions\/14442"}],"up":[{"embeddable":true,"href":"https:\/\/innovin.fr\/en\/wp-json\/wp\/v2\/pages\/10195"}],"wp:featuredmedia":[{"embeddable":true,"href":"https:\/\/innovin.fr\/en\/wp-json\/wp\/v2\/media\/10230"}],"wp:attachment":[{"href":"https:\/\/innovin.fr\/en\/wp-json\/wp\/v2\/media?parent=10980"}],"curies":[{"name":"wp","href":"https:\/\/api.w.org\/{rel}","templated":true}]}}