{"id":10988,"date":"2021-08-31T10:26:13","date_gmt":"2021-08-31T08:26:13","guid":{"rendered":"https:\/\/innovin.fr\/?page_id=10988"},"modified":"2021-08-31T10:26:13","modified_gmt":"2021-08-31T08:26:13","slug":"nova-bossa","status":"publish","type":"page","link":"https:\/\/innovin.fr\/en\/pool-conseil\/nova-bossa\/","title":{"rendered":"Nova Bossa"},"content":{"rendered":"<p><section class=\"kc-elm kc-css-236470 kc_row\"><div class=\"kc-row-container  kc-container\"><div class=\"kc-wrap-columns\"><div class=\"kc-elm kc-css-211528 kc_col-sm-12 kc_column kc_col-sm-12\"><div class=\"kc-col-container\"><div class=\"kc-elm kc-css-59919\" style=\"height: 10px; clear: both; width:100%;\"><\/div><div class=\"kc-elm kc-css-353026 kc-raw-code\"><a class=\"uk-button\" href=\"https:\/\/innovin.fr\/en\/pool-conseil\/\">Retour au Pool Conseil<\/a><\/div><\/div><\/div><\/div><\/div><\/section><section class=\"kc-elm kc-css-750736 kc_row\"><div class=\"kc-row-container  kc-container  uk-article\"><div class=\"kc-wrap-columns\"><div class=\"kc-elm kc-css-424740 kc_col-sm-5 kc_column kc_col-sm-5\"><div class=\"kc-col-container\"><div class=\"kc-elm kc-css-499701 kc_shortcode kc_single_image\">\n\n        <img decoding=\"async\" src=\"https:\/\/innovin.fr\/wp-content\/uploads\/2021\/07\/logo-novabossa.jpg\" class=\"\" alt=\"\" \/>    <\/div>\n<div class=\"kc-elm kc-css-167622\" style=\"height: 10px; clear: both; width:100%;\"><\/div><\/div><\/div><div class=\"kc-elm kc-css-343958 kc_col-sm-7 kc_column kc_col-sm-7\"><div class=\"kc-col-container\">\n<div class=\"kc-elm kc-css-859539 kc-title-wrap \">\n\n\t<h1 class=\"kc_title\">NOVA BOSSA CONSEIL<\/h1>\n<\/div>\n<div class=\"kc-elm kc-css-898164 kc_text_block\"><\/p>\n<p>\nAccompagnement de projets d\u2019\u00e9volution de l\u2019organisation et du syst\u00e8me d\u2019information dans le but d\u2019am\u00e9liorer la comp\u00e9titivit\u00e9<\/p>\n<p>\n<\/div>\n<div class=\"kc-elm kc-css-181316 kc-title-wrap \">\n\n\t<h2 class=\"kc_title\">Champs d'application<\/h2>\n<\/div>\n<div class=\"kc-elm kc-css-458274 kc_text_block\"><\/p>\n<p>\nMarch\u00e9  I  Management-Logistique<\/p>\n<p>\n<\/div>\n<div class=\"kc-elm kc-css-667540 kc-title-wrap \">\n\n\t<h2 class=\"kc_title\">Client\u00e8le<\/h2>\n<\/div>\n<div class=\"kc-elm kc-css-343940 kc_text_block\"><\/p>\n<p>\nMaisons de n\u00e9goce  I  Caves coop\u00e9ratives, unions de caves  I  Exploitations  I  Fournisseurs de la fili\u00e8re<strong><br \/><\/strong><\/p>\n<p>\n<\/div><\/div><\/div><\/div><\/div><\/section><section class=\"kc-elm kc-css-641980 kc_row\"><div class=\"kc-row-container  kc-container  uk-article\"><div class=\"kc-wrap-columns\"><div class=\"kc-elm kc-css-568839 kc_col-sm-12 kc_column kc_col-sm-12\"><div class=\"kc-col-container\">\n<div class=\"kc-elm kc-css-476206 kc-title-wrap \">\n\n\t<h2 class=\"kc_title\">Comp\u00e9tences<\/h2>\n<\/div>\n<div class=\"kc-elm kc-css-440711\" style=\"height: 10px; clear: both; width:100%;\"><\/div><div class=\"kc-elm kc-css-420414 kc_text_block\"><\/p>\n<ul>\n<li>\n<div><strong>Diagnostic de performance de la supply chain<\/strong>, \u00e9laboration de plan de progr\u00e8s et accompagnement de sa mise en \u0153uvre<\/div>\n<\/li>\n<li>\n<div><strong>Evaluation de<\/strong> <strong>l\u2019organisation des fonctions support<\/strong> (finance, contr\u00f4le de gestion, ressources humaines, syst\u00e8me d\u2019information) et pr\u00e9conisations d\u2019am\u00e9lioration<\/div>\n<\/li>\n<li>\n<div><strong>Accompagnement de projet ERP<\/strong> : cahier des charges, aide au choix, assistance \u00e0 ma\u00eetrise d\u2019ouvrage, conduite du changement<\/div>\n<\/li>\n<li>\n<div><strong>Accompagnement de la transformation digitale<\/strong> : diagnostic 360\u00b0, plan de transformation, sp\u00e9cification des besoins, choix des solutions digitales, accompagnement des d\u00e9ploiements<\/div>\n<\/li>\n<li>\n<div><strong>Mise en place des outils de pilotage<\/strong> : processus budg\u00e9taires, co\u00fbts de production et marges, tableaux de bord<\/div>\n<\/li>\n<\/ul>\n<p>\n<\/div><\/div><\/div><\/div><\/div><\/section><section class=\"kc-elm kc-css-871717 kc_row\"><div class=\"kc-row-container  kc-container  uk-article\"><div class=\"kc-wrap-columns\"><div class=\"kc-elm kc-css-217313 kc_col-sm-5 kc_column kc_col-sm-5\"><div class=\"kc-col-container\">\n<div class=\"kc-elm kc-css-528266 kc-title-wrap \">\n\n\t<h2 class=\"kc_title\">Contact<\/h2>\n<\/div>\n<div class=\"kc-elm kc-css-88830\" style=\"height: 20px; clear: both; width:100%;\"><\/div><div class=\"kc-elm kc-css-187540 kc_shortcode kc_single_image\">\n\n        <img decoding=\"async\" src=\"https:\/\/innovin.fr\/wp-content\/uploads\/2018\/01\/nova-bossa.png\" class=\"\" alt=\"\" \/>    <\/div>\n<div class=\"kc-elm kc-css-510687\" style=\"height: 10px; clear: both; width:100%;\"><\/div><\/div><\/div><div class=\"kc-elm kc-css-954640 kc_col-sm-7 kc_column kc_col-sm-7\"><div class=\"kc-col-container\"><div class=\"kc-elm kc-css-823887\" style=\"height: 65px; clear: both; width:100%;\"><\/div><div class=\"kc-elm kc-css-905487 kc_text_block\"><\/p>\n<p>\n<strong>Nicolas Bezy<br \/><\/strong>06 87 91 15 66<br \/>nicolas.bezy@novabossa.fr<br \/><a href=\"http:\/\/www.novabossa.fr\" target=\"_blank\" rel=\"noopener\">www.novabossa.fr<\/a><br \/>Bordeaux (33)<\/p>\n<p><a class=\"btn uk-button\" href=\"https:\/\/innovin.fr\/wp-content\/uploads\/2021\/07\/NOVA-BOSSA.pdf\" target=\"_blank\" rel=\"noopener noreferrer\">T\u00e9l\u00e9charger la carte d&#039;identit\u00e9<\/a><\/p>\n<p>\n<\/div><\/div><\/div><\/div><\/div><\/section><\/p>\n","protected":false},"excerpt":{"rendered":"","protected":false},"author":3700,"featured_media":10230,"parent":10195,"menu_order":0,"comment_status":"closed","ping_status":"closed","template":"layouts\/page-notittle.php","meta":{"_acf_changed":false,"footnotes":""},"class_list":["post-10988","page","type-page","status-publish","has-post-thumbnail","hentry"],"acf":[],"yoast_head":"<!-- This site is optimized with the Yoast SEO plugin v26.3 - https:\/\/yoast.com\/wordpress\/plugins\/seo\/ -->\n<title>Nova Bossa | INNO&#039;VIN<\/title>\n<meta name=\"robots\" content=\"index, follow, max-snippet:-1, max-image-preview:large, max-video-preview:-1\" \/>\n<link rel=\"canonical\" href=\"https:\/\/innovin.fr\/en\/pool-conseil\/nova-bossa\/\" \/>\n<meta property=\"og:locale\" content=\"en_US\" \/>\n<meta property=\"og:type\" content=\"article\" \/>\n<meta property=\"og:title\" content=\"Nova Bossa | INNO&#039;VIN\" \/>\n<meta property=\"og:description\" content=\"Retour au Pool Conseil NOVA BOSSA CONSEIL Accompagnement de projets d\u2019\u00e9volution de l\u2019organisation et du syst\u00e8me d\u2019information dans le but d\u2019am\u00e9liorer la comp\u00e9titivit\u00e9 Champs d&#8217;application March\u00e9 I Management-Logistique Client\u00e8le Maisons [&hellip;]\" \/>\n<meta property=\"og:url\" content=\"https:\/\/innovin.fr\/en\/pool-conseil\/nova-bossa\/\" \/>\n<meta property=\"og:site_name\" content=\"INNO&#039;VIN\" \/>\n<meta property=\"og:image\" content=\"https:\/\/innovin.fr\/wp-content\/uploads\/2020\/04\/pool-conseil.png\" \/>\n\t<meta property=\"og:image:width\" content=\"1600\" \/>\n\t<meta property=\"og:image:height\" content=\"280\" \/>\n\t<meta property=\"og:image:type\" content=\"image\/png\" \/>\n<meta name=\"twitter:card\" content=\"summary_large_image\" \/>\n<meta name=\"twitter:label1\" content=\"Est. reading time\" \/>\n\t<meta name=\"twitter:data1\" content=\"1 minute\" \/>\n<script type=\"application\/ld+json\" class=\"yoast-schema-graph\">{\"@context\":\"https:\/\/schema.org\",\"@graph\":[{\"@type\":\"WebPage\",\"@id\":\"https:\/\/innovin.fr\/en\/pool-conseil\/nova-bossa\/\",\"url\":\"https:\/\/innovin.fr\/en\/pool-conseil\/nova-bossa\/\",\"name\":\"Nova Bossa | INNO'VIN\",\"isPartOf\":{\"@id\":\"https:\/\/innovin.fr\/#website\"},\"primaryImageOfPage\":{\"@id\":\"https:\/\/innovin.fr\/en\/pool-conseil\/nova-bossa\/#primaryimage\"},\"image\":{\"@id\":\"https:\/\/innovin.fr\/en\/pool-conseil\/nova-bossa\/#primaryimage\"},\"thumbnailUrl\":\"https:\/\/innovin.fr\/wp-content\/uploads\/2020\/04\/pool-conseil.png\",\"datePublished\":\"2021-08-31T08:26:13+00:00\",\"breadcrumb\":{\"@id\":\"https:\/\/innovin.fr\/en\/pool-conseil\/nova-bossa\/#breadcrumb\"},\"inLanguage\":\"en-US\",\"potentialAction\":[{\"@type\":\"ReadAction\",\"target\":[\"https:\/\/innovin.fr\/en\/pool-conseil\/nova-bossa\/\"]}]},{\"@type\":\"ImageObject\",\"inLanguage\":\"en-US\",\"@id\":\"https:\/\/innovin.fr\/en\/pool-conseil\/nova-bossa\/#primaryimage\",\"url\":\"https:\/\/innovin.fr\/wp-content\/uploads\/2020\/04\/pool-conseil.png\",\"contentUrl\":\"https:\/\/innovin.fr\/wp-content\/uploads\/2020\/04\/pool-conseil.png\",\"width\":1600,\"height\":280},{\"@type\":\"BreadcrumbList\",\"@id\":\"https:\/\/innovin.fr\/en\/pool-conseil\/nova-bossa\/#breadcrumb\",\"itemListElement\":[{\"@type\":\"ListItem\",\"position\":1,\"name\":\"Accueil\",\"item\":\"https:\/\/innovin.fr\/\"},{\"@type\":\"ListItem\",\"position\":2,\"name\":\"Pool Conseil\",\"item\":\"https:\/\/innovin.fr\/en\/pool-conseil\/\"},{\"@type\":\"ListItem\",\"position\":3,\"name\":\"Nova Bossa\"}]},{\"@type\":\"WebSite\",\"@id\":\"https:\/\/innovin.fr\/#website\",\"url\":\"https:\/\/innovin.fr\/\",\"name\":\"INNO'VIN\",\"description\":\"Innovation at the service of the wine industry\",\"potentialAction\":[{\"@type\":\"SearchAction\",\"target\":{\"@type\":\"EntryPoint\",\"urlTemplate\":\"https:\/\/innovin.fr\/?s={search_term_string}\"},\"query-input\":{\"@type\":\"PropertyValueSpecification\",\"valueRequired\":true,\"valueName\":\"search_term_string\"}}],\"inLanguage\":\"en-US\"}]}<\/script>\n<!-- \/ Yoast SEO plugin. -->","yoast_head_json":{"title":"Nova Bossa | INNO'VIN","robots":{"index":"index","follow":"follow","max-snippet":"max-snippet:-1","max-image-preview":"max-image-preview:large","max-video-preview":"max-video-preview:-1"},"canonical":"https:\/\/innovin.fr\/en\/pool-conseil\/nova-bossa\/","og_locale":"en_US","og_type":"article","og_title":"Nova Bossa | INNO'VIN","og_description":"Retour au Pool Conseil NOVA BOSSA CONSEIL Accompagnement de projets d\u2019\u00e9volution de l\u2019organisation et du syst\u00e8me d\u2019information dans le but d\u2019am\u00e9liorer la comp\u00e9titivit\u00e9 Champs d&#8217;application March\u00e9 I Management-Logistique Client\u00e8le Maisons [&hellip;]","og_url":"https:\/\/innovin.fr\/en\/pool-conseil\/nova-bossa\/","og_site_name":"INNO'VIN","og_image":[{"width":1600,"height":280,"url":"https:\/\/innovin.fr\/wp-content\/uploads\/2020\/04\/pool-conseil.png","type":"image\/png"}],"twitter_card":"summary_large_image","twitter_misc":{"Est. reading time":"1 minute"},"schema":{"@context":"https:\/\/schema.org","@graph":[{"@type":"WebPage","@id":"https:\/\/innovin.fr\/en\/pool-conseil\/nova-bossa\/","url":"https:\/\/innovin.fr\/en\/pool-conseil\/nova-bossa\/","name":"Nova Bossa | INNO'VIN","isPartOf":{"@id":"https:\/\/innovin.fr\/#website"},"primaryImageOfPage":{"@id":"https:\/\/innovin.fr\/en\/pool-conseil\/nova-bossa\/#primaryimage"},"image":{"@id":"https:\/\/innovin.fr\/en\/pool-conseil\/nova-bossa\/#primaryimage"},"thumbnailUrl":"https:\/\/innovin.fr\/wp-content\/uploads\/2020\/04\/pool-conseil.png","datePublished":"2021-08-31T08:26:13+00:00","breadcrumb":{"@id":"https:\/\/innovin.fr\/en\/pool-conseil\/nova-bossa\/#breadcrumb"},"inLanguage":"en-US","potentialAction":[{"@type":"ReadAction","target":["https:\/\/innovin.fr\/en\/pool-conseil\/nova-bossa\/"]}]},{"@type":"ImageObject","inLanguage":"en-US","@id":"https:\/\/innovin.fr\/en\/pool-conseil\/nova-bossa\/#primaryimage","url":"https:\/\/innovin.fr\/wp-content\/uploads\/2020\/04\/pool-conseil.png","contentUrl":"https:\/\/innovin.fr\/wp-content\/uploads\/2020\/04\/pool-conseil.png","width":1600,"height":280},{"@type":"BreadcrumbList","@id":"https:\/\/innovin.fr\/en\/pool-conseil\/nova-bossa\/#breadcrumb","itemListElement":[{"@type":"ListItem","position":1,"name":"Accueil","item":"https:\/\/innovin.fr\/"},{"@type":"ListItem","position":2,"name":"Pool Conseil","item":"https:\/\/innovin.fr\/en\/pool-conseil\/"},{"@type":"ListItem","position":3,"name":"Nova Bossa"}]},{"@type":"WebSite","@id":"https:\/\/innovin.fr\/#website","url":"https:\/\/innovin.fr\/","name":"INNO'VIN","description":"Innovation at the service of the wine industry","potentialAction":[{"@type":"SearchAction","target":{"@type":"EntryPoint","urlTemplate":"https:\/\/innovin.fr\/?s={search_term_string}"},"query-input":{"@type":"PropertyValueSpecification","valueRequired":true,"valueName":"search_term_string"}}],"inLanguage":"en-US"}]}},"_links":{"self":[{"href":"https:\/\/innovin.fr\/en\/wp-json\/wp\/v2\/pages\/10988","targetHints":{"allow":["GET"]}}],"collection":[{"href":"https:\/\/innovin.fr\/en\/wp-json\/wp\/v2\/pages"}],"about":[{"href":"https:\/\/innovin.fr\/en\/wp-json\/wp\/v2\/types\/page"}],"author":[{"embeddable":true,"href":"https:\/\/innovin.fr\/en\/wp-json\/wp\/v2\/users\/3700"}],"replies":[{"embeddable":true,"href":"https:\/\/innovin.fr\/en\/wp-json\/wp\/v2\/comments?post=10988"}],"version-history":[{"count":1,"href":"https:\/\/innovin.fr\/en\/wp-json\/wp\/v2\/pages\/10988\/revisions"}],"predecessor-version":[{"id":14444,"href":"https:\/\/innovin.fr\/en\/wp-json\/wp\/v2\/pages\/10988\/revisions\/14444"}],"up":[{"embeddable":true,"href":"https:\/\/innovin.fr\/en\/wp-json\/wp\/v2\/pages\/10195"}],"wp:featuredmedia":[{"embeddable":true,"href":"https:\/\/innovin.fr\/en\/wp-json\/wp\/v2\/media\/10230"}],"wp:attachment":[{"href":"https:\/\/innovin.fr\/en\/wp-json\/wp\/v2\/media?parent=10988"}],"curies":[{"name":"wp","href":"https:\/\/api.w.org\/{rel}","templated":true}]}}