{"id":11005,"date":"2021-08-31T10:27:26","date_gmt":"2021-08-31T08:27:26","guid":{"rendered":"https:\/\/innovin.fr\/?page_id=11005"},"modified":"2021-08-31T10:27:26","modified_gmt":"2021-08-31T08:27:26","slug":"vins-ventes","status":"publish","type":"page","link":"https:\/\/innovin.fr\/en\/pool-conseil\/vins-ventes\/","title":{"rendered":"Vins &#038; ventes"},"content":{"rendered":"<p><section class=\"kc-elm kc-css-4957 kc_row\"><div class=\"kc-row-container  kc-container\"><div class=\"kc-wrap-columns\"><div class=\"kc-elm kc-css-361079 kc_col-sm-12 kc_column kc_col-sm-12\"><div class=\"kc-col-container\"><div class=\"kc-elm kc-css-674377\" style=\"height: 10px; clear: both; width:100%;\"><\/div><div class=\"kc-elm kc-css-238313 kc-raw-code\"><a class=\"uk-button\" href=\"https:\/\/innovin.fr\/en\/pool-conseil\/\">Retour au Pool Conseil<\/a><\/div><\/div><\/div><\/div><\/div><\/section><section class=\"kc-elm kc-css-350167 kc_row\"><div class=\"kc-row-container  kc-container  uk-article\"><div class=\"kc-wrap-columns\"><div class=\"kc-elm kc-css-34776 kc_col-sm-5 kc_column kc_col-sm-5\"><div class=\"kc-col-container\"><div class=\"kc-elm kc-css-667591 kc_shortcode kc_single_image\">\n\n        <img decoding=\"async\" src=\"https:\/\/innovin.fr\/wp-content\/uploads\/2021\/07\/logo-vins-ventes.png\" class=\"\" alt=\"\" \/>    <\/div>\n<div class=\"kc-elm kc-css-178709\" style=\"height: 10px; clear: both; width:100%;\"><\/div><\/div><\/div><div class=\"kc-elm kc-css-795775 kc_col-sm-7 kc_column kc_col-sm-7\"><div class=\"kc-col-container\">\n<div class=\"kc-elm kc-css-221540 kc-title-wrap \">\n\n\t<h1 class=\"kc_title\">VINS & VENTES<\/h1>\n<\/div>\n<div class=\"kc-elm kc-css-233289 kc_text_block\"><\/p>\n<p>\nConseil, formation et accompagnement op\u00e9rationnel en commerce, marketing et strat\u00e9gie<\/p>\n<p>\n<\/div>\n<div class=\"kc-elm kc-css-474843 kc-title-wrap \">\n\n\t<h2 class=\"kc_title\">Champs d'application<\/h2>\n<\/div>\n<div class=\"kc-elm kc-css-847093 kc_text_block\"><\/p>\n<p>\nMarch\u00e9<\/p>\n<p>\n<\/div>\n<div class=\"kc-elm kc-css-779577 kc-title-wrap \">\n\n\t<h2 class=\"kc_title\">Client\u00e8le<\/h2>\n<\/div>\n<div class=\"kc-elm kc-css-544872 kc_text_block\"><\/p>\n<p>\nChefs d\u2019entreprises de TPE \/ PME (producteurs, n\u00e9gociants, fournisseurs)<strong><br \/><\/strong><\/p>\n<p>\n<\/div><\/div><\/div><\/div><\/div><\/section><section class=\"kc-elm kc-css-865734 kc_row\"><div class=\"kc-row-container  kc-container  uk-article\"><div class=\"kc-wrap-columns\"><div class=\"kc-elm kc-css-941854 kc_col-sm-12 kc_column kc_col-sm-12\"><div class=\"kc-col-container\">\n<div class=\"kc-elm kc-css-435106 kc-title-wrap \">\n\n\t<h2 class=\"kc_title\">Comp\u00e9tences<\/h2>\n<\/div>\n<div class=\"kc-elm kc-css-649903\" style=\"height: 10px; clear: both; width:100%;\"><\/div><div class=\"kc-elm kc-css-966698 kc_text_block\"><\/p>\n<p>\n<strong>R\u00e9unions participatives, formation inter-entreprises ou au sein d&#039;une seule structure : <\/strong><\/p>\n<ul>\n<li>Outils<\/li>\n<li>M\u00e9thodes et techniques de n\u00e9gociation<\/li>\n<li>Strat\u00e9gie march\u00e9<\/li>\n<\/ul>\n<p><em>&#8220;Une analyse des besoins de chacun permet d\u2019individualiser le contenu et aux participants de repartir avec des solutions \u00e0 appliquer claires, adapt\u00e9es, efficaces\".<\/em><\/p>\n<p><strong>Accompagnement &#038; conseil sur le moyen \/ long terme et suivi personnalis\u00e9 :<\/strong><\/p>\n<div>> Bilan de l&#039;activit\u00e9<\/div>\n<div>> Formalisation des choix et des outils de vente et de marketing<\/div>\n<div>> Suivi pour assurer la r\u00e9alisation des objectifs, et de l&#039;autonomisation<\/div>\n<div><\/div>\n<div><em>&#8220;La comparaison avec l\u2019\u0153nologue me semble perti-nente : il aide tout au long de la vie, m\u00eame les excellents vignerons ; je suis votre \u0153nologue de la vente et du marketing qui travaille le commerce \u00e0 vos c\u00f4t\u00e9s\".<\/em><\/div>\n<p>\n<\/div><\/div><\/div><\/div><\/div><\/section><section class=\"kc-elm kc-css-955297 kc_row\"><div class=\"kc-row-container  kc-container  uk-article\"><div class=\"kc-wrap-columns\"><div class=\"kc-elm kc-css-597032 kc_col-sm-5 kc_column kc_col-sm-5\"><div class=\"kc-col-container\">\n<div class=\"kc-elm kc-css-417604 kc-title-wrap \">\n\n\t<h2 class=\"kc_title\">Contact<\/h2>\n<\/div>\n<div class=\"kc-elm kc-css-55815\" style=\"height: 10px; clear: both; width:100%;\"><\/div><\/div><\/div><div class=\"kc-elm kc-css-647340 kc_col-sm-7 kc_column kc_col-sm-7\"><div class=\"kc-col-container\"><div class=\"kc-elm kc-css-578564\" style=\"height: 15px; clear: both; width:100%;\"><\/div><div class=\"kc-elm kc-css-48651 kc_text_block\"><\/p>\n<p>\n<strong>Fabrice Chaudier<br \/><\/strong>06 15 07 26 67<br \/>vinsetventes@gmail.com<br \/><a href=\"https:\/\/fabricechaudier.fr\" target=\"_blank\" rel=\"noopener\">www.fabricechaudier.fr<\/a><br \/>Lormont (33)<\/p>\n<p><a class=\"btn uk-button\" href=\"https:\/\/innovin.fr\/wp-content\/uploads\/2021\/07\/VINS-ET-VENTES.pdf\" target=\"_blank\" rel=\"noopener noreferrer\">T\u00e9l\u00e9charger la carte d&#039;identit\u00e9<\/a><\/p>\n<p>\n<\/div><\/div><\/div><\/div><\/div><\/section><\/p>\n","protected":false},"excerpt":{"rendered":"","protected":false},"author":3700,"featured_media":10230,"parent":10195,"menu_order":0,"comment_status":"closed","ping_status":"closed","template":"layouts\/page-notittle.php","meta":{"_acf_changed":false,"footnotes":""},"class_list":["post-11005","page","type-page","status-publish","has-post-thumbnail","hentry"],"acf":[],"yoast_head":"<!-- This site is optimized with the Yoast SEO plugin v26.3 - https:\/\/yoast.com\/wordpress\/plugins\/seo\/ -->\n<title>Vins &amp; ventes | INNO&#039;VIN<\/title>\n<meta name=\"robots\" content=\"index, follow, max-snippet:-1, max-image-preview:large, max-video-preview:-1\" \/>\n<link rel=\"canonical\" href=\"https:\/\/innovin.fr\/en\/pool-conseil\/vins-ventes\/\" \/>\n<meta property=\"og:locale\" content=\"en_US\" \/>\n<meta property=\"og:type\" content=\"article\" \/>\n<meta property=\"og:title\" content=\"Vins &amp; ventes | INNO&#039;VIN\" \/>\n<meta property=\"og:description\" content=\"Retour au Pool Conseil VINS &#038; VENTES Conseil, formation et accompagnement op\u00e9rationnel en commerce, marketing et strat\u00e9gie Champs d&#8217;application March\u00e9 Client\u00e8le Chefs d\u2019entreprises de TPE \/ PME (producteurs, n\u00e9gociants, fournisseurs) [&hellip;]\" \/>\n<meta property=\"og:url\" content=\"https:\/\/innovin.fr\/en\/pool-conseil\/vins-ventes\/\" \/>\n<meta property=\"og:site_name\" content=\"INNO&#039;VIN\" \/>\n<meta property=\"og:image\" content=\"https:\/\/innovin.fr\/wp-content\/uploads\/2020\/04\/pool-conseil.png\" \/>\n\t<meta property=\"og:image:width\" content=\"1600\" \/>\n\t<meta property=\"og:image:height\" content=\"280\" \/>\n\t<meta property=\"og:image:type\" content=\"image\/png\" \/>\n<meta name=\"twitter:card\" content=\"summary_large_image\" \/>\n<meta name=\"twitter:label1\" content=\"Est. reading time\" \/>\n\t<meta name=\"twitter:data1\" content=\"1 minute\" \/>\n<script type=\"application\/ld+json\" class=\"yoast-schema-graph\">{\"@context\":\"https:\/\/schema.org\",\"@graph\":[{\"@type\":\"WebPage\",\"@id\":\"https:\/\/innovin.fr\/en\/pool-conseil\/vins-ventes\/\",\"url\":\"https:\/\/innovin.fr\/en\/pool-conseil\/vins-ventes\/\",\"name\":\"Vins & ventes | INNO'VIN\",\"isPartOf\":{\"@id\":\"https:\/\/innovin.fr\/#website\"},\"primaryImageOfPage\":{\"@id\":\"https:\/\/innovin.fr\/en\/pool-conseil\/vins-ventes\/#primaryimage\"},\"image\":{\"@id\":\"https:\/\/innovin.fr\/en\/pool-conseil\/vins-ventes\/#primaryimage\"},\"thumbnailUrl\":\"https:\/\/innovin.fr\/wp-content\/uploads\/2020\/04\/pool-conseil.png\",\"datePublished\":\"2021-08-31T08:27:26+00:00\",\"breadcrumb\":{\"@id\":\"https:\/\/innovin.fr\/en\/pool-conseil\/vins-ventes\/#breadcrumb\"},\"inLanguage\":\"en-US\",\"potentialAction\":[{\"@type\":\"ReadAction\",\"target\":[\"https:\/\/innovin.fr\/en\/pool-conseil\/vins-ventes\/\"]}]},{\"@type\":\"ImageObject\",\"inLanguage\":\"en-US\",\"@id\":\"https:\/\/innovin.fr\/en\/pool-conseil\/vins-ventes\/#primaryimage\",\"url\":\"https:\/\/innovin.fr\/wp-content\/uploads\/2020\/04\/pool-conseil.png\",\"contentUrl\":\"https:\/\/innovin.fr\/wp-content\/uploads\/2020\/04\/pool-conseil.png\",\"width\":1600,\"height\":280},{\"@type\":\"BreadcrumbList\",\"@id\":\"https:\/\/innovin.fr\/en\/pool-conseil\/vins-ventes\/#breadcrumb\",\"itemListElement\":[{\"@type\":\"ListItem\",\"position\":1,\"name\":\"Accueil\",\"item\":\"https:\/\/innovin.fr\/\"},{\"@type\":\"ListItem\",\"position\":2,\"name\":\"Pool Conseil\",\"item\":\"https:\/\/innovin.fr\/en\/pool-conseil\/\"},{\"@type\":\"ListItem\",\"position\":3,\"name\":\"Vins &#038; ventes\"}]},{\"@type\":\"WebSite\",\"@id\":\"https:\/\/innovin.fr\/#website\",\"url\":\"https:\/\/innovin.fr\/\",\"name\":\"INNO'VIN\",\"description\":\"Innovation at the service of the wine industry\",\"potentialAction\":[{\"@type\":\"SearchAction\",\"target\":{\"@type\":\"EntryPoint\",\"urlTemplate\":\"https:\/\/innovin.fr\/?s={search_term_string}\"},\"query-input\":{\"@type\":\"PropertyValueSpecification\",\"valueRequired\":true,\"valueName\":\"search_term_string\"}}],\"inLanguage\":\"en-US\"}]}<\/script>\n<!-- \/ Yoast SEO plugin. -->","yoast_head_json":{"title":"Vins & ventes | INNO'VIN","robots":{"index":"index","follow":"follow","max-snippet":"max-snippet:-1","max-image-preview":"max-image-preview:large","max-video-preview":"max-video-preview:-1"},"canonical":"https:\/\/innovin.fr\/en\/pool-conseil\/vins-ventes\/","og_locale":"en_US","og_type":"article","og_title":"Vins & ventes | INNO'VIN","og_description":"Retour au Pool Conseil VINS &#038; VENTES Conseil, formation et accompagnement op\u00e9rationnel en commerce, marketing et strat\u00e9gie Champs d&#8217;application March\u00e9 Client\u00e8le Chefs d\u2019entreprises de TPE \/ PME (producteurs, n\u00e9gociants, fournisseurs) [&hellip;]","og_url":"https:\/\/innovin.fr\/en\/pool-conseil\/vins-ventes\/","og_site_name":"INNO'VIN","og_image":[{"width":1600,"height":280,"url":"https:\/\/innovin.fr\/wp-content\/uploads\/2020\/04\/pool-conseil.png","type":"image\/png"}],"twitter_card":"summary_large_image","twitter_misc":{"Est. reading time":"1 minute"},"schema":{"@context":"https:\/\/schema.org","@graph":[{"@type":"WebPage","@id":"https:\/\/innovin.fr\/en\/pool-conseil\/vins-ventes\/","url":"https:\/\/innovin.fr\/en\/pool-conseil\/vins-ventes\/","name":"Vins & ventes | INNO'VIN","isPartOf":{"@id":"https:\/\/innovin.fr\/#website"},"primaryImageOfPage":{"@id":"https:\/\/innovin.fr\/en\/pool-conseil\/vins-ventes\/#primaryimage"},"image":{"@id":"https:\/\/innovin.fr\/en\/pool-conseil\/vins-ventes\/#primaryimage"},"thumbnailUrl":"https:\/\/innovin.fr\/wp-content\/uploads\/2020\/04\/pool-conseil.png","datePublished":"2021-08-31T08:27:26+00:00","breadcrumb":{"@id":"https:\/\/innovin.fr\/en\/pool-conseil\/vins-ventes\/#breadcrumb"},"inLanguage":"en-US","potentialAction":[{"@type":"ReadAction","target":["https:\/\/innovin.fr\/en\/pool-conseil\/vins-ventes\/"]}]},{"@type":"ImageObject","inLanguage":"en-US","@id":"https:\/\/innovin.fr\/en\/pool-conseil\/vins-ventes\/#primaryimage","url":"https:\/\/innovin.fr\/wp-content\/uploads\/2020\/04\/pool-conseil.png","contentUrl":"https:\/\/innovin.fr\/wp-content\/uploads\/2020\/04\/pool-conseil.png","width":1600,"height":280},{"@type":"BreadcrumbList","@id":"https:\/\/innovin.fr\/en\/pool-conseil\/vins-ventes\/#breadcrumb","itemListElement":[{"@type":"ListItem","position":1,"name":"Accueil","item":"https:\/\/innovin.fr\/"},{"@type":"ListItem","position":2,"name":"Pool Conseil","item":"https:\/\/innovin.fr\/en\/pool-conseil\/"},{"@type":"ListItem","position":3,"name":"Vins &#038; ventes"}]},{"@type":"WebSite","@id":"https:\/\/innovin.fr\/#website","url":"https:\/\/innovin.fr\/","name":"INNO'VIN","description":"Innovation at the service of the wine industry","potentialAction":[{"@type":"SearchAction","target":{"@type":"EntryPoint","urlTemplate":"https:\/\/innovin.fr\/?s={search_term_string}"},"query-input":{"@type":"PropertyValueSpecification","valueRequired":true,"valueName":"search_term_string"}}],"inLanguage":"en-US"}]}},"_links":{"self":[{"href":"https:\/\/innovin.fr\/en\/wp-json\/wp\/v2\/pages\/11005","targetHints":{"allow":["GET"]}}],"collection":[{"href":"https:\/\/innovin.fr\/en\/wp-json\/wp\/v2\/pages"}],"about":[{"href":"https:\/\/innovin.fr\/en\/wp-json\/wp\/v2\/types\/page"}],"author":[{"embeddable":true,"href":"https:\/\/innovin.fr\/en\/wp-json\/wp\/v2\/users\/3700"}],"replies":[{"embeddable":true,"href":"https:\/\/innovin.fr\/en\/wp-json\/wp\/v2\/comments?post=11005"}],"version-history":[{"count":1,"href":"https:\/\/innovin.fr\/en\/wp-json\/wp\/v2\/pages\/11005\/revisions"}],"predecessor-version":[{"id":14448,"href":"https:\/\/innovin.fr\/en\/wp-json\/wp\/v2\/pages\/11005\/revisions\/14448"}],"up":[{"embeddable":true,"href":"https:\/\/innovin.fr\/en\/wp-json\/wp\/v2\/pages\/10195"}],"wp:featuredmedia":[{"embeddable":true,"href":"https:\/\/innovin.fr\/en\/wp-json\/wp\/v2\/media\/10230"}],"wp:attachment":[{"href":"https:\/\/innovin.fr\/en\/wp-json\/wp\/v2\/media?parent=11005"}],"curies":[{"name":"wp","href":"https:\/\/api.w.org\/{rel}","templated":true}]}}