{"id":19941,"date":"2023-08-24T12:10:12","date_gmt":"2023-08-24T10:10:12","guid":{"rendered":"https:\/\/innovin.fr\/network\/"},"modified":"2023-08-24T12:44:56","modified_gmt":"2023-08-24T10:44:56","slug":"network","status":"publish","type":"page","link":"https:\/\/innovin.fr\/en\/network\/","title":{"rendered":"Network"},"content":{"rendered":"<style type=\"text\/css\">body.kc-css-system .kc-css-988606 ,body.kc-css-system .kc-css-988606 p{font-family: Raleway;}body.kc-css-system .kc-css-3126302{text-align: center;margin: 10px 10px -10px 10px;}body.kc-css-system .kc-css-3126302 img{padding: 10px 10px 10px 10px;}<\/style>\n<section class=\"kc-elm kc-css-3821546 kc_row\">\n<div class=\"kc-row-container  kc-container\">\n<div class=\"kc-wrap-columns\">\n<div class=\"kc-elm kc-css-3338972 kc_col-sm-12 kc_column kc_col-sm-12\">\n<div class=\"kc-col-container\">\n<div class=\"kc-elm kc-css-988606 kc_text_block\">\n<h2 class=\"MsoNormal\" style=\"margin: 0cm 0cm 8pt; line-height: 15.6933px; font-size: 11pt; font-family: Calibri, sans-serif; color: #000000;\">Le groupe Bacchus<\/h2>\n<p class=\"MsoNormal\" style=\"margin: 0cm 0cm 8pt; line-height: 15.6933px; font-size: 11pt; font-family: Calibri, sans-serif; color: #000000;\">Regroupement informel des p\u00f4les et clusters fran\u00e7ais en lien avec le secteur vitivinicole dans les diff\u00e9rentes r\u00e9gions, le groupe Bacchus est n\u00e9 en 2018 \u00e0 l\u2019occasion du salon Vinitech.<\/p>\n<p class=\"MsoNormal\" style=\"margin: 0cm 0cm 8pt; line-height: 15.6933px; font-size: 11pt; font-family: Calibri, sans-serif; color: #000000;\">Ce groupement a comme principaux objectifs :<\/p>\n<p class=\"MsoListParagraphCxSpFirst\" style=\"margin: 0cm 0cm 0cm 36pt; line-height: 15.6933px; font-size: 11pt; font-family: Calibri, sans-serif; color: #000000; text-indent: -18pt;\">&#8211;<span style=\"font-variant-numeric: normal; font-variant-east-asian: normal; font-stretch: normal; font-size: 7pt; line-height: normal; font-family: 'Times New Roman';\">\u00a0\u00a0\u00a0\u00a0\u00a0\u00a0\u00a0 <\/span>de faire mieux se connaitre les diff\u00e9rentes entit\u00e9s actives sur la fili\u00e8re depuis le plan de vigne jusqu\u2019au consommateur,<\/p>\n<p class=\"MsoListParagraphCxSpMiddle\" style=\"margin: 0cm 0cm 0cm 36pt; line-height: 15.6933px; font-size: 11pt; font-family: Calibri, sans-serif; color: #000000; text-indent: -18pt;\">&#8211;<span style=\"font-variant-numeric: normal; font-variant-east-asian: normal; font-stretch: normal; font-size: 7pt; line-height: normal; font-family: 'Times New Roman';\">\u00a0\u00a0\u00a0\u00a0\u00a0\u00a0\u00a0 <\/span>de mieux connaitre et de faciliter la mise en commun des comp\u00e9tences de chaque structure ainsi que des projets accompagn\u00e9s dans le but de cr\u00e9er des synergies.<\/p>\n<p class=\"MsoListParagraphCxSpMiddle\" style=\"margin: 0cm 0cm 0cm 36pt; line-height: 15.6933px; font-size: 11pt; font-family: Calibri, sans-serif; color: #000000; text-indent: -18pt;\">&#8211;<span style=\"font-variant-numeric: normal; font-variant-east-asian: normal; font-stretch: normal; font-size: 7pt; line-height: normal; font-family: 'Times New Roman';\">\u00a0\u00a0\u00a0\u00a0\u00a0\u00a0\u00a0 <\/span>de rassembler les acteurs de l\u2019innovation vitivinicole pour, \u00e0 terme, affirmer leur place de leader au plan international.<\/p>\n<p class=\"MsoListParagraphCxSpLast\" style=\"margin: 0cm 0cm 8pt 36pt; line-height: 15.6933px; font-size: 11pt; font-family: Calibri, sans-serif; color: #000000; text-indent: -18pt;\">&#8211;<span style=\"font-variant-numeric: normal; font-variant-east-asian: normal; font-stretch: normal; font-size: 7pt; line-height: normal; font-family: 'Times New Roman';\">\u00a0\u00a0\u00a0\u00a0\u00a0\u00a0\u00a0 <\/span>de proposer des actions collectives pour \u00eatre plus visible et efficace au plan national, europ\u00e9en et international<\/p>\n<\/div>\n<\/div>\n<\/div>\n<\/div>\n<\/div>\n<\/section>\n<section class=\"kc-elm kc-css-1846833 kc_row\">\n<div class=\"kc-row-container  kc-container\">\n<div class=\"kc-wrap-columns\">\n<div class=\"kc-elm kc-css-974606 kc_col-sm-12 kc_column kc_col-sm-12\">\n<div class=\"kc-col-container\">\n<div class=\"kc-elm kc-css-3126302 kc_shortcode kc_single_image\">\n<p>        <img decoding=\"async\" src=\"https:\/\/innovin.fr\/wp-content\/uploads\/2022\/04\/groupebacchus.jpg\" class=\"\" alt=\"\" \/>    <\/div>\n<\/div>\n<\/div>\n<\/div>\n<\/div>\n<\/section>\n","protected":false},"excerpt":{"rendered":"<p>Le groupe Bacchus Regroupement informel des p\u00f4les et clusters fran\u00e7ais en lien avec le secteur vitivinicole dans les diff\u00e9rentes r\u00e9gions, le groupe Bacchus est n\u00e9 en 2018 \u00e0 l\u2019occasion du [&hellip;]<\/p>\n","protected":false},"author":874,"featured_media":19920,"parent":0,"menu_order":0,"comment_status":"closed","ping_status":"closed","template":"","meta":{"_acf_changed":false,"footnotes":""},"class_list":["post-19941","page","type-page","status-publish","has-post-thumbnail","hentry"],"acf":[],"yoast_head":"<!-- This site is optimized with the Yoast SEO plugin v26.3 - https:\/\/yoast.com\/wordpress\/plugins\/seo\/ -->\n<title>Network | INNO&#039;VIN<\/title>\n<meta name=\"robots\" content=\"index, follow, max-snippet:-1, max-image-preview:large, max-video-preview:-1\" \/>\n<link rel=\"canonical\" href=\"https:\/\/innovin.fr\/en\/network\/\" \/>\n<meta property=\"og:locale\" content=\"en_US\" \/>\n<meta property=\"og:type\" content=\"article\" \/>\n<meta property=\"og:title\" content=\"Network | INNO&#039;VIN\" \/>\n<meta property=\"og:description\" content=\"Le groupe Bacchus Regroupement informel des p\u00f4les et clusters fran\u00e7ais en lien avec le secteur vitivinicole dans les diff\u00e9rentes r\u00e9gions, le groupe Bacchus est n\u00e9 en 2018 \u00e0 l\u2019occasion du [&hellip;]\" \/>\n<meta property=\"og:url\" content=\"https:\/\/innovin.fr\/en\/network\/\" \/>\n<meta property=\"og:site_name\" content=\"INNO&#039;VIN\" \/>\n<meta property=\"article:modified_time\" content=\"2023-08-24T10:44:56+00:00\" \/>\n<meta property=\"og:image\" content=\"https:\/\/innovin.fr\/wp-content\/uploads\/2023\/08\/banniere-reseau_new.png\" \/>\n\t<meta property=\"og:image:width\" content=\"1165\" \/>\n\t<meta property=\"og:image:height\" content=\"204\" \/>\n\t<meta property=\"og:image:type\" content=\"image\/png\" \/>\n<meta name=\"twitter:card\" content=\"summary_large_image\" \/>\n<meta name=\"twitter:label1\" content=\"Est. reading time\" \/>\n\t<meta name=\"twitter:data1\" content=\"1 minute\" \/>\n<script type=\"application\/ld+json\" class=\"yoast-schema-graph\">{\"@context\":\"https:\/\/schema.org\",\"@graph\":[{\"@type\":\"WebPage\",\"@id\":\"https:\/\/innovin.fr\/en\/network\/\",\"url\":\"https:\/\/innovin.fr\/en\/network\/\",\"name\":\"Network | INNO'VIN\",\"isPartOf\":{\"@id\":\"https:\/\/innovin.fr\/#website\"},\"primaryImageOfPage\":{\"@id\":\"https:\/\/innovin.fr\/en\/network\/#primaryimage\"},\"image\":{\"@id\":\"https:\/\/innovin.fr\/en\/network\/#primaryimage\"},\"thumbnailUrl\":\"https:\/\/innovin.fr\/wp-content\/uploads\/2023\/08\/banniere-reseau_new.png\",\"datePublished\":\"2023-08-24T10:10:12+00:00\",\"dateModified\":\"2023-08-24T10:44:56+00:00\",\"breadcrumb\":{\"@id\":\"https:\/\/innovin.fr\/en\/network\/#breadcrumb\"},\"inLanguage\":\"en-US\",\"potentialAction\":[{\"@type\":\"ReadAction\",\"target\":[\"https:\/\/innovin.fr\/en\/network\/\"]}]},{\"@type\":\"ImageObject\",\"inLanguage\":\"en-US\",\"@id\":\"https:\/\/innovin.fr\/en\/network\/#primaryimage\",\"url\":\"https:\/\/innovin.fr\/wp-content\/uploads\/2023\/08\/banniere-reseau_new.png\",\"contentUrl\":\"https:\/\/innovin.fr\/wp-content\/uploads\/2023\/08\/banniere-reseau_new.png\",\"width\":1165,\"height\":204},{\"@type\":\"BreadcrumbList\",\"@id\":\"https:\/\/innovin.fr\/en\/network\/#breadcrumb\",\"itemListElement\":[{\"@type\":\"ListItem\",\"position\":1,\"name\":\"Accueil\",\"item\":\"https:\/\/innovin.fr\/\"},{\"@type\":\"ListItem\",\"position\":2,\"name\":\"Network\"}]},{\"@type\":\"WebSite\",\"@id\":\"https:\/\/innovin.fr\/#website\",\"url\":\"https:\/\/innovin.fr\/\",\"name\":\"INNO'VIN\",\"description\":\"Innovation at the service of the wine industry\",\"potentialAction\":[{\"@type\":\"SearchAction\",\"target\":{\"@type\":\"EntryPoint\",\"urlTemplate\":\"https:\/\/innovin.fr\/?s={search_term_string}\"},\"query-input\":{\"@type\":\"PropertyValueSpecification\",\"valueRequired\":true,\"valueName\":\"search_term_string\"}}],\"inLanguage\":\"en-US\"}]}<\/script>\n<!-- \/ Yoast SEO plugin. -->","yoast_head_json":{"title":"Network | INNO'VIN","robots":{"index":"index","follow":"follow","max-snippet":"max-snippet:-1","max-image-preview":"max-image-preview:large","max-video-preview":"max-video-preview:-1"},"canonical":"https:\/\/innovin.fr\/en\/network\/","og_locale":"en_US","og_type":"article","og_title":"Network | INNO'VIN","og_description":"Le groupe Bacchus Regroupement informel des p\u00f4les et clusters fran\u00e7ais en lien avec le secteur vitivinicole dans les diff\u00e9rentes r\u00e9gions, le groupe Bacchus est n\u00e9 en 2018 \u00e0 l\u2019occasion du [&hellip;]","og_url":"https:\/\/innovin.fr\/en\/network\/","og_site_name":"INNO'VIN","article_modified_time":"2023-08-24T10:44:56+00:00","og_image":[{"width":1165,"height":204,"url":"https:\/\/innovin.fr\/wp-content\/uploads\/2023\/08\/banniere-reseau_new.png","type":"image\/png"}],"twitter_card":"summary_large_image","twitter_misc":{"Est. reading time":"1 minute"},"schema":{"@context":"https:\/\/schema.org","@graph":[{"@type":"WebPage","@id":"https:\/\/innovin.fr\/en\/network\/","url":"https:\/\/innovin.fr\/en\/network\/","name":"Network | INNO'VIN","isPartOf":{"@id":"https:\/\/innovin.fr\/#website"},"primaryImageOfPage":{"@id":"https:\/\/innovin.fr\/en\/network\/#primaryimage"},"image":{"@id":"https:\/\/innovin.fr\/en\/network\/#primaryimage"},"thumbnailUrl":"https:\/\/innovin.fr\/wp-content\/uploads\/2023\/08\/banniere-reseau_new.png","datePublished":"2023-08-24T10:10:12+00:00","dateModified":"2023-08-24T10:44:56+00:00","breadcrumb":{"@id":"https:\/\/innovin.fr\/en\/network\/#breadcrumb"},"inLanguage":"en-US","potentialAction":[{"@type":"ReadAction","target":["https:\/\/innovin.fr\/en\/network\/"]}]},{"@type":"ImageObject","inLanguage":"en-US","@id":"https:\/\/innovin.fr\/en\/network\/#primaryimage","url":"https:\/\/innovin.fr\/wp-content\/uploads\/2023\/08\/banniere-reseau_new.png","contentUrl":"https:\/\/innovin.fr\/wp-content\/uploads\/2023\/08\/banniere-reseau_new.png","width":1165,"height":204},{"@type":"BreadcrumbList","@id":"https:\/\/innovin.fr\/en\/network\/#breadcrumb","itemListElement":[{"@type":"ListItem","position":1,"name":"Accueil","item":"https:\/\/innovin.fr\/"},{"@type":"ListItem","position":2,"name":"Network"}]},{"@type":"WebSite","@id":"https:\/\/innovin.fr\/#website","url":"https:\/\/innovin.fr\/","name":"INNO'VIN","description":"Innovation at the service of the wine industry","potentialAction":[{"@type":"SearchAction","target":{"@type":"EntryPoint","urlTemplate":"https:\/\/innovin.fr\/?s={search_term_string}"},"query-input":{"@type":"PropertyValueSpecification","valueRequired":true,"valueName":"search_term_string"}}],"inLanguage":"en-US"}]}},"_links":{"self":[{"href":"https:\/\/innovin.fr\/en\/wp-json\/wp\/v2\/pages\/19941","targetHints":{"allow":["GET"]}}],"collection":[{"href":"https:\/\/innovin.fr\/en\/wp-json\/wp\/v2\/pages"}],"about":[{"href":"https:\/\/innovin.fr\/en\/wp-json\/wp\/v2\/types\/page"}],"author":[{"embeddable":true,"href":"https:\/\/innovin.fr\/en\/wp-json\/wp\/v2\/users\/874"}],"replies":[{"embeddable":true,"href":"https:\/\/innovin.fr\/en\/wp-json\/wp\/v2\/comments?post=19941"}],"version-history":[{"count":1,"href":"https:\/\/innovin.fr\/en\/wp-json\/wp\/v2\/pages\/19941\/revisions"}],"predecessor-version":[{"id":19968,"href":"https:\/\/innovin.fr\/en\/wp-json\/wp\/v2\/pages\/19941\/revisions\/19968"}],"wp:featuredmedia":[{"embeddable":true,"href":"https:\/\/innovin.fr\/en\/wp-json\/wp\/v2\/media\/19920"}],"wp:attachment":[{"href":"https:\/\/innovin.fr\/en\/wp-json\/wp\/v2\/media?parent=19941"}],"curies":[{"name":"wp","href":"https:\/\/api.w.org\/{rel}","templated":true}]}}