{"id":20018,"date":"2023-08-28T10:12:13","date_gmt":"2023-08-28T08:12:13","guid":{"rendered":"https:\/\/innovin.fr\/?page_id=20018"},"modified":"2023-08-28T10:21:28","modified_gmt":"2023-08-28T08:21:28","slug":"partners","status":"publish","type":"page","link":"https:\/\/innovin.fr\/en\/partners\/","title":{"rendered":"Partners"},"content":{"rendered":"<section class=\"kc-elm kc-css-800430 kc_row\"><div class=\"kc-row-container  kc-container\"><div class=\"kc-wrap-columns\"><div class=\"kc-elm kc-css-39222 kc_col-sm-12 kc_column kc_col-sm-12\"><div class=\"kc-col-container\"><div class=\"kc-elm kc-css-688384 kc_text_block\"><\/p>\n<style type=\"text\/css\"><\/style>\n<section class=\"kc-elm kc-css-2942304 kc_row\">\n<div class=\"kc-row-container kc-container\">\n<div class=\"kc-wrap-columns\">\n<div class=\"kc-elm kc-css-3967001 kc_col-sm-12 kc_column kc_col-sm-12\">\n<div class=\"kc-col-container\">\n<div class=\"kc-elm kc-css-2709782 kc_text_block\">\n<p><strong><span class=\"rouge_innonvin\" style=\"color: #c70909;\">Toujours au service de ses adh\u00e9rents, Inno\u2019vin entretient des liens collaboratifs et informationnels avec d\u2019autres structures sous forme de partenariats :<\/span><\/strong><\/p>\n<p><strong><span style=\"color: #000000;\">2ADI<img loading=\"lazy\" decoding=\"async\" style=\"margin-left: 50px; float: right;\" src=\"images\/stories\/logo\/logo-2adi.jpg\" alt=\"logo-2adi\" width=\"103\" height=\"49\" \/><\/span> <\/strong><\/p>\n<p><span class=\"gris_innonvin\">Agence Aquitaine de D\u00e9veloppement Industriel<a href=\"http:\/\/www.2adi.fr\/\" target=\"_blank\" rel=\"noopener noreferrer\"><br \/>\nwww.2adi.fr<\/a><\/span><\/p>\n<p><strong>ADEISO<img loading=\"lazy\" decoding=\"async\" style=\"float: right;\" src=\"images\/stories\/logo\/adeiso_logo2.gif\" alt=\"adeiso_logo2\" width=\"181\" height=\"55\" \/><\/strong><\/p>\n<p><span class=\"gris_innonvin\">Association pour le D\u00e9veloppement de l&#8217;Electronique et de l&#8217;Informatique dans le Sud Ouest<\/span><br \/>\n<a href=\"http:\/\/adeiso.com\" target=\"_blank\" rel=\"noopener noreferrer\">www.adeiso.com<\/a><\/p>\n<p><span style=\"color: #993366;\"><strong><span style=\"color: #000000;\">ALPhA &#8211; Route des Lasers<\/span><img loading=\"lazy\" decoding=\"async\" style=\"margin-left: 50px; float: right;\" src=\"images\/stories\/logo\/logo_route-des-lasers.jpg\" alt=\"logo_route-des-lasers\" width=\"118\" height=\"29\" \/><\/strong><\/span><\/p>\n<p><span class=\"gris_innonvin\">P\u00f4le de comp\u00e9titivit\u00e9 <em>Aquitaine Lasers Photoniques &amp; Applications<\/em><a href=\"http:\/\/www.routedeslasers.com\/\" target=\"_blank\" rel=\"noopener noreferrer\"><br \/>\nwww.routedeslasers.com<\/a><\/span><\/p>\n<p><strong><span style=\"color: #000000;\">Bordeaux Games<img loading=\"lazy\" decoding=\"async\" style=\"float: right;\" src=\"images\/stories\/logo\/Logo_Bordeaux_Games_BordeauxGames_web.jpg\" alt=\"Logo_Bordeaux_Games_BordeauxGames_web\" width=\"160\" height=\"29\" \/><\/span><\/strong><\/p>\n<p>Cluster girondins des entreprises de l&#8217;industrie du jeu vid\u00e9o<a href=\"http:\/\/www.bordeauxgames.com\/\" target=\"_blank\" rel=\"noopener noreferrer\"><br \/>\nwww.bordeauxgames.com<br \/>\n<\/a><\/p>\n<p><span style=\"color: #000000;\"><strong>Bordeaux Gironde Investissement <\/strong><\/span>:<img loading=\"lazy\" decoding=\"async\" style=\"margin-left: 50px; float: right;\" src=\"images\/stories\/logo\/logo_bordeaux-gironde-investissement.jpg\" alt=\"logo_bordeaux-gironde-investissement\" width=\"127\" height=\"48\" \/><\/p>\n<p><span class=\"gris_innonvin\"><a href=\"http:\/\/www.bordeaux-region.com\/\" target=\"_blank\" rel=\"noopener noreferrer\">www.bordeaux-region.com<\/a><\/span><\/p>\n<p><span style=\"color: #000000;\"><strong>CCI de Bordeaux<\/strong><\/span><img loading=\"lazy\" decoding=\"async\" style=\"margin-left: 50px; float: right;\" src=\"images\/stories\/logo\/logo_ccib.jpg\" alt=\"logo_ccib\" width=\"126\" height=\"53\" \/><\/p>\n<p><span class=\"gris_innonvin\"><em>Chambre de Commerce et d\u2019Industrie de Bordeaux<\/em><a href=\"http:\/\/www.bordeaux.cci.fr\/\" target=\"_blank\" rel=\"noopener noreferrer\"><br \/>\nwww.bordeaux.cci.fr<\/a><\/span><\/p>\n<p><span style=\"color: #000000;\"><strong>CCTV<\/strong><\/span><\/p>\n<p><span class=\"gris_innonvin\"><em>Centre Culturel et Touristique du Vin<\/em><img loading=\"lazy\" decoding=\"async\" style=\"margin-left: 50px; float: right;\" src=\"images\/stories\/logo\/logo_cctv.jpg\" alt=\"logo_cctv\" width=\"130\" height=\"26\" \/><a href=\"http:\/\/www.centreculturelduvin.com\/\" target=\"_blank\" rel=\"noopener noreferrer\"><br \/>\nwww.centreculturelduvin.com<\/a><\/span><\/p>\n<p><span style=\"color: #000000;\"><strong>F.INICIATIVAS<\/strong><\/span><img loading=\"lazy\" decoding=\"async\" style=\"float: right;\" src=\"http:\/\/www.f-iniciativas.fr\/wp-content\/themes\/f-iniciativas\/images\/logo.png\" alt=\"F.Iniciativas\" width=\"166\" height=\"47\" \/><\/p>\n<p><em>Conseil en financement de la R&amp;D<\/em><br \/>\n<a href=\"http:\/\/www.f-iniciativas.net\" target=\"_blank\" rel=\"noopener noreferrer\">www.f-iniciativas.net<\/a><\/p>\n<p><span style=\"color: #993366;\"><span style=\"color: #000000;\"><strong>Innovalis<\/strong><\/span><strong> <img loading=\"lazy\" decoding=\"async\" style=\"margin-left: 50px; float: right;\" src=\"images\/stories\/logo\/logo_innovalis.gif\" alt=\"logo_innovalis\" width=\"123\" height=\"46\" \/><\/strong><\/span><\/p>\n<p><span class=\"gris_innonvin\">Agence r\u00e9gionale de l\u2019innovation<a href=\"http:\/\/www.innovalis-aquitaine.org\/\" target=\"_blank\" rel=\"noopener noreferrer\"><br \/>\nwww.innovalis-aquitaine.org<\/a><\/span><\/p>\n<p><span style=\"color: #000000;\"><strong>Projet Raudin<\/strong><\/span><\/p>\n<p><span class=\"gris_innonvin\"><em>Recherches Aquitaine sur les Usages<img loading=\"lazy\" decoding=\"async\" style=\"margin-left: 50px; float: right;\" src=\"images\/stories\/logo\/logo_raudin.jpg\" alt=\"logo_raudin\" width=\"99\" height=\"51\" \/> pour le D\u00e9veloppement des Dispositifs Num\u00e9riques<\/em><a href=\"http:\/\/www.raudin.u-bordeaux3.fr\/\" target=\"_blank\" rel=\"noopener noreferrer\"><br \/>\nwww.raudin.u-bordeaux3.fr<\/a><\/span><\/p>\n<p><span style=\"color: #000000;\">\u00a0<\/span><\/p>\n<p><span style=\"color: #000000;\"><strong>Qualimed <\/strong><\/span><\/p>\n<p><span class=\"gris_innonvin\">P\u00f4le de comp\u00e9titivit\u00e9 Qualim\u00e9diterrann\u00e9e<img loading=\"lazy\" decoding=\"async\" style=\"margin-left: 50px; float: right;\" src=\"images\/stories\/logo\/logo_qualimed.png\" alt=\"logo_qualimed\" width=\"108\" height=\"58\" \/> sp\u00e9cialis\u00e9 dans l\u2019agro-technologie<a href=\"http:\/\/www.qualimediterranee.fr\/\" target=\"_blank\" rel=\"noopener noreferrer\"><br \/>\nwww.qualimediterranee.fr<\/a><\/span><\/p>\n<p><span style=\"color: #000000;\"><strong>Technopole Bordeaux Montesquieu<\/strong><\/span><\/p>\n<p><span class=\"gris_innonvin\">Eco technologies,<img loading=\"lazy\" decoding=\"async\" style=\"float: right;\" src=\"images\/stories\/logo-technopole-bordeaux-montesquieu-gris-petit.jpg\" alt=\"logo-technopole-bordeaux-montesquieu-gris-petit\" width=\"100\" height=\"31\" \/> biotechnologies et vitiviniculture<a href=\"http:\/\/www.cc-montesquieu.fr\/\" target=\"_blank\" rel=\"noopener noreferrer\"><br \/>\n<\/a><a href=\"http:\/\/www.technopole-bordeaux-montesquieu.fr\" target=\"_blank\" rel=\"noopener noreferrer\">www.technopole-bordeaux-montesquieu.fr<\/a><\/span><\/p>\n<p><span style=\"color: #000000;\"><strong>Technopole Bordeaux Technowest<\/strong><img loading=\"lazy\" decoding=\"async\" style=\"margin-left: 50px; float: right;\" src=\"images\/stories\/logo\/logo-technowest.jpg\" alt=\"logo-technowest\" width=\"121\" height=\"48\" \/><\/span><\/p>\n<p><span class=\"gris_innonvin\">A\u00e9ronautique, spatial et d\u00e9fense<a href=\"http:\/\/www.technowest.com\/\" target=\"_blank\" rel=\"noopener noreferrer\"><br \/>\nwww.technowest.com<\/a><\/span><\/p>\n<p><span style=\"color: #000000;\"><strong>Technopole Bordeaux Unitec<\/strong><\/span><img loading=\"lazy\" decoding=\"async\" style=\"margin-left: 50px; float: right;\" src=\"images\/stories\/logo\/logo-bordeaux-unitec.jpg\" alt=\"logo-bordeaux-unitec\" width=\"112\" height=\"79\" \/><\/p>\n<p><span class=\"gris_innonvin\">Accompagnement d&#8217;entreprises porteuses de projets innovants au sein de la Technopole Bordeaux Montesquieu<a href=\"http:\/\/www.bordeauxunitec.com\/\" target=\"_blank\" rel=\"noopener noreferrer\"><br \/>\nwww.bordeauxunitec.com<\/a><\/span><\/p>\n<p><span style=\"color: #c70909;\"><strong class=\"rouge_innonvin\">Par ailleurs, dans une logique de d\u00e9veloppement de la politique des clusters en France, et une strat\u00e9gie de coop\u00e9ration entre p\u00f4les d&#8217;innovation au niveau national, Inno&#8217;vin a rejoint le r\u00e9seau France Clusters :<\/strong><\/span><\/p>\n<p><span style=\"color: #ff0000;\"><strong><span style=\"color: #000000;\">France Cluster<\/span><span style=\"color: #000000;\"><img loading=\"lazy\" decoding=\"async\" style=\"margin-left: 50px; float: right;\" src=\"images\/stories\/logo\/logo_france-clusters.jpg\" alt=\"logo_france-clusters\" width=\"73\" height=\"77\" \/><br \/>\n<\/span><\/strong><\/span><\/p>\n<p><span class=\"gris_innonvin\">R\u00e9seau de clusters en France<br \/>\n<a href=\"http:\/\/www.franceclusters.fr\/\" target=\"_blank\" rel=\"noopener noreferrer\">www.franceclusters.fr<\/a><\/span><\/p>\n<\/div>\n<\/div>\n<\/div>\n<\/div>\n<\/div>\n<\/section>\n<p>\n<\/div><\/div><\/div><\/div><\/div><\/section>\n","protected":false},"excerpt":{"rendered":"","protected":false},"author":3701,"featured_media":14281,"parent":0,"menu_order":0,"comment_status":"closed","ping_status":"closed","template":"layouts\/page-partenaires.php","meta":{"_acf_changed":false,"footnotes":""},"class_list":["post-20018","page","type-page","status-publish","has-post-thumbnail","hentry"],"acf":[],"yoast_head":"<!-- This site is optimized with the Yoast SEO plugin v26.3 - https:\/\/yoast.com\/wordpress\/plugins\/seo\/ -->\n<title>Partners | INNO&#039;VIN<\/title>\n<meta name=\"robots\" content=\"index, follow, max-snippet:-1, max-image-preview:large, max-video-preview:-1\" \/>\n<link rel=\"canonical\" href=\"https:\/\/innovin.fr\/en\/partners\/\" \/>\n<meta property=\"og:locale\" content=\"en_US\" \/>\n<meta property=\"og:type\" content=\"article\" \/>\n<meta property=\"og:title\" content=\"Partners | INNO&#039;VIN\" \/>\n<meta property=\"og:description\" content=\"Toujours au service de ses adh\u00e9rents, Inno\u2019vin entretient des liens collaboratifs et informationnels avec d\u2019autres structures sous forme de partenariats : 2ADI Agence Aquitaine de D\u00e9veloppement Industriel www.2adi.fr ADEISO Association [&hellip;]\" \/>\n<meta property=\"og:url\" content=\"https:\/\/innovin.fr\/en\/partners\/\" \/>\n<meta property=\"og:site_name\" content=\"INNO&#039;VIN\" \/>\n<meta property=\"article:modified_time\" content=\"2023-08-28T08:21:28+00:00\" \/>\n<meta property=\"og:image\" content=\"https:\/\/innovin.fr\/wp-content\/uploads\/2021\/08\/banniere-partenaires-EN.png\" \/>\n\t<meta property=\"og:image:width\" content=\"2000\" \/>\n\t<meta property=\"og:image:height\" content=\"350\" \/>\n\t<meta property=\"og:image:type\" content=\"image\/png\" \/>\n<meta name=\"twitter:card\" content=\"summary_large_image\" \/>\n<meta name=\"twitter:label1\" content=\"Est. reading time\" \/>\n\t<meta name=\"twitter:data1\" content=\"1 minute\" \/>\n<script type=\"application\/ld+json\" class=\"yoast-schema-graph\">{\"@context\":\"https:\/\/schema.org\",\"@graph\":[{\"@type\":\"WebPage\",\"@id\":\"https:\/\/innovin.fr\/en\/partners\/\",\"url\":\"https:\/\/innovin.fr\/en\/partners\/\",\"name\":\"Partners | INNO'VIN\",\"isPartOf\":{\"@id\":\"https:\/\/innovin.fr\/#website\"},\"primaryImageOfPage\":{\"@id\":\"https:\/\/innovin.fr\/en\/partners\/#primaryimage\"},\"image\":{\"@id\":\"https:\/\/innovin.fr\/en\/partners\/#primaryimage\"},\"thumbnailUrl\":\"https:\/\/innovin.fr\/wp-content\/uploads\/2021\/08\/banniere-partenaires-EN.png\",\"datePublished\":\"2023-08-28T08:12:13+00:00\",\"dateModified\":\"2023-08-28T08:21:28+00:00\",\"breadcrumb\":{\"@id\":\"https:\/\/innovin.fr\/en\/partners\/#breadcrumb\"},\"inLanguage\":\"en-US\",\"potentialAction\":[{\"@type\":\"ReadAction\",\"target\":[\"https:\/\/innovin.fr\/en\/partners\/\"]}]},{\"@type\":\"ImageObject\",\"inLanguage\":\"en-US\",\"@id\":\"https:\/\/innovin.fr\/en\/partners\/#primaryimage\",\"url\":\"https:\/\/innovin.fr\/wp-content\/uploads\/2021\/08\/banniere-partenaires-EN.png\",\"contentUrl\":\"https:\/\/innovin.fr\/wp-content\/uploads\/2021\/08\/banniere-partenaires-EN.png\",\"width\":2000,\"height\":350},{\"@type\":\"BreadcrumbList\",\"@id\":\"https:\/\/innovin.fr\/en\/partners\/#breadcrumb\",\"itemListElement\":[{\"@type\":\"ListItem\",\"position\":1,\"name\":\"Accueil\",\"item\":\"https:\/\/innovin.fr\/\"},{\"@type\":\"ListItem\",\"position\":2,\"name\":\"Partners\"}]},{\"@type\":\"WebSite\",\"@id\":\"https:\/\/innovin.fr\/#website\",\"url\":\"https:\/\/innovin.fr\/\",\"name\":\"INNO'VIN\",\"description\":\"Innovation at the service of the wine industry\",\"potentialAction\":[{\"@type\":\"SearchAction\",\"target\":{\"@type\":\"EntryPoint\",\"urlTemplate\":\"https:\/\/innovin.fr\/?s={search_term_string}\"},\"query-input\":{\"@type\":\"PropertyValueSpecification\",\"valueRequired\":true,\"valueName\":\"search_term_string\"}}],\"inLanguage\":\"en-US\"}]}<\/script>\n<!-- \/ Yoast SEO plugin. -->","yoast_head_json":{"title":"Partners | INNO'VIN","robots":{"index":"index","follow":"follow","max-snippet":"max-snippet:-1","max-image-preview":"max-image-preview:large","max-video-preview":"max-video-preview:-1"},"canonical":"https:\/\/innovin.fr\/en\/partners\/","og_locale":"en_US","og_type":"article","og_title":"Partners | INNO'VIN","og_description":"Toujours au service de ses adh\u00e9rents, Inno\u2019vin entretient des liens collaboratifs et informationnels avec d\u2019autres structures sous forme de partenariats : 2ADI Agence Aquitaine de D\u00e9veloppement Industriel www.2adi.fr ADEISO Association [&hellip;]","og_url":"https:\/\/innovin.fr\/en\/partners\/","og_site_name":"INNO'VIN","article_modified_time":"2023-08-28T08:21:28+00:00","og_image":[{"width":2000,"height":350,"url":"https:\/\/innovin.fr\/wp-content\/uploads\/2021\/08\/banniere-partenaires-EN.png","type":"image\/png"}],"twitter_card":"summary_large_image","twitter_misc":{"Est. reading time":"1 minute"},"schema":{"@context":"https:\/\/schema.org","@graph":[{"@type":"WebPage","@id":"https:\/\/innovin.fr\/en\/partners\/","url":"https:\/\/innovin.fr\/en\/partners\/","name":"Partners | INNO'VIN","isPartOf":{"@id":"https:\/\/innovin.fr\/#website"},"primaryImageOfPage":{"@id":"https:\/\/innovin.fr\/en\/partners\/#primaryimage"},"image":{"@id":"https:\/\/innovin.fr\/en\/partners\/#primaryimage"},"thumbnailUrl":"https:\/\/innovin.fr\/wp-content\/uploads\/2021\/08\/banniere-partenaires-EN.png","datePublished":"2023-08-28T08:12:13+00:00","dateModified":"2023-08-28T08:21:28+00:00","breadcrumb":{"@id":"https:\/\/innovin.fr\/en\/partners\/#breadcrumb"},"inLanguage":"en-US","potentialAction":[{"@type":"ReadAction","target":["https:\/\/innovin.fr\/en\/partners\/"]}]},{"@type":"ImageObject","inLanguage":"en-US","@id":"https:\/\/innovin.fr\/en\/partners\/#primaryimage","url":"https:\/\/innovin.fr\/wp-content\/uploads\/2021\/08\/banniere-partenaires-EN.png","contentUrl":"https:\/\/innovin.fr\/wp-content\/uploads\/2021\/08\/banniere-partenaires-EN.png","width":2000,"height":350},{"@type":"BreadcrumbList","@id":"https:\/\/innovin.fr\/en\/partners\/#breadcrumb","itemListElement":[{"@type":"ListItem","position":1,"name":"Accueil","item":"https:\/\/innovin.fr\/"},{"@type":"ListItem","position":2,"name":"Partners"}]},{"@type":"WebSite","@id":"https:\/\/innovin.fr\/#website","url":"https:\/\/innovin.fr\/","name":"INNO'VIN","description":"Innovation at the service of the wine industry","potentialAction":[{"@type":"SearchAction","target":{"@type":"EntryPoint","urlTemplate":"https:\/\/innovin.fr\/?s={search_term_string}"},"query-input":{"@type":"PropertyValueSpecification","valueRequired":true,"valueName":"search_term_string"}}],"inLanguage":"en-US"}]}},"_links":{"self":[{"href":"https:\/\/innovin.fr\/en\/wp-json\/wp\/v2\/pages\/20018","targetHints":{"allow":["GET"]}}],"collection":[{"href":"https:\/\/innovin.fr\/en\/wp-json\/wp\/v2\/pages"}],"about":[{"href":"https:\/\/innovin.fr\/en\/wp-json\/wp\/v2\/types\/page"}],"author":[{"embeddable":true,"href":"https:\/\/innovin.fr\/en\/wp-json\/wp\/v2\/users\/3701"}],"replies":[{"embeddable":true,"href":"https:\/\/innovin.fr\/en\/wp-json\/wp\/v2\/comments?post=20018"}],"version-history":[{"count":1,"href":"https:\/\/innovin.fr\/en\/wp-json\/wp\/v2\/pages\/20018\/revisions"}],"predecessor-version":[{"id":20028,"href":"https:\/\/innovin.fr\/en\/wp-json\/wp\/v2\/pages\/20018\/revisions\/20028"}],"wp:featuredmedia":[{"embeddable":true,"href":"https:\/\/innovin.fr\/en\/wp-json\/wp\/v2\/media\/14281"}],"wp:attachment":[{"href":"https:\/\/innovin.fr\/en\/wp-json\/wp\/v2\/media?parent=20018"}],"curies":[{"name":"wp","href":"https:\/\/api.w.org\/{rel}","templated":true}]}}