{"id":9915,"date":"2021-03-24T10:55:48","date_gmt":"2021-03-24T09:55:48","guid":{"rendered":"https:\/\/innovin.fr\/?page_id=9915"},"modified":"2023-08-24T12:22:44","modified_gmt":"2023-08-24T10:22:44","slug":"lequipe-en","status":"publish","type":"page","link":"https:\/\/innovin.fr\/en\/lequipe-en\/","title":{"rendered":"Team"},"content":{"rendered":"<p><section class=\"kc-elm kc-css-951524 kc_row\"><div class=\"kc-row-container  kc-container\"><div class=\"kc-wrap-columns\"><div class=\"kc-elm kc-css-495254 kc_col-sm-12 kc_column kc_col-sm-12\"><div class=\"kc-col-container\"><div class=\"kc-elm kc-css-726684\" style=\"height: 30px; clear: both; width:100%;\"><\/div><\/div><\/div><\/div><\/div><\/section><section class=\"kc-elm kc-css-730835 kc_row\"><div class=\"kc-row-container  kc-container\"><div class=\"kc-wrap-columns\"><div class=\"kc-elm kc-css-26506 kc_col-sm-4 kc_column kc_col-sm-4\"><div class=\"kc-col-container\"><div class=\"kc-elm kc-css-780037 kc_box_wrap \"><div class=\"uk-overlay\"><div class=\"one-one\"><a class=\"uk-thumbnail uk-overlay-toggle\" href=\"https:\/\/innovin.fr\/lequipe\/gilles-brianceau\/\"><figure class=\"uk-overlay uk-overlay-hover\"><img decoding=\"async\" src=\"https:\/\/innovin.fr\/wp-content\/uploads\/2020\/12\/2020_10_Innovin_Portrait_236_CarreNB-300x300.jpeg\"\/><img decoding=\"async\" class=\"uk-overlay-panel uk-overlay-image\" src=\"https:\/\/innovin.fr\/wp-content\/uploads\/2020\/12\/2020_10_Innovin_Portrait_204_Carre-300x300.jpeg\"\/><\/figure><h4 style=\"text-align: center;\"><strong><span style=\"color: #ce1247;\"><text>Gilles Brianceau<\/text><\/span><\/strong><text><br><\/text><span style=\"color: #444444;\"><em><text>Directeur<\/text><\/em><\/span><\/h4><\/a><\/div><\/div><\/div><\/div><\/div><div class=\"kc-elm kc-css-401700 kc_col-sm-4 kc_column kc_col-sm-4\"><div class=\"kc-col-container\"><div class=\"kc-elm kc-css-458340 kc_box_wrap \"><div class=\"uk-overlay\"><div class=\"one-one\"><a class=\"uk-thumbnail uk-overlay-toggle\" href=\"https:\/\/innovin.fr\/lequipe\/thomas-rospars\/\"><figure class=\"uk-overlay uk-overlay-hover\"><img decoding=\"async\" src=\"https:\/\/innovin.fr\/wp-content\/uploads\/2020\/12\/2020_10_Innovin_Portrait_125_CarreNB-300x300.jpeg\"\/><img decoding=\"async\" class=\"uk-overlay-panel uk-overlay-image\" src=\"https:\/\/innovin.fr\/wp-content\/uploads\/2020\/12\/2020_10_Innovin_Portrait_151_Carre-300x300.jpeg\"\/><\/figure><h4 style=\"text-align: center;\"><strong><span style=\"color: #ce1247;\"><text>Thomas Rospars<\/text><\/span><\/strong><text><br><\/text><span style=\"color: #444444;\"><em><text>Charg\u00e9 de projets<\/text><\/em><\/span><\/h4><\/a><\/div><\/div><\/div><div class=\"kc-elm kc-css-102243\" style=\"height: 30px; clear: both; width:100%;\"><\/div><\/div><\/div><div class=\"kc-elm kc-css-90428 kc_col-sm-4 kc_column kc_col-sm-4\"><div class=\"kc-col-container\"><div class=\"kc-elm kc-css-667961 kc_box_wrap \"><div class=\"uk-overlay\"><div class=\"one-one\"><a class=\"uk-thumbnail uk-overlay-toggle\" href=\"https:\/\/innovin.fr\/lequipe\/maeva-breuil\/\"><figure class=\"uk-overlay uk-overlay-hover\"><img decoding=\"async\" src=\"https:\/\/innovin.fr\/wp-content\/uploads\/2020\/12\/2020_10_Innovin_Portrait_066_CarreNB_bis-300x300.png\"\/><img decoding=\"async\" class=\"uk-overlay-panel uk-overlay-image\" src=\"https:\/\/innovin.fr\/wp-content\/uploads\/2020\/12\/2020_10_Innovin_Portrait_059_Carre-300x300.jpeg\"\/><\/figure><h4 style=\"text-align: center;\"><strong><span style=\"color: #ce1247;\"><text>Ma\u00ebva Breuil<\/text><\/span><\/strong><text><br><\/text><span style=\"color: #444444;\"><em><text>Charg\u00e9e de projets et d\u2019animation<\/text><\/em><\/span><\/h4><\/a><\/div><\/div><\/div><\/div><\/div><\/div><\/div><\/section><section class=\"kc-elm kc-css-459225 kc_row\"><div class=\"kc-row-container  kc-container\"><div class=\"kc-wrap-columns\"><div class=\"kc-elm kc-css-899477 kc_col-sm-4 kc_column kc_col-sm-4\"><div class=\"kc-col-container\"><div class=\"kc-elm kc-css-584889 kc_box_wrap \"><div class=\"uk-overlay\"><div class=\"one-one\"><a class=\"uk-thumbnail uk-overlay-toggle\" href=\"https:\/\/innovin.fr\/lequipe\/claire-moras\/\"><figure class=\"uk-overlay uk-overlay-hover\"><img decoding=\"async\" src=\"https:\/\/innovin.fr\/wp-content\/uploads\/2020\/12\/2020_10_Innovin_Portrait_003_Carre_NB_bis-300x300.png\"\/><img decoding=\"async\" class=\"uk-overlay-panel uk-overlay-image\" src=\"https:\/\/innovin.fr\/wp-content\/uploads\/2020\/12\/2020_10_Innovin_Portrait_018_Carre_bis-300x300.png\"\/><\/figure><h4 style=\"text-align: center;\"><strong><span style=\"color: #ce1247;\"><text>Claire Moras<\/text><\/span><\/strong><text><br><\/text><span style=\"color: #444444;\"><em><text>Charg\u00e9e d'animation et de communication<\/text><\/em><\/span><\/h4><\/a><\/div><\/div><\/div><\/div><\/div><div class=\"kc-elm kc-css-946138 kc_col-sm-4 kc_column kc_col-sm-4\"><div class=\"kc-col-container\"><div class=\"kc-elm kc-css-899625\" style=\"height: 30px; clear: both; width:100%;\"><\/div><\/div><\/div><div class=\"kc-elm kc-css-291896 kc_col-sm-4 kc_column kc_col-sm-4\"><div class=\"kc-col-container\"><\/div><\/div><\/div><\/div><\/section><section class=\"kc-elm kc-css-462007 kc_row\"><div class=\"kc-row-container  kc-container\"><div class=\"kc-wrap-columns\"><div class=\"kc-elm kc-css-100501 kc_col-sm-4 kc_column kc_col-sm-4\"><div class=\"kc-col-container\"><div class=\"kc-elm kc-css-253290 kc_box_wrap \"><div class=\"uk-overlay\"><div class=\"one-one\"><a class=\"uk-thumbnail uk-overlay-toggle\" href=\"https:\/\/innovin.fr\/lequipe\/ines-rabault\/\"><figure class=\"uk-overlay uk-overlay-hover\"><img decoding=\"async\" src=\"https:\/\/innovin.fr\/wp-content\/uploads\/2020\/12\/2020_10_Innovin_Portrait_435_CarreNB-300x300.jpeg\"\/><img decoding=\"async\" class=\"uk-overlay-panel uk-overlay-image\" src=\"https:\/\/innovin.fr\/wp-content\/uploads\/2020\/12\/2020_10_Innovin_Portrait_402_Carre-300x300.jpeg\"\/><\/figure><h4 style=\"text-align: center;\"><font color=\"#ce1247\"><span style=\"caret-color: rgb(206, 18, 71);\"><text>In\u00e8s Rabault&nbsp;<\/text><\/span><\/font><text><br><\/text><span style=\"color: #444444;\"><em><text>Charg\u00e9e d\u2019animation et de communication<\/text><\/em><\/span><\/h4><\/a><\/div><\/div><\/div><\/div><\/div><div class=\"kc-elm kc-css-180160 kc_col-sm-4 kc_column kc_col-sm-4\"><div class=\"kc-col-container\"><div class=\"kc-elm kc-css-663260\" style=\"height: 30px; clear: both; width:100%;\"><\/div><\/div><\/div><div class=\"kc-elm kc-css-572504 kc_col-sm-4 kc_column kc_col-sm-4\"><div class=\"kc-col-container\"><\/div><\/div><\/div><\/div><\/section><section class=\"kc-elm kc-css-234138 kc_row\"><div class=\"kc-row-container  kc-container\"><div class=\"kc-wrap-columns\"><div class=\"kc-elm kc-css-894483 kc_col-sm-12 kc_column kc_col-sm-12\"><div class=\"kc-col-container\"><div class=\"kc-elm kc-css-102417\" style=\"height: 30px; clear: both; width:100%;\"><\/div><div class=\"kc-elm kc-css-321025 kc_shortcode kc_single_image\">\n\n        <img decoding=\"async\" src=\"https:\/\/innovin.fr\/wp-content\/uploads\/2020\/12\/2020_10_Innovin_Portrait_493_NB.png\" class=\"\" alt=\"\" \/>    <\/div>\n<\/div><\/div><\/div><\/div><\/section><\/p>\n","protected":false},"excerpt":{"rendered":"","protected":false},"author":3701,"featured_media":14278,"parent":0,"menu_order":0,"comment_status":"closed","ping_status":"closed","template":"","meta":{"_acf_changed":false,"footnotes":""},"class_list":["post-9915","page","type-page","status-publish","has-post-thumbnail","hentry"],"acf":[],"yoast_head":"<!-- This site is optimized with the Yoast SEO plugin v26.3 - https:\/\/yoast.com\/wordpress\/plugins\/seo\/ -->\n<title>Team | INNO&#039;VIN<\/title>\n<meta name=\"robots\" content=\"index, follow, max-snippet:-1, max-image-preview:large, max-video-preview:-1\" \/>\n<link rel=\"canonical\" href=\"https:\/\/innovin.fr\/en\/lequipe-en\/\" \/>\n<meta property=\"og:locale\" content=\"en_US\" \/>\n<meta property=\"og:type\" content=\"article\" \/>\n<meta property=\"og:title\" content=\"Team | INNO&#039;VIN\" \/>\n<meta property=\"og:description\" content=\"Gilles BrianceauDirecteur Thomas RosparsCharg\u00e9 de projets Ma\u00ebva BreuilCharg\u00e9e de projets et d\u2019animation Claire MorasCharg\u00e9e d&#8217;animation et de communication In\u00e8s Rabault&nbsp;Charg\u00e9e d\u2019animation et de communication\" \/>\n<meta property=\"og:url\" content=\"https:\/\/innovin.fr\/en\/lequipe-en\/\" \/>\n<meta property=\"og:site_name\" content=\"INNO&#039;VIN\" \/>\n<meta property=\"article:modified_time\" content=\"2023-08-24T10:22:44+00:00\" \/>\n<meta property=\"og:image\" content=\"https:\/\/innovin.fr\/wp-content\/uploads\/2021\/08\/banniere-equipe-EN.png\" \/>\n\t<meta property=\"og:image:width\" content=\"2000\" \/>\n\t<meta property=\"og:image:height\" content=\"350\" \/>\n\t<meta property=\"og:image:type\" content=\"image\/png\" \/>\n<meta name=\"twitter:card\" content=\"summary_large_image\" \/>\n<meta name=\"twitter:label1\" content=\"Est. reading time\" \/>\n\t<meta name=\"twitter:data1\" content=\"1 minute\" \/>\n<script type=\"application\/ld+json\" class=\"yoast-schema-graph\">{\"@context\":\"https:\/\/schema.org\",\"@graph\":[{\"@type\":\"WebPage\",\"@id\":\"https:\/\/innovin.fr\/en\/lequipe-en\/\",\"url\":\"https:\/\/innovin.fr\/en\/lequipe-en\/\",\"name\":\"Team | INNO'VIN\",\"isPartOf\":{\"@id\":\"https:\/\/innovin.fr\/#website\"},\"primaryImageOfPage\":{\"@id\":\"https:\/\/innovin.fr\/en\/lequipe-en\/#primaryimage\"},\"image\":{\"@id\":\"https:\/\/innovin.fr\/en\/lequipe-en\/#primaryimage\"},\"thumbnailUrl\":\"https:\/\/innovin.fr\/wp-content\/uploads\/2021\/08\/banniere-equipe-EN.png\",\"datePublished\":\"2021-03-24T09:55:48+00:00\",\"dateModified\":\"2023-08-24T10:22:44+00:00\",\"breadcrumb\":{\"@id\":\"https:\/\/innovin.fr\/en\/lequipe-en\/#breadcrumb\"},\"inLanguage\":\"en-US\",\"potentialAction\":[{\"@type\":\"ReadAction\",\"target\":[\"https:\/\/innovin.fr\/en\/lequipe-en\/\"]}]},{\"@type\":\"ImageObject\",\"inLanguage\":\"en-US\",\"@id\":\"https:\/\/innovin.fr\/en\/lequipe-en\/#primaryimage\",\"url\":\"https:\/\/innovin.fr\/wp-content\/uploads\/2021\/08\/banniere-equipe-EN.png\",\"contentUrl\":\"https:\/\/innovin.fr\/wp-content\/uploads\/2021\/08\/banniere-equipe-EN.png\",\"width\":2000,\"height\":350},{\"@type\":\"BreadcrumbList\",\"@id\":\"https:\/\/innovin.fr\/en\/lequipe-en\/#breadcrumb\",\"itemListElement\":[{\"@type\":\"ListItem\",\"position\":1,\"name\":\"Accueil\",\"item\":\"https:\/\/innovin.fr\/\"},{\"@type\":\"ListItem\",\"position\":2,\"name\":\"Team\"}]},{\"@type\":\"WebSite\",\"@id\":\"https:\/\/innovin.fr\/#website\",\"url\":\"https:\/\/innovin.fr\/\",\"name\":\"INNO'VIN\",\"description\":\"Innovation at the service of the wine industry\",\"potentialAction\":[{\"@type\":\"SearchAction\",\"target\":{\"@type\":\"EntryPoint\",\"urlTemplate\":\"https:\/\/innovin.fr\/?s={search_term_string}\"},\"query-input\":{\"@type\":\"PropertyValueSpecification\",\"valueRequired\":true,\"valueName\":\"search_term_string\"}}],\"inLanguage\":\"en-US\"}]}<\/script>\n<!-- \/ Yoast SEO plugin. -->","yoast_head_json":{"title":"Team | INNO'VIN","robots":{"index":"index","follow":"follow","max-snippet":"max-snippet:-1","max-image-preview":"max-image-preview:large","max-video-preview":"max-video-preview:-1"},"canonical":"https:\/\/innovin.fr\/en\/lequipe-en\/","og_locale":"en_US","og_type":"article","og_title":"Team | INNO'VIN","og_description":"Gilles BrianceauDirecteur Thomas RosparsCharg\u00e9 de projets Ma\u00ebva BreuilCharg\u00e9e de projets et d\u2019animation Claire MorasCharg\u00e9e d&#8217;animation et de communication In\u00e8s Rabault&nbsp;Charg\u00e9e d\u2019animation et de communication","og_url":"https:\/\/innovin.fr\/en\/lequipe-en\/","og_site_name":"INNO'VIN","article_modified_time":"2023-08-24T10:22:44+00:00","og_image":[{"width":2000,"height":350,"url":"https:\/\/innovin.fr\/wp-content\/uploads\/2021\/08\/banniere-equipe-EN.png","type":"image\/png"}],"twitter_card":"summary_large_image","twitter_misc":{"Est. reading time":"1 minute"},"schema":{"@context":"https:\/\/schema.org","@graph":[{"@type":"WebPage","@id":"https:\/\/innovin.fr\/en\/lequipe-en\/","url":"https:\/\/innovin.fr\/en\/lequipe-en\/","name":"Team | INNO'VIN","isPartOf":{"@id":"https:\/\/innovin.fr\/#website"},"primaryImageOfPage":{"@id":"https:\/\/innovin.fr\/en\/lequipe-en\/#primaryimage"},"image":{"@id":"https:\/\/innovin.fr\/en\/lequipe-en\/#primaryimage"},"thumbnailUrl":"https:\/\/innovin.fr\/wp-content\/uploads\/2021\/08\/banniere-equipe-EN.png","datePublished":"2021-03-24T09:55:48+00:00","dateModified":"2023-08-24T10:22:44+00:00","breadcrumb":{"@id":"https:\/\/innovin.fr\/en\/lequipe-en\/#breadcrumb"},"inLanguage":"en-US","potentialAction":[{"@type":"ReadAction","target":["https:\/\/innovin.fr\/en\/lequipe-en\/"]}]},{"@type":"ImageObject","inLanguage":"en-US","@id":"https:\/\/innovin.fr\/en\/lequipe-en\/#primaryimage","url":"https:\/\/innovin.fr\/wp-content\/uploads\/2021\/08\/banniere-equipe-EN.png","contentUrl":"https:\/\/innovin.fr\/wp-content\/uploads\/2021\/08\/banniere-equipe-EN.png","width":2000,"height":350},{"@type":"BreadcrumbList","@id":"https:\/\/innovin.fr\/en\/lequipe-en\/#breadcrumb","itemListElement":[{"@type":"ListItem","position":1,"name":"Accueil","item":"https:\/\/innovin.fr\/"},{"@type":"ListItem","position":2,"name":"Team"}]},{"@type":"WebSite","@id":"https:\/\/innovin.fr\/#website","url":"https:\/\/innovin.fr\/","name":"INNO'VIN","description":"Innovation at the service of the wine industry","potentialAction":[{"@type":"SearchAction","target":{"@type":"EntryPoint","urlTemplate":"https:\/\/innovin.fr\/?s={search_term_string}"},"query-input":{"@type":"PropertyValueSpecification","valueRequired":true,"valueName":"search_term_string"}}],"inLanguage":"en-US"}]}},"_links":{"self":[{"href":"https:\/\/innovin.fr\/en\/wp-json\/wp\/v2\/pages\/9915","targetHints":{"allow":["GET"]}}],"collection":[{"href":"https:\/\/innovin.fr\/en\/wp-json\/wp\/v2\/pages"}],"about":[{"href":"https:\/\/innovin.fr\/en\/wp-json\/wp\/v2\/types\/page"}],"author":[{"embeddable":true,"href":"https:\/\/innovin.fr\/en\/wp-json\/wp\/v2\/users\/3701"}],"replies":[{"embeddable":true,"href":"https:\/\/innovin.fr\/en\/wp-json\/wp\/v2\/comments?post=9915"}],"version-history":[{"count":11,"href":"https:\/\/innovin.fr\/en\/wp-json\/wp\/v2\/pages\/9915\/revisions"}],"predecessor-version":[{"id":19947,"href":"https:\/\/innovin.fr\/en\/wp-json\/wp\/v2\/pages\/9915\/revisions\/19947"}],"wp:featuredmedia":[{"embeddable":true,"href":"https:\/\/innovin.fr\/en\/wp-json\/wp\/v2\/media\/14278"}],"wp:attachment":[{"href":"https:\/\/innovin.fr\/en\/wp-json\/wp\/v2\/media?parent=9915"}],"curies":[{"name":"wp","href":"https:\/\/api.w.org\/{rel}","templated":true}]}}